{"id":112,"date":"2020-06-14T12:22:45","date_gmt":"2020-06-14T12:22:45","guid":{"rendered":"https:\/\/advantagedentalchicago.com\/?page_id=112"},"modified":"2020-06-16T20:45:05","modified_gmt":"2020-06-16T20:45:05","slug":"cosmetic-dentistry","status":"publish","type":"page","link":"https:\/\/advantagedentalchicago.com\/es\/chicago-dental-services\/cosmetic-dentistry\/","title":{"rendered":"Odontolog\u00eda cosmetica"},"content":{"rendered":"<div class=\"vce-row-container\"><div class=\"vce-row vce-row--col-gap-30 vce-row-columns--top vce-row-content--top\" id=\"el-7b47c04b\" data-vce-do-apply=\"all el-7b47c04b\"><div class=\"vce-content-background-container\"><\/div><div class=\"vce-row-content\" data-vce-element-content=\"true\"><div class=\"vce-col vce-col--md-auto vce-col--xs-1 vce-col--xs-last vce-col--xs-first vce-col--sm-last vce-col--sm-first vce-col--md-last vce-col--lg-last vce-col--xl-last vce-col--md-first vce-col--lg-first vce-col--xl-first\" id=\"el-7ffac024\"><div class=\"vce-col-inner\" data-vce-do-apply=\"border margin background  el-7ffac024\"><div class=\"vce-col-content\" data-vce-element-content=\"true\" data-vce-do-apply=\"padding el-7ffac024\"><div class=\"vce-text-block\"><div class=\"vce-text-block-wrapper vce\" id=\"el-c8206c90\" data-vce-do-apply=\"all el-c8206c90\"><h2><span style=\"font-size: 34pt;\"><strong style=\"\/* font-size: 45px;\">Odontolog\u00eda cosmetica<\/strong><\/span><\/h2><p>Advantage Dental Care ofrece una gama de tratamientos est\u00e1ndar para la salud e higiene bucal. Desde blanqueamiento de dientes hasta aparatos dentales asequibles, nuestro equipo de dentistas cosm\u00e9ticos expertos est\u00e1 all\u00ed para educar a los pacientes sobre su salud dental y la calidad de la entrega, atenci\u00f3n dental familiar asequible en todo el centro de Chicago y el \u00e1rea metropolitana.<\/p><\/div><\/div><div class=\"vce-button--style-basic-container vce-button--style-basic-container--align-left\"><span class=\"vce-button--style-basic-wrapper vce\" id=\"el-d7f69cc3\" data-vce-do-apply=\"margin el-d7f69cc3\"><a class=\"vce-button--style-basic vce-button--style-basic--border-round vce-button--style-basic--size-medium vce-button--style-basic--color-b-23-80-147--fff vce-button--style-basic--hover-color-b-12-51-72--fff\" href=\"https:\/\/advantagedentalchicago.com\/es\/schedule-an-appointment\/\" title=\"\" data-vce-do-apply=\"padding border background  el-d7f69cc3\">PROGRAMAR UNA CONSULTA HOY<\/a><\/span><\/div><\/div><\/div><\/div><\/div><\/div><\/div><div class=\"vce-row-container\"><div class=\"vce-row vce-row--col-gap-30 vce-row-columns--top vce-row-content--top\" id=\"el-903a9bbf\" data-vce-do-apply=\"all el-903a9bbf\"><div class=\"vce-content-background-container\"><\/div><div class=\"vce-row-content\" data-vce-element-content=\"true\"><div class=\"vce-col vce-col--md-auto vce-col--xs-1 vce-col--xs-last vce-col--xs-first vce-col--sm-last vce-col--sm-first vce-col--md-last vce-col--lg-last vce-col--xl-last vce-col--md-first vce-col--lg-first vce-col--xl-first\" id=\"el-f691f1b7\"><div class=\"vce-col-inner\" data-vce-do-apply=\"border margin background  el-f691f1b7\"><div class=\"vce-col-content\" data-vce-element-content=\"true\" data-vce-do-apply=\"padding el-f691f1b7\"><div class=\"vce-text-block\"><div class=\"vce-text-block-wrapper vce\" id=\"el-fc09506f\" data-vce-do-apply=\"all el-fc09506f\"><h2><span style=\"font-size: 34pt;\"><strong style=\"\/* font-size: 45px;\">Blanqueamiento dental<\/strong><\/span><\/h2><p>Los kits profesionales de blanqueamiento de dientes para llevar a casa disponibles con su dentista contienen una alta concentraci\u00f3n de per\u00f3xido de hidr\u00f3geno o per\u00f3xido de carbamida y brindan excelentes resultados en 1 a 2 semanas de uso prescrito. Las bandejas a medida mantienen la soluci\u00f3n blanqueadora en la superficie del diente a blanquear. Se toman impresiones de sus dientes superiores e inferiores y se env\u00edan al laboratorio dental para hacer sus cubetas. Normalmente, el laboratorio dental tardar\u00e1 de 1 a 2 semanas en fabricar sus bandejas. El tono inicial de sus dientes se registra en su cuadro dental para compararlos cuando se completa el blanqueamiento. Se programar\u00e1 una cita para mostrarle c\u00f3mo dispensar la soluci\u00f3n blanqueadora de dientes en las bandejas y darle instrucciones detalladas a seguir. El blanqueamiento dental para llevar a casa se usa t\u00edpicamente una hora al d\u00eda durante dos semanas, y puede usarse para aplicaciones de retoque a partir de entonces. Los tiempos de blanqueamiento suelen ser de 2 semanas, pero pueden ser m\u00e1s largos para aquellos con manchas m\u00e1s oscuras.<\/p><\/div><\/div><div class=\"vce-single-image-container vce-single-image--align-center\"><div class=\"vce vce-single-image-wrapper\" id=\"el-40ede20c\" data-vce-do-apply=\"all el-40ede20c\"><figure><div class=\"vce-single-image-inner vce-single-image--absolute\" style=\"padding-bottom: 137.995%; width: 379px;\"><img decoding=\"async\" class=\"vce-single-image\" src=\"https:\/\/advantagedentalchicago.com\/wp-content\/uploads\/2020\/06\/before-and-after-teeth-whitening.jpg\" data-img-src=\"https:\/\/advantagedentalchicago.com\/wp-content\/uploads\/2020\/06\/before-and-after-teeth-whitening.jpg\" alt=\"\" title=\"blanqueamiento dental antes y despu\u00e9s\"><\/div><figcaption hidden=\"\"><\/figcaption><\/figure><\/div><\/div><\/div><\/div><\/div><\/div><\/div><\/div><div class=\"vce-row-container\"><div class=\"vce-row vce-row--col-gap-30 vce-row-columns--top vce-row-content--top\" id=\"el-ff3b41c7\" data-vce-do-apply=\"all el-ff3b41c7\"><div class=\"vce-content-background-container\"><\/div><div class=\"vce-row-content\" data-vce-element-content=\"true\"><div class=\"vce-col vce-col--md-auto vce-col--xs-1 vce-col--xs-last vce-col--xs-first vce-col--sm-last vce-col--sm-first vce-col--md-last vce-col--lg-last vce-col--xl-last vce-col--md-first vce-col--lg-first vce-col--xl-first\" id=\"el-7aa31cef\"><div class=\"vce-col-inner\" data-vce-do-apply=\"border margin background  el-7aa31cef\"><div class=\"vce-col-content\" data-vce-element-content=\"true\" data-vce-do-apply=\"padding el-7aa31cef\"><div class=\"vce-text-block\"><div class=\"vce-text-block-wrapper vce\" id=\"el-28b0b88f\" data-vce-do-apply=\"all el-28b0b88f\"><h2><span style=\"font-size: 34pt;\"><strong style=\"\/* font-size: 45px;\">Implantes dentales<\/strong><\/span><\/h2><p>Los implantes dentales son la mejor opci\u00f3n para reemplazar los dientes perdidos. Est\u00e1n anclados en tu boca y son permanentes. A diferencia de los puentes, no es necesario preparar ni afeitar los dientes. Un implante consta de 3 partes. Primero, el implante se coloca quir\u00fargicamente en la mand\u00edbula. 3-4 meses despu\u00e9s, se coloca un pilar encima del implante y finalmente se cementa una corona encima. Los implantes son una excelente opci\u00f3n para uno o varios dientes faltantes para garantizar que su sonrisa sea la mejor.<\/p><\/div><\/div><\/div><\/div><\/div><\/div><\/div><\/div><div class=\"vce-row-container\"><div class=\"vce-row vce-row--col-gap-30 vce-row-columns--top vce-row-content--top\" id=\"el-76be3ac4\" data-vce-do-apply=\"all el-76be3ac4\"><div class=\"vce-content-background-container\"><\/div><div class=\"vce-row-content\" data-vce-element-content=\"true\"><div class=\"vce-col vce-col--md-auto vce-col--xs-1 vce-col--xs-last vce-col--xs-first vce-col--sm-last vce-col--sm-first vce-col--md-last vce-col--lg-last vce-col--xl-last vce-col--md-first vce-col--lg-first vce-col--xl-first\" id=\"el-8af49a21\"><div class=\"vce-col-inner\" data-vce-do-apply=\"border margin background  el-8af49a21\"><div class=\"vce-col-content\" data-vce-element-content=\"true\" data-vce-do-apply=\"padding el-8af49a21\"><div class=\"vce-text-block\"><div class=\"vce-text-block-wrapper vce\" id=\"el-c5a2c9aa\" data-vce-do-apply=\"all el-c5a2c9aa\"><h2><span style=\"font-size: 34pt;\"><strong style=\"\/* font-size: 45px;\">Tirantes<\/strong><\/span><\/h2><p>Los aparatos ortop\u00e9dicos se utilizan para alinear y enderezar los dientes y ayudar a colocarlos con respecto a la mordida de una persona, al mismo tiempo que trabajan para mejorar la salud dental. A menudo se utilizan para corregir submordidas, as\u00ed como maloclusiones, sobremordidas, mordidas cruzadas, mordidas abiertas, mordidas profundas, dientes torcidos y varios otros defectos de los dientes y la mand\u00edbula. Los aparatos ortop\u00e9dicos pueden ser cosm\u00e9ticos o estructurales. Los aparatos dentales se utilizan a menudo junto con otros aparatos de ortodoncia para ayudar a ensanchar el paladar o las mand\u00edbulas y para ayudar a dar forma a los dientes y las mand\u00edbulas.<\/p><\/div><\/div><div class=\"vce-single-image-container vce-single-image--align-center\"><div class=\"vce vce-single-image-wrapper\" id=\"el-1faa8fee\" data-vce-do-apply=\"all el-1faa8fee\"><figure><div class=\"vce-single-image-inner vce-single-image--absolute\" style=\"padding-bottom: 64%; width: 450px;\"><img decoding=\"async\" class=\"vce-single-image\" src=\"https:\/\/advantagedentalchicago.com\/wp-content\/uploads\/2020\/06\/teeth-braces-before-and-after.jpg\" data-img-src=\"https:\/\/advantagedentalchicago.com\/wp-content\/uploads\/2020\/06\/teeth-braces-before-and-after.jpg\" alt=\"\" title=\"aparatos-dientes-antes-y-despues\"><\/div><figcaption hidden=\"\"><\/figcaption><\/figure><\/div><\/div><div class=\"vce-button--style-basic-container vce-button--style-basic-container--align-left\"><span class=\"vce-button--style-basic-wrapper vce\" id=\"el-ca6c4a6b\" data-vce-do-apply=\"margin el-ca6c4a6b\"><a class=\"vce-button--style-basic vce-button--style-basic--border-round vce-button--style-basic--size-medium vce-button--style-basic--color-b-23-80-147--fff vce-button--style-basic--hover-color-b-12-51-72--fff\" href=\"https:\/\/advantagedentalchicago.com\/es\/schedule-an-appointment\/\" title=\"\" data-vce-do-apply=\"padding border background  el-ca6c4a6b\">PROGRAMAR UNA CONSULTA HOY<\/a><\/span><\/div><\/div><\/div><\/div><\/div><\/div><\/div>","protected":false},"excerpt":{"rendered":"<p>Cosmetic DentistryAdvantage Dental Care offers a range of standard treatments for oral health and hygiene. From teeth whitening to affordable braces, our team of expert cosmetic dentists are there to educate patients on their dental health and delivery quality, affordable family dental care across the Chicago downtown and metropolitan area.SCHEDULE A CONSULTATION TODAYTeeth WhiteningProfessional take-home [&hellip;]<\/p>\n","protected":false},"author":1,"featured_media":0,"parent":94,"menu_order":0,"comment_status":"closed","ping_status":"closed","template":"","meta":{"site-sidebar-layout":"default","site-content-layout":"default","ast-site-content-layout":"default","site-content-style":"default","site-sidebar-style":"default","ast-global-header-display":"","ast-banner-title-visibility":"","ast-main-header-display":"","ast-hfb-above-header-display":"","ast-hfb-below-header-display":"","ast-hfb-mobile-header-display":"","site-post-title":"disabled","ast-breadcrumbs-content":"","ast-featured-img":"","footer-sml-layout":"","ast-disable-related-posts":"","theme-transparent-header-meta":"default","adv-header-id-meta":"","stick-header-meta":"","header-above-stick-meta":"","header-main-stick-meta":"","header-below-stick-meta":"","astra-migrate-meta-layouts":"default","ast-page-background-enabled":"default","ast-page-background-meta":{"desktop":{"background-color":"","background-image":"","background-repeat":"repeat","background-position":"center center","background-size":"auto","background-attachment":"scroll","background-type":"","background-media":"","overlay-type":"","overlay-color":"","overlay-opacity":"","overlay-gradient":""},"tablet":{"background-color":"","background-image":"","background-repeat":"repeat","background-position":"center center","background-size":"auto","background-attachment":"scroll","background-type":"","background-media":"","overlay-type":"","overlay-color":"","overlay-opacity":"","overlay-gradient":""},"mobile":{"background-color":"","background-image":"","background-repeat":"repeat","background-position":"center center","background-size":"auto","background-attachment":"scroll","background-type":"","background-media":"","overlay-type":"","overlay-color":"","overlay-opacity":"","overlay-gradient":""}},"ast-content-background-meta":{"desktop":{"background-color":"var(--ast-global-color-5)","background-image":"","background-repeat":"repeat","background-position":"center center","background-size":"auto","background-attachment":"scroll","background-type":"","background-media":"","overlay-type":"","overlay-color":"","overlay-opacity":"","overlay-gradient":""},"tablet":{"background-color":"var(--ast-global-color-5)","background-image":"","background-repeat":"repeat","background-position":"center center","background-size":"auto","background-attachment":"scroll","background-type":"","background-media":"","overlay-type":"","overlay-color":"","overlay-opacity":"","overlay-gradient":""},"mobile":{"background-color":"var(--ast-global-color-5)","background-image":"","background-repeat":"repeat","background-position":"center center","background-size":"auto","background-attachment":"scroll","background-type":"","background-media":"","overlay-type":"","overlay-color":"","overlay-opacity":"","overlay-gradient":""}},"footnotes":""},"class_list":["post-112","page","type-page","status-publish","hentry"],"yoast_head":"<!-- This site is optimized with the Yoast SEO plugin v27.4 - https:\/\/yoast.com\/product\/yoast-seo-wordpress\/ -->\n<title>Cosmetic Dentistry - Advantage Dental Care<\/title>\n<meta name=\"robots\" content=\"noindex, follow, max-snippet:-1, max-image-preview:large, max-video-preview:-1\" \/>\n<meta property=\"og:locale\" content=\"es_MX\" \/>\n<meta property=\"og:type\" content=\"article\" \/>\n<meta property=\"og:title\" content=\"Cosmetic Dentistry - Advantage Dental Care\" \/>\n<meta property=\"og:description\" content=\"Cosmetic DentistryAdvantage Dental Care offers a range of standard treatments for oral health and hygiene. From teeth whitening to affordable braces, our team of expert cosmetic dentists are there to educate patients on their dental health and delivery quality, affordable family dental care across the Chicago downtown and metropolitan area.SCHEDULE A CONSULTATION TODAYTeeth WhiteningProfessional take-home [&hellip;]\" \/>\n<meta property=\"og:url\" content=\"http:\/\/0z6.f92.myftpupload.com\/chicago-dental-services\/cosmetic-dentistry\/\" \/>\n<meta property=\"og:site_name\" content=\"Advantage Dental Care\" \/>\n<meta property=\"article:modified_time\" content=\"2020-06-16T20:45:05+00:00\" \/>\n<meta property=\"og:image\" content=\"http:\/\/|!|vcvUploadUrl|!|\/2020\/06\/before-and-after-teeth-whitening.jpg\" \/>\n<meta name=\"twitter:card\" content=\"summary_large_image\" \/>\n<meta name=\"twitter:label1\" content=\"Tiempo de lectura\" \/>\n\t<meta name=\"twitter:data1\" content=\"2 minutos\" \/>\n<script type=\"application\/ld+json\" class=\"yoast-schema-graph\">{\"@context\":\"https:\\\/\\\/schema.org\",\"@graph\":[{\"@type\":\"WebPage\",\"@id\":\"http:\\\/\\\/0z6.f92.myftpupload.com\\\/chicago-dental-services\\\/cosmetic-dentistry\\\/\",\"url\":\"http:\\\/\\\/0z6.f92.myftpupload.com\\\/chicago-dental-services\\\/cosmetic-dentistry\\\/\",\"name\":\"Cosmetic Dentistry - Advantage Dental Care\",\"isPartOf\":{\"@id\":\"http:\\\/\\\/0z6.f92.myftpupload.com\\\/#website\"},\"datePublished\":\"2020-06-14T12:22:45+00:00\",\"dateModified\":\"2020-06-16T20:45:05+00:00\",\"breadcrumb\":{\"@id\":\"http:\\\/\\\/0z6.f92.myftpupload.com\\\/chicago-dental-services\\\/cosmetic-dentistry\\\/#breadcrumb\"},\"inLanguage\":\"es\",\"potentialAction\":[{\"@type\":\"ReadAction\",\"target\":[\"http:\\\/\\\/0z6.f92.myftpupload.com\\\/chicago-dental-services\\\/cosmetic-dentistry\\\/\"]}]},{\"@type\":\"BreadcrumbList\",\"@id\":\"http:\\\/\\\/0z6.f92.myftpupload.com\\\/chicago-dental-services\\\/cosmetic-dentistry\\\/#breadcrumb\",\"itemListElement\":[{\"@type\":\"ListItem\",\"position\":1,\"name\":\"Home\",\"item\":\"http:\\\/\\\/0z6.f92.myftpupload.com\\\/\"},{\"@type\":\"ListItem\",\"position\":2,\"name\":\"Chicago Dental Services\",\"item\":\"http:\\\/\\\/0z6.f92.myftpupload.com\\\/chicago-dental-services\\\/\"},{\"@type\":\"ListItem\",\"position\":3,\"name\":\"Cosmetic Dentistry\"}]},{\"@type\":\"WebSite\",\"@id\":\"http:\\\/\\\/0z6.f92.myftpupload.com\\\/#website\",\"url\":\"http:\\\/\\\/0z6.f92.myftpupload.com\\\/\",\"name\":\"Advantage Dental Care\",\"description\":\"Advantage Dental Care\",\"publisher\":{\"@id\":\"http:\\\/\\\/0z6.f92.myftpupload.com\\\/#organization\"},\"potentialAction\":[{\"@type\":\"SearchAction\",\"target\":{\"@type\":\"EntryPoint\",\"urlTemplate\":\"http:\\\/\\\/0z6.f92.myftpupload.com\\\/?s={search_term_string}\"},\"query-input\":{\"@type\":\"PropertyValueSpecification\",\"valueRequired\":true,\"valueName\":\"search_term_string\"}}],\"inLanguage\":\"es\"},{\"@type\":\"Organization\",\"@id\":\"http:\\\/\\\/0z6.f92.myftpupload.com\\\/#organization\",\"name\":\"Advantage Dental Care\",\"url\":\"http:\\\/\\\/0z6.f92.myftpupload.com\\\/\",\"logo\":{\"@type\":\"ImageObject\",\"inLanguage\":\"es\",\"@id\":\"http:\\\/\\\/0z6.f92.myftpupload.com\\\/#\\\/schema\\\/logo\\\/image\\\/\",\"url\":\"https:\\\/\\\/advantagedentalchicago.com\\\/wp-content\\\/uploads\\\/2020\\\/06\\\/cropped-ADC-logo-1.png\",\"contentUrl\":\"https:\\\/\\\/advantagedentalchicago.com\\\/wp-content\\\/uploads\\\/2020\\\/06\\\/cropped-ADC-logo-1.png\",\"width\":240,\"height\":60,\"caption\":\"Advantage Dental Care\"},\"image\":{\"@id\":\"http:\\\/\\\/0z6.f92.myftpupload.com\\\/#\\\/schema\\\/logo\\\/image\\\/\"}}]}<\/script>\n<!-- \/ Yoast SEO plugin. -->","yoast_head_json":{"title":"Odontolog\u00eda cosm\u00e9tica - Advantage Dental Care","robots":{"index":"noindex","follow":"follow","max-snippet":"max-snippet:-1","max-image-preview":"max-image-preview:large","max-video-preview":"max-video-preview:-1"},"og_locale":"es_MX","og_type":"article","og_title":"Cosmetic Dentistry - Advantage Dental Care","og_description":"Cosmetic DentistryAdvantage Dental Care offers a range of standard treatments for oral health and hygiene. From teeth whitening to affordable braces, our team of expert cosmetic dentists are there to educate patients on their dental health and delivery quality, affordable family dental care across the Chicago downtown and metropolitan area.SCHEDULE A CONSULTATION TODAYTeeth WhiteningProfessional take-home [&hellip;]","og_url":"http:\/\/0z6.f92.myftpupload.com\/chicago-dental-services\/cosmetic-dentistry\/","og_site_name":"Advantage Dental Care","article_modified_time":"2020-06-16T20:45:05+00:00","og_image":[{"url":"|!|vcvUploadUrl|!|\/2020\/06\/before-and-after-teeth-whitening.jpg","type":"","width":"","height":""}],"twitter_card":"summary_large_image","twitter_misc":{"Tiempo de lectura":"2 minutos"},"schema":{"@context":"https:\/\/schema.org","@graph":[{"@type":"WebPage","@id":"http:\/\/0z6.f92.myftpupload.com\/chicago-dental-services\/cosmetic-dentistry\/","url":"http:\/\/0z6.f92.myftpupload.com\/chicago-dental-services\/cosmetic-dentistry\/","name":"Odontolog\u00eda cosm\u00e9tica - Advantage Dental Care","isPartOf":{"@id":"http:\/\/0z6.f92.myftpupload.com\/#website"},"datePublished":"2020-06-14T12:22:45+00:00","dateModified":"2020-06-16T20:45:05+00:00","breadcrumb":{"@id":"http:\/\/0z6.f92.myftpupload.com\/chicago-dental-services\/cosmetic-dentistry\/#breadcrumb"},"inLanguage":"es","potentialAction":[{"@type":"ReadAction","target":["http:\/\/0z6.f92.myftpupload.com\/chicago-dental-services\/cosmetic-dentistry\/"]}]},{"@type":"BreadcrumbList","@id":"http:\/\/0z6.f92.myftpupload.com\/chicago-dental-services\/cosmetic-dentistry\/#breadcrumb","itemListElement":[{"@type":"ListItem","position":1,"name":"Home","item":"http:\/\/0z6.f92.myftpupload.com\/"},{"@type":"ListItem","position":2,"name":"Chicago Dental Services","item":"http:\/\/0z6.f92.myftpupload.com\/chicago-dental-services\/"},{"@type":"ListItem","position":3,"name":"Cosmetic Dentistry"}]},{"@type":"WebSite","@id":"http:\/\/0z6.f92.myftpupload.com\/#website","url":"http:\/\/0z6.f92.myftpupload.com\/","name":"Ventaja de cuidado dental","description":"Ventaja de cuidado dental","publisher":{"@id":"http:\/\/0z6.f92.myftpupload.com\/#organization"},"potentialAction":[{"@type":"SearchAction","target":{"@type":"EntryPoint","urlTemplate":"http:\/\/0z6.f92.myftpupload.com\/?s={search_term_string}"},"query-input":{"@type":"PropertyValueSpecification","valueRequired":true,"valueName":"search_term_string"}}],"inLanguage":"es"},{"@type":"Organization","@id":"http:\/\/0z6.f92.myftpupload.com\/#organization","name":"Ventaja de cuidado dental","url":"http:\/\/0z6.f92.myftpupload.com\/","logo":{"@type":"ImageObject","inLanguage":"es","@id":"http:\/\/0z6.f92.myftpupload.com\/#\/schema\/logo\/image\/","url":"https:\/\/advantagedentalchicago.com\/wp-content\/uploads\/2020\/06\/cropped-ADC-logo-1.png","contentUrl":"https:\/\/advantagedentalchicago.com\/wp-content\/uploads\/2020\/06\/cropped-ADC-logo-1.png","width":240,"height":60,"caption":"Advantage Dental Care"},"image":{"@id":"http:\/\/0z6.f92.myftpupload.com\/#\/schema\/logo\/image\/"}}]}},"_links":{"self":[{"href":"https:\/\/advantagedentalchicago.com\/es\/wp-json\/wp\/v2\/pages\/112","targetHints":{"allow":["GET"]}}],"collection":[{"href":"https:\/\/advantagedentalchicago.com\/es\/wp-json\/wp\/v2\/pages"}],"about":[{"href":"https:\/\/advantagedentalchicago.com\/es\/wp-json\/wp\/v2\/types\/page"}],"author":[{"embeddable":true,"href":"https:\/\/advantagedentalchicago.com\/es\/wp-json\/wp\/v2\/users\/1"}],"replies":[{"embeddable":true,"href":"https:\/\/advantagedentalchicago.com\/es\/wp-json\/wp\/v2\/comments?post=112"}],"version-history":[{"count":3,"href":"https:\/\/advantagedentalchicago.com\/es\/wp-json\/wp\/v2\/pages\/112\/revisions"}],"predecessor-version":[{"id":204,"href":"https:\/\/advantagedentalchicago.com\/es\/wp-json\/wp\/v2\/pages\/112\/revisions\/204"}],"up":[{"embeddable":true,"href":"https:\/\/advantagedentalchicago.com\/es\/wp-json\/wp\/v2\/pages\/94"}],"wp:attachment":[{"href":"https:\/\/advantagedentalchicago.com\/es\/wp-json\/wp\/v2\/media?parent=112"}],"curies":[{"name":"gracias","href":"https:\/\/api.w.org\/{rel}","templated":true}]}}