{"id":117,"date":"2020-06-14T12:27:49","date_gmt":"2020-06-14T12:27:49","guid":{"rendered":"https:\/\/advantagedentalchicago.com\/?page_id=117"},"modified":"2020-06-19T06:08:56","modified_gmt":"2020-06-19T06:08:56","slug":"preventive-dentistry","status":"publish","type":"page","link":"https:\/\/advantagedentalchicago.com\/es\/chicago-dental-services\/preventive-dentistry\/","title":{"rendered":"Odontolog\u00eda Preventiva"},"content":{"rendered":"<div class=\"vce-row-container\"><div class=\"vce-row vce-row--col-gap-30 vce-row-columns--top vce-row-content--top\" id=\"el-f86ec0b5\" data-vce-do-apply=\"all el-f86ec0b5\"><div class=\"vce-content-background-container\"><\/div><div class=\"vce-row-content\" data-vce-element-content=\"true\"><div class=\"vce-col vce-col--md-auto vce-col--xs-1 vce-col--xs-last vce-col--xs-first vce-col--sm-last vce-col--sm-first vce-col--md-last vce-col--lg-last vce-col--xl-last vce-col--md-first vce-col--lg-first vce-col--xl-first\" id=\"el-f1f402dd\"><div class=\"vce-col-inner\" data-vce-do-apply=\"border margin background  el-f1f402dd\"><div class=\"vce-col-content\" data-vce-element-content=\"true\" data-vce-do-apply=\"padding el-f1f402dd\"><div class=\"vce-text-block\"><div class=\"vce-text-block-wrapper vce\" id=\"el-ccc169ac\" data-vce-do-apply=\"all el-ccc169ac\"><h2 style=\"text-align: left;\"><strong><span style=\"font-size: 36pt;\">Odontolog\u00eda Preventiva<\/span><\/strong><\/h2><\/div><\/div><div class=\"vce-shortcode\"><div class=\"vce-shortcode-wrapper vce\" id=\"el-e0a166ed\" data-vce-do-apply=\"all el-e0a166ed\"><div class=\"oxi-addons-container oxi-addons-container-1\">\r\n                 <div class=\"oxi-addons-row\"><div class=\"ctu-ultimate-wrapper ctu-ultimate-wrapper-1\"><div class=\"ctu-ulimate-style-1\"><div class=\"vc-tabs-li vc-tabs-li-1-id-5\" ref=\"#ctu-ulitate-style-1-id-5\">\r\n                            Cepillado y uso de hilo dental<\/div><div class=\"vc-tabs-li vc-tabs-li-1-id-6\" ref=\"#ctu-ulitate-style-1-id-6\">\r\n                            Limpiezas y enfermedad periodontal<\/div><div class=\"vc-tabs-li vc-tabs-li-1-id-7\" ref=\"#ctu-ulitate-style-1-id-7\">\r\n                            Rayos X digitales<\/div><div class=\"vc-tabs-li vc-tabs-li-1-id-8\" ref=\"#ctu-ulitate-style-1-id-8\">\r\n                            Guardias nocturnos<\/div> <\/div> <div class=\"ctu-ultimate-style-1-content\">  <div class=\"ctu-ultimate-style-heading-1 vc-tabs-li-1-id-5\" ref=\"#ctu-ulitate-style-1-id-5\"> \r\n                              Cepillado y uso de hilo dental\r\n                    <\/div>\r\n                    <div class=\"ctu-ulitate-style-1-tabs\" id=\"ctu-ulitate-style-1-id-5\">\r\n                       <p>Recomendamos a los pacientes dentales que se cepillen los dientes dos veces al d\u00eda y tambi\u00e9n despu\u00e9s de las comidas siempre que sea posible para garantizar las mejores pr\u00e1cticas de odontolog\u00eda preventiva. Un cepillo de dientes suave o un cepillo de dientes el\u00e9ctrico es lo mejor, ya que un cepillo de dientes medio o duro desgastar\u00e1 sus enc\u00edas m\u00e1s r\u00e1pido. Al cepillarse los dientes, siempre recomendamos a nuestros pacientes dentales que dediquen 2 minutos en total. Adem\u00e1s de eso, para mantener las enc\u00edas saludables, siempre debe usar hilo dental una vez por noche para asegurarse de cuidar su salud dental. Para los pacientes dentales con cualquier decoloraci\u00f3n en sus dientes, tambi\u00e9n ofrecemos servicios de blanqueamiento dental cosm\u00e9tico para ayudarlos a tener la sonrisa m\u00e1s blanca posible.<\/p> <h4>Limpieza con hilo dental<\/h4> <p><a href=\"http:\/\/localhost\/dental\/wp-content\/\/wp-content\/uploads\/2018\/02\/flossing.jpg\"><img class=\"size-medium wp-image-153 aligncenter\" src=\"http:\/\/localhost\/dental\/wp-content\/\/wp-content\/uploads\/2018\/02\/flossing.jpg\" alt=\"\" \/><\/a><\/p> <h4>Cepillado<\/h4> <p><a href=\"http:\/\/localhost\/dental\/wp-content\/\/wp-content\/uploads\/2018\/02\/brushing-teeth.jpg\"><img class=\"size-medium wp-image-153 aligncenter\" src=\"http:\/\/localhost\/dental\/wp-content\/\/wp-content\/uploads\/2018\/02\/brushing-teeth.jpg\" alt=\"\" \/><\/a><\/p> <ul class=\"bullet-point\"> <li><strong>1.<\/strong>\u00a0Coloque su cepillo de dientes contra sus enc\u00edas en un \u00e1ngulo de 45 grados. Mueva el cepillo hacia adelante y hacia atr\u00e1s suavemente con movimientos cortos (a lo ancho de los dientes).<\/li> <li><strong>2.<\/strong>\u00a0Cepille las superficies externas de los dientes.<\/li> <li><strong>3.<\/strong>\u00a0Cepille las superficies de masticaci\u00f3n.<\/li> <li><strong>4.<\/strong>\u00a0Utilice la punta del cepillo para limpiar la superficie interior de los dientes frontales, con un suave movimiento hacia arriba y hacia abajo.<\/li> <li><strong>5.<\/strong>\u00a0Cepilla tu lengua tambi\u00e9n.<\/li> <\/ul> <div class=\"x-text\"> <h4>T\u00e9cnica de cepillado adecuada<\/h4> <p><iframe src=\"https:\/\/www.youtube.com\/embed\/OSdh-rHfBoA?rel=0\" width=\"100%\" height=\"600\" frameborder=\"0\" allowfullscreen=\"allowfullscreen\" data-mce-fragment=\"1\"><\/iframe><\/p> <\/div> <div class=\"x-text\"> <h4>T\u00e9cnica adecuada de uso del hilo dental<\/h4> <\/div> <section class=\"main-content container\"> <div class=\"vc_row wpb_row vc_row-fluid vc_custom_1519472268724\"> <div class=\"wpb_column vc_column_container vc_col-sm-12\"> <div class=\"vc_column-inner\"> <div class=\"wpb_wrapper\"> <div class=\"vc_tta-container\" data-vc-action=\"collapse\"> <div class=\"vc_general vc_tta vc_tta-tabs vc_tta-color-grey vc_tta-style-classic vc_tta-shape-rounded vc_tta-spacing-1 tab-section-dentist fore-tab vc_tta-tabs-position-top vc_tta-controls-align-left tab-section-dentist fore-tab\"> <div class=\"vc_tta-panels-container\"> <div class=\"vc_tta-panels\"> <div id=\"1519464932199-6d98f958-4059\" class=\"vc_tta-panel vc_active\" data-vc-content=\".vc_tta-panel-body\"> <div class=\"vc_tta-panel-body\"> <div class=\"wpb_text_column wpb_content_element\"> <div class=\"wpb_wrapper\"> <div class=\"x-text\"> <p><iframe src=\"https:\/\/www.youtube.com\/embed\/9vseru4aUMY?rel=0\" width=\"100%\" height=\"600\" frameborder=\"0\" allowfullscreen=\"allowfullscreen\" data-mce-fragment=\"1\"><\/iframe><\/p> <\/div> <\/div> <\/div> <\/div> <\/div> <\/div> <\/div> <\/div> <\/div> <\/div> <\/div> <\/div> <\/div> <\/section>\r\n                            \r\n            <\/div>  <div class=\"ctu-ultimate-style-heading-1 vc-tabs-li-1-id-6\" ref=\"#ctu-ulitate-style-1-id-6\"> \r\n                              Limpiezas y enfermedad periodontal\r\n                    <\/div>\r\n                    <div class=\"ctu-ulitate-style-1-tabs\" id=\"ctu-ulitate-style-1-id-6\">\r\n                       <section class=\"main-content container\"> <div class=\"vc_row wpb_row vc_row-fluid vc_custom_1519472268724\"> <div class=\"wpb_column vc_column_container vc_col-sm-12\"> <div class=\"vc_column-inner\"> <div class=\"wpb_wrapper\"> <div class=\"vc_tta-container\" data-vc-action=\"collapse\"> <div class=\"vc_general vc_tta vc_tta-tabs vc_tta-color-grey vc_tta-style-classic vc_tta-shape-rounded vc_tta-spacing-1 tab-section-dentist fore-tab vc_tta-tabs-position-top vc_tta-controls-align-left tab-section-dentist fore-tab\"> <div class=\"vc_tta-panels-container\"> <div class=\"vc_tta-panels\"> <div id=\"1519464932228-8bb9d57b-8224\" class=\"vc_tta-panel vc_active\" data-vc-content=\".vc_tta-panel-body\"> <div class=\"vc_tta-panel-body\"> <div class=\"wpb_text_column wpb_content_element\"> <div class=\"wpb_wrapper\"> <p>Como regla general, se recomienda una limpieza regular cada 6 meses para eliminar la placa de las \u00e1reas de dif\u00edcil acceso y evitar tratamientos dentales generales m\u00e1s pesados. Si los pacientes dentales han descuidado su higiene bucal o no han ido al dentista durante mucho tiempo, se pueden formar grandes cantidades de acumulaci\u00f3n o c\u00e1lculos. Esto puede provocar una afecci\u00f3n llamada enfermedad periodontal. Con la enfermedad periodontal, el c\u00e1lculo puede causar la p\u00e9rdida de hueso alrededor de los dientes. Esto puede resultar en el aflojamiento de los dientes y puede aumentar el riesgo de caries o infecciones dentales. Es posible que se necesite una limpieza dental profunda para eliminar toda la acumulaci\u00f3n \/ c\u00e1lculo y mantener una boca sana como parte de las necesidades de odontolog\u00eda preventiva.<\/p> <p><a href=\"http:\/\/localhost\/dental\/wp-content\/\/wp-content\/uploads\/2018\/02\/Progress-Periodontal-Disease.jpg\"><img class=\"size-medium wp-image-153 aligncenter\" src=\"http:\/\/localhost\/dental\/wp-content\/\/wp-content\/uploads\/2018\/02\/Progress-Periodontal-Disease.jpg\" alt=\"\" \/><\/a><\/p> <div class=\"x-text\"> <h4>Enfermedad periodontal<\/h4> <p><iframe src=\"https:\/\/www.youtube.com\/embed\/i4vM6H28G1o?rel=0\" width=\"80%\" height=\"600\" frameborder=\"0\" allowfullscreen=\"allowfullscreen\" data-mce-fragment=\"1\"><\/iframe><\/p> <\/div> <div class=\"x-text\"> <h4>Enfermedad periodontal moderada<\/h4> <p><iframe src=\"https:\/\/www.youtube.com\/embed\/oohCapVwUOo?rel=0\" width=\"80%\" height=\"600\" frameborder=\"0\" allowfullscreen=\"allowfullscreen\" data-mce-fragment=\"1\"><\/iframe><\/p> <\/div> <div class=\"x-text\"> <h4>Enfermedad periodontal severa<\/h4> <p><iframe src=\"https:\/\/www.youtube.com\/embed\/EdRFd_JmUXo?rel=0\" width=\"80%\" height=\"600\" frameborder=\"0\" allowfullscreen=\"allowfullscreen\" data-mce-fragment=\"1\"><\/iframe><\/p> <\/div> <div class=\"x-text\"> <h4>C\u00e1lculo de escala<\/h4> <p><iframe src=\"https:\/\/www.youtube.com\/embed\/sGfdGgJ2qiU?rel=0\" width=\"80%\" height=\"600\" frameborder=\"0\" allowfullscreen=\"allowfullscreen\" data-mce-fragment=\"1\"><\/iframe><\/p> <\/div> <div class=\"x-text\"> <h4>Alargamiento de corona<\/h4> <p><iframe src=\"https:\/\/www.youtube.com\/embed\/Md0iDk9-wEM?rel=0\" width=\"80%\" height=\"600\" frameborder=\"0\" allowfullscreen=\"allowfullscreen\" data-mce-fragment=\"1\"><\/iframe><\/p> <\/div> <\/div> <\/div> <\/div> <\/div> <\/div> <\/div> <\/div> <\/div> <\/div> <\/div> <\/div> <\/div> <\/section>\r\n                            \r\n            <\/div>  <div class=\"ctu-ultimate-style-heading-1 vc-tabs-li-1-id-7\" ref=\"#ctu-ulitate-style-1-id-7\"> \r\n                              Rayos X digitales\r\n                    <\/div>\r\n                    <div class=\"ctu-ulitate-style-1-tabs\" id=\"ctu-ulitate-style-1-id-7\">\r\n                       <p>Nuestras radiograf\u00edas digitales podremos detectar cualquier caries y diagnosticar la salud general de su boca y dientes como t\u00e1ctica de odontolog\u00eda preventiva. Nuestras radiograf\u00edas son digitales, lo cual es una ventaja, ya que los resultados se muestran instant\u00e1neamente, lo que permite a nuestros dentistas expertos en Chicago brindar orientaci\u00f3n oportuna y, como beneficio adicional, dar al 90% menos radiaci\u00f3n que los rayos X normales.<\/p>\r\n                            \r\n            <\/div>  <div class=\"ctu-ultimate-style-heading-1 vc-tabs-li-1-id-8\" ref=\"#ctu-ulitate-style-1-id-8\"> \r\n                              Guardias nocturnos\r\n                    <\/div>\r\n                    <div class=\"ctu-ulitate-style-1-tabs\" id=\"ctu-ulitate-style-1-id-8\">\r\n                       <p style=\"text-align: left;\">Muchos pacientes rechinan los dientes por la noche debido al estr\u00e9s. Mientras esto sucede, los dientes pueden fracturarse y aplanarse y hacer que se vuelvan m\u00e1s peque\u00f1os. Ofrecemos protectores bucales personalizados tradicionales, as\u00ed como aparatos NTI. Los aparatos NTI tambi\u00e9n son \u00fatiles para los pacientes que roncan.<\/p> <p style=\"text-align: center; margin-top: 40px;\"><img class=\"size-medium wp-image-153 aligncenter\" src=\"http:\/\/0z6.f92.myftpupload.com\/wp-content\/uploads\/2018\/02\/nightguard2.jpg\" alt=\"\" \/><\/p> <div class=\"x-text\"> <h4 style=\"text-align: left;\">Guardia de noche<\/h4> <iframe src=\"https:\/\/www.youtube.com\/embed\/Gegwvjkoq-A?rel=0\" width=\"100%\" height=\"600\" frameborder=\"0\" allowfullscreen=\"allowfullscreen\"><\/iframe><\/div>\r\n                            \r\n            <\/div> <\/div> <\/div>   <\/div>\r\n              <\/div><\/div><\/div><\/div><\/div><\/div><\/div><\/div><\/div>","protected":false},"excerpt":{"rendered":"<p>Odontolog\u00eda Preventiva<\/p>","protected":false},"author":1,"featured_media":0,"parent":94,"menu_order":0,"comment_status":"closed","ping_status":"closed","template":"","meta":{"site-sidebar-layout":"default","site-content-layout":"default","ast-site-content-layout":"default","site-content-style":"default","site-sidebar-style":"default","ast-global-header-display":"","ast-banner-title-visibility":"","ast-main-header-display":"","ast-hfb-above-header-display":"","ast-hfb-below-header-display":"","ast-hfb-mobile-header-display":"","site-post-title":"disabled","ast-breadcrumbs-content":"","ast-featured-img":"","footer-sml-layout":"","ast-disable-related-posts":"","theme-transparent-header-meta":"default","adv-header-id-meta":"","stick-header-meta":"","header-above-stick-meta":"","header-main-stick-meta":"","header-below-stick-meta":"","astra-migrate-meta-layouts":"default","ast-page-background-enabled":"default","ast-page-background-meta":{"desktop":{"background-color":"","background-image":"","background-repeat":"repeat","background-position":"center center","background-size":"auto","background-attachment":"scroll","background-type":"","background-media":"","overlay-type":"","overlay-color":"","overlay-opacity":"","overlay-gradient":""},"tablet":{"background-color":"","background-image":"","background-repeat":"repeat","background-position":"center center","background-size":"auto","background-attachment":"scroll","background-type":"","background-media":"","overlay-type":"","overlay-color":"","overlay-opacity":"","overlay-gradient":""},"mobile":{"background-color":"","background-image":"","background-repeat":"repeat","background-position":"center center","background-size":"auto","background-attachment":"scroll","background-type":"","background-media":"","overlay-type":"","overlay-color":"","overlay-opacity":"","overlay-gradient":""}},"ast-content-background-meta":{"desktop":{"background-color":"var(--ast-global-color-5)","background-image":"","background-repeat":"repeat","background-position":"center center","background-size":"auto","background-attachment":"scroll","background-type":"","background-media":"","overlay-type":"","overlay-color":"","overlay-opacity":"","overlay-gradient":""},"tablet":{"background-color":"var(--ast-global-color-5)","background-image":"","background-repeat":"repeat","background-position":"center center","background-size":"auto","background-attachment":"scroll","background-type":"","background-media":"","overlay-type":"","overlay-color":"","overlay-opacity":"","overlay-gradient":""},"mobile":{"background-color":"var(--ast-global-color-5)","background-image":"","background-repeat":"repeat","background-position":"center center","background-size":"auto","background-attachment":"scroll","background-type":"","background-media":"","overlay-type":"","overlay-color":"","overlay-opacity":"","overlay-gradient":""}},"footnotes":""},"class_list":["post-117","page","type-page","status-publish","hentry"],"yoast_head":"<!-- This site is optimized with the Yoast SEO plugin v27.4 - https:\/\/yoast.com\/product\/yoast-seo-wordpress\/ -->\n<title>Preventive Dentistry - Advantage Dental Care<\/title>\n<meta name=\"robots\" content=\"noindex, follow, max-snippet:-1, max-image-preview:large, max-video-preview:-1\" \/>\n<meta property=\"og:locale\" content=\"es_MX\" \/>\n<meta property=\"og:type\" content=\"article\" \/>\n<meta property=\"og:title\" content=\"Preventive Dentistry - Advantage Dental Care\" \/>\n<meta property=\"og:description\" content=\"Preventive Dentistry\" \/>\n<meta property=\"og:url\" content=\"http:\/\/0z6.f92.myftpupload.com\/chicago-dental-services\/preventive-dentistry\/\" \/>\n<meta property=\"og:site_name\" content=\"Advantage Dental Care\" \/>\n<meta property=\"article:modified_time\" content=\"2020-06-19T06:08:56+00:00\" \/>\n<meta name=\"twitter:card\" content=\"summary_large_image\" \/>\n<script type=\"application\/ld+json\" class=\"yoast-schema-graph\">{\"@context\":\"https:\\\/\\\/schema.org\",\"@graph\":[{\"@type\":\"WebPage\",\"@id\":\"http:\\\/\\\/0z6.f92.myftpupload.com\\\/chicago-dental-services\\\/preventive-dentistry\\\/\",\"url\":\"http:\\\/\\\/0z6.f92.myftpupload.com\\\/chicago-dental-services\\\/preventive-dentistry\\\/\",\"name\":\"Preventive Dentistry - Advantage Dental Care\",\"isPartOf\":{\"@id\":\"http:\\\/\\\/0z6.f92.myftpupload.com\\\/#website\"},\"datePublished\":\"2020-06-14T12:27:49+00:00\",\"dateModified\":\"2020-06-19T06:08:56+00:00\",\"breadcrumb\":{\"@id\":\"http:\\\/\\\/0z6.f92.myftpupload.com\\\/chicago-dental-services\\\/preventive-dentistry\\\/#breadcrumb\"},\"inLanguage\":\"es\",\"potentialAction\":[{\"@type\":\"ReadAction\",\"target\":[\"http:\\\/\\\/0z6.f92.myftpupload.com\\\/chicago-dental-services\\\/preventive-dentistry\\\/\"]}]},{\"@type\":\"BreadcrumbList\",\"@id\":\"http:\\\/\\\/0z6.f92.myftpupload.com\\\/chicago-dental-services\\\/preventive-dentistry\\\/#breadcrumb\",\"itemListElement\":[{\"@type\":\"ListItem\",\"position\":1,\"name\":\"Home\",\"item\":\"http:\\\/\\\/0z6.f92.myftpupload.com\\\/\"},{\"@type\":\"ListItem\",\"position\":2,\"name\":\"Chicago Dental Services\",\"item\":\"http:\\\/\\\/0z6.f92.myftpupload.com\\\/chicago-dental-services\\\/\"},{\"@type\":\"ListItem\",\"position\":3,\"name\":\"Preventive Dentistry\"}]},{\"@type\":\"WebSite\",\"@id\":\"http:\\\/\\\/0z6.f92.myftpupload.com\\\/#website\",\"url\":\"http:\\\/\\\/0z6.f92.myftpupload.com\\\/\",\"name\":\"Advantage Dental Care\",\"description\":\"Advantage Dental Care\",\"publisher\":{\"@id\":\"http:\\\/\\\/0z6.f92.myftpupload.com\\\/#organization\"},\"potentialAction\":[{\"@type\":\"SearchAction\",\"target\":{\"@type\":\"EntryPoint\",\"urlTemplate\":\"http:\\\/\\\/0z6.f92.myftpupload.com\\\/?s={search_term_string}\"},\"query-input\":{\"@type\":\"PropertyValueSpecification\",\"valueRequired\":true,\"valueName\":\"search_term_string\"}}],\"inLanguage\":\"es\"},{\"@type\":\"Organization\",\"@id\":\"http:\\\/\\\/0z6.f92.myftpupload.com\\\/#organization\",\"name\":\"Advantage Dental Care\",\"url\":\"http:\\\/\\\/0z6.f92.myftpupload.com\\\/\",\"logo\":{\"@type\":\"ImageObject\",\"inLanguage\":\"es\",\"@id\":\"http:\\\/\\\/0z6.f92.myftpupload.com\\\/#\\\/schema\\\/logo\\\/image\\\/\",\"url\":\"https:\\\/\\\/advantagedentalchicago.com\\\/wp-content\\\/uploads\\\/2020\\\/06\\\/cropped-ADC-logo-1.png\",\"contentUrl\":\"https:\\\/\\\/advantagedentalchicago.com\\\/wp-content\\\/uploads\\\/2020\\\/06\\\/cropped-ADC-logo-1.png\",\"width\":240,\"height\":60,\"caption\":\"Advantage Dental Care\"},\"image\":{\"@id\":\"http:\\\/\\\/0z6.f92.myftpupload.com\\\/#\\\/schema\\\/logo\\\/image\\\/\"}}]}<\/script>\n<!-- \/ Yoast SEO plugin. -->","yoast_head_json":{"title":"Odontolog\u00eda preventiva - Advantage Dental Care","robots":{"index":"noindex","follow":"follow","max-snippet":"max-snippet:-1","max-image-preview":"max-image-preview:large","max-video-preview":"max-video-preview:-1"},"og_locale":"es_MX","og_type":"article","og_title":"Preventive Dentistry - Advantage Dental Care","og_description":"Preventive Dentistry","og_url":"http:\/\/0z6.f92.myftpupload.com\/chicago-dental-services\/preventive-dentistry\/","og_site_name":"Advantage Dental Care","article_modified_time":"2020-06-19T06:08:56+00:00","twitter_card":"summary_large_image","schema":{"@context":"https:\/\/schema.org","@graph":[{"@type":"WebPage","@id":"http:\/\/0z6.f92.myftpupload.com\/chicago-dental-services\/preventive-dentistry\/","url":"http:\/\/0z6.f92.myftpupload.com\/chicago-dental-services\/preventive-dentistry\/","name":"Odontolog\u00eda preventiva - Advantage Dental Care","isPartOf":{"@id":"http:\/\/0z6.f92.myftpupload.com\/#website"},"datePublished":"2020-06-14T12:27:49+00:00","dateModified":"2020-06-19T06:08:56+00:00","breadcrumb":{"@id":"http:\/\/0z6.f92.myftpupload.com\/chicago-dental-services\/preventive-dentistry\/#breadcrumb"},"inLanguage":"es","potentialAction":[{"@type":"ReadAction","target":["http:\/\/0z6.f92.myftpupload.com\/chicago-dental-services\/preventive-dentistry\/"]}]},{"@type":"BreadcrumbList","@id":"http:\/\/0z6.f92.myftpupload.com\/chicago-dental-services\/preventive-dentistry\/#breadcrumb","itemListElement":[{"@type":"ListItem","position":1,"name":"Home","item":"http:\/\/0z6.f92.myftpupload.com\/"},{"@type":"ListItem","position":2,"name":"Chicago Dental Services","item":"http:\/\/0z6.f92.myftpupload.com\/chicago-dental-services\/"},{"@type":"ListItem","position":3,"name":"Preventive Dentistry"}]},{"@type":"WebSite","@id":"http:\/\/0z6.f92.myftpupload.com\/#website","url":"http:\/\/0z6.f92.myftpupload.com\/","name":"Ventaja de cuidado dental","description":"Ventaja de cuidado dental","publisher":{"@id":"http:\/\/0z6.f92.myftpupload.com\/#organization"},"potentialAction":[{"@type":"SearchAction","target":{"@type":"EntryPoint","urlTemplate":"http:\/\/0z6.f92.myftpupload.com\/?s={search_term_string}"},"query-input":{"@type":"PropertyValueSpecification","valueRequired":true,"valueName":"search_term_string"}}],"inLanguage":"es"},{"@type":"Organization","@id":"http:\/\/0z6.f92.myftpupload.com\/#organization","name":"Ventaja de cuidado dental","url":"http:\/\/0z6.f92.myftpupload.com\/","logo":{"@type":"ImageObject","inLanguage":"es","@id":"http:\/\/0z6.f92.myftpupload.com\/#\/schema\/logo\/image\/","url":"https:\/\/advantagedentalchicago.com\/wp-content\/uploads\/2020\/06\/cropped-ADC-logo-1.png","contentUrl":"https:\/\/advantagedentalchicago.com\/wp-content\/uploads\/2020\/06\/cropped-ADC-logo-1.png","width":240,"height":60,"caption":"Advantage Dental Care"},"image":{"@id":"http:\/\/0z6.f92.myftpupload.com\/#\/schema\/logo\/image\/"}}]}},"_links":{"self":[{"href":"https:\/\/advantagedentalchicago.com\/es\/wp-json\/wp\/v2\/pages\/117","targetHints":{"allow":["GET"]}}],"collection":[{"href":"https:\/\/advantagedentalchicago.com\/es\/wp-json\/wp\/v2\/pages"}],"about":[{"href":"https:\/\/advantagedentalchicago.com\/es\/wp-json\/wp\/v2\/types\/page"}],"author":[{"embeddable":true,"href":"https:\/\/advantagedentalchicago.com\/es\/wp-json\/wp\/v2\/users\/1"}],"replies":[{"embeddable":true,"href":"https:\/\/advantagedentalchicago.com\/es\/wp-json\/wp\/v2\/comments?post=117"}],"version-history":[{"count":2,"href":"https:\/\/advantagedentalchicago.com\/es\/wp-json\/wp\/v2\/pages\/117\/revisions"}],"predecessor-version":[{"id":119,"href":"https:\/\/advantagedentalchicago.com\/es\/wp-json\/wp\/v2\/pages\/117\/revisions\/119"}],"up":[{"embeddable":true,"href":"https:\/\/advantagedentalchicago.com\/es\/wp-json\/wp\/v2\/pages\/94"}],"wp:attachment":[{"href":"https:\/\/advantagedentalchicago.com\/es\/wp-json\/wp\/v2\/media?parent=117"}],"curies":[{"name":"gracias","href":"https:\/\/api.w.org\/{rel}","templated":true}]}}