{"id":120,"date":"2020-06-14T12:44:08","date_gmt":"2020-06-14T12:44:08","guid":{"rendered":"https:\/\/advantagedentalchicago.com\/?page_id=120"},"modified":"2020-06-26T23:37:58","modified_gmt":"2020-06-26T23:37:58","slug":"emergency-dental-care-chicago-emergency-dentists","status":"publish","type":"page","link":"https:\/\/advantagedentalchicago.com\/es\/chicago-dental-services\/emergency-dental-care-chicago-emergency-dentists\/","title":{"rendered":"Atenci\u00f3n dental de emergencia: dentistas de emergencia en Chicago"},"content":{"rendered":"<div class=\"vce-row-container\"><div class=\"vce-row vce-row--col-gap-30 vce-row-columns--top vce-row-content--top\" id=\"el-ffbce2e0\" data-vce-do-apply=\"all el-ffbce2e0\"><div class=\"vce-content-background-container\"><\/div><div class=\"vce-row-content\" data-vce-element-content=\"true\"><div class=\"vce-col vce-col--md-auto vce-col--xs-1 vce-col--xs-last vce-col--xs-first vce-col--sm-last vce-col--sm-first vce-col--md-last vce-col--lg-last vce-col--xl-last vce-col--md-first vce-col--lg-first vce-col--xl-first\" id=\"el-32efea93\"><div class=\"vce-col-inner\" data-vce-do-apply=\"border margin background  el-32efea93\"><div class=\"vce-col-content\" data-vce-element-content=\"true\" data-vce-do-apply=\"padding el-32efea93\"><div class=\"vce-text-block\"><div class=\"vce-text-block-wrapper vce\" id=\"el-9fe2343b\" data-vce-do-apply=\"all el-9fe2343b\"><h2><strong><span style=\"font-size: 32pt;\">Atenci\u00f3n dental de emergencia: dentistas de emergencia en Chicago<\/span><\/strong><\/h2><div class=\"wpb_text_column wpb_content_element vc_custom_1519473508870 text-blog\"><div class=\"wpb_wrapper\"><p>\u00bfHa experimentado recientemente una emergencia dental? Las emergencias dentales pueden sucederle a cualquier persona, en cualquier momento o en cualquier lugar y muy probablemente cuando menos se lo espera. Estas necesidades de atenci\u00f3n dental de emergencia requieren una acci\u00f3n r\u00e1pida y un dentista de emergencia confiable con experiencia.<\/p><\/div><\/div><div class=\"wpb_text_column wpb_content_element vc_custom_1520230120853 text-blog\"><div class=\"wpb_wrapper\"><p>En Advantage Dental Care, nuestro equipo de dentistas expertos se da cuenta de los inconvenientes y el dolor que estas situaciones dentales de emergencia pueden causar y est\u00e1n aqu\u00ed para ayudarlo a tratar sus males. Minimizamos cualquier dolor o molestia para manejar todos los siguientes casos dentales de emergencia comunes:<\/p><ul><li>Un diente permanente ca\u00eddo<\/li><li>Dientes \/ dientes rotos, astillados o agrietados<\/li><li>Dolor de muelas severo (s)<\/li><li>Un relleno o una corona perdidos<\/li><li>U otras dolencias inesperadas de los dientes que causan un dolor intenso<\/li><\/ul><p>Trabajaremos con usted para solucionar su emergencia dental dentro de las 24 horas y despu\u00e9s de trabajar con cada uno de nuestros pacientes para ayudarlo a seguir adelante. En Advantage Dental Care, continuaremos brindando&nbsp;<a href=\"https:\/\/advantagedentalchicago.com\/es\/chicago-dental-services\/general-dentistry-in-chicago\/\" target=\"_blank\" rel=\"noopener noreferrer\">dental general<\/a>&nbsp;Guia,&nbsp;<a href=\"https:\/\/advantagedentalchicago.com\/es\/chicago-dental-services\/cosmetic-dentistry\/\" target=\"_blank\" rel=\"noopener noreferrer\">cosm\u00e9tico<\/a>y tratamientos dentales restauradores para ayudar a restaurar su sonrisa a su m\u00e1ximo potencial.<\/p><\/div><\/div><\/div><\/div><div class=\"vce-button--style-basic-container vce-button--style-basic-container--align-left\"><span class=\"vce-button--style-basic-wrapper vce\" id=\"el-d5224872\" data-vce-do-apply=\"margin el-d5224872\"><a class=\"vce-button--style-basic vce-button--style-basic--border-round vce-button--style-basic--size-medium vce-button--style-basic--color-b-23-80-147--fff vce-button--style-basic--hover-color-b-12-51-72--fff\" href=\"https:\/\/advantagedentalchicago.com\/es\/schedule-an-appointment\/\" title=\"\" data-vce-do-apply=\"padding border background  el-d5224872\">PROGRAMAR UNA CONSULTA HOY<\/a><\/span><\/div><\/div><\/div><\/div><\/div><\/div><\/div>","protected":false},"excerpt":{"rendered":"<p>Emergency Dental Care \u2013 Chicago Emergency DentistsHave you recently experienced a dental emergency? Dental emergencies can happen to anyone, anytime, or anywhere and most likely when you least expect them. These emergency dental care needs require swift action and a trusty emergency dentist with experience.At Advantage Dental Care, our team of expert dentists realize the [&hellip;]<\/p>\n","protected":false},"author":1,"featured_media":0,"parent":94,"menu_order":0,"comment_status":"closed","ping_status":"closed","template":"","meta":{"site-sidebar-layout":"default","site-content-layout":"default","ast-site-content-layout":"default","site-content-style":"default","site-sidebar-style":"default","ast-global-header-display":"","ast-banner-title-visibility":"","ast-main-header-display":"","ast-hfb-above-header-display":"","ast-hfb-below-header-display":"","ast-hfb-mobile-header-display":"","site-post-title":"disabled","ast-breadcrumbs-content":"","ast-featured-img":"","footer-sml-layout":"","ast-disable-related-posts":"","theme-transparent-header-meta":"default","adv-header-id-meta":"","stick-header-meta":"","header-above-stick-meta":"","header-main-stick-meta":"","header-below-stick-meta":"","astra-migrate-meta-layouts":"default","ast-page-background-enabled":"default","ast-page-background-meta":{"desktop":{"background-color":"","background-image":"","background-repeat":"repeat","background-position":"center center","background-size":"auto","background-attachment":"scroll","background-type":"","background-media":"","overlay-type":"","overlay-color":"","overlay-opacity":"","overlay-gradient":""},"tablet":{"background-color":"","background-image":"","background-repeat":"repeat","background-position":"center center","background-size":"auto","background-attachment":"scroll","background-type":"","background-media":"","overlay-type":"","overlay-color":"","overlay-opacity":"","overlay-gradient":""},"mobile":{"background-color":"","background-image":"","background-repeat":"repeat","background-position":"center center","background-size":"auto","background-attachment":"scroll","background-type":"","background-media":"","overlay-type":"","overlay-color":"","overlay-opacity":"","overlay-gradient":""}},"ast-content-background-meta":{"desktop":{"background-color":"var(--ast-global-color-5)","background-image":"","background-repeat":"repeat","background-position":"center center","background-size":"auto","background-attachment":"scroll","background-type":"","background-media":"","overlay-type":"","overlay-color":"","overlay-opacity":"","overlay-gradient":""},"tablet":{"background-color":"var(--ast-global-color-5)","background-image":"","background-repeat":"repeat","background-position":"center center","background-size":"auto","background-attachment":"scroll","background-type":"","background-media":"","overlay-type":"","overlay-color":"","overlay-opacity":"","overlay-gradient":""},"mobile":{"background-color":"var(--ast-global-color-5)","background-image":"","background-repeat":"repeat","background-position":"center center","background-size":"auto","background-attachment":"scroll","background-type":"","background-media":"","overlay-type":"","overlay-color":"","overlay-opacity":"","overlay-gradient":""}},"footnotes":""},"class_list":["post-120","page","type-page","status-publish","hentry"],"yoast_head":"<!-- This site is optimized with the Yoast SEO plugin v27.4 - https:\/\/yoast.com\/product\/yoast-seo-wordpress\/ -->\n<title>Emergency Dental Care \u2013 Chicago Emergency Dentists - Advantage Dental Care<\/title>\n<meta name=\"robots\" content=\"noindex, follow, max-snippet:-1, max-image-preview:large, max-video-preview:-1\" \/>\n<meta property=\"og:locale\" content=\"es_MX\" \/>\n<meta property=\"og:type\" content=\"article\" \/>\n<meta property=\"og:title\" content=\"Emergency Dental Care \u2013 Chicago Emergency Dentists - Advantage Dental Care\" \/>\n<meta property=\"og:description\" content=\"Emergency Dental Care \u2013 Chicago Emergency DentistsHave you recently experienced a dental emergency? Dental emergencies can happen to anyone, anytime, or anywhere and most likely when you least expect them. These emergency dental care needs require swift action and a trusty emergency dentist with experience.At Advantage Dental Care, our team of expert dentists realize the [&hellip;]\" \/>\n<meta property=\"og:url\" content=\"http:\/\/0z6.f92.myftpupload.com\/chicago-dental-services\/emergency-dental-care-chicago-emergency-dentists\/\" \/>\n<meta property=\"og:site_name\" content=\"Advantage Dental Care\" \/>\n<meta property=\"article:modified_time\" content=\"2020-06-26T23:37:58+00:00\" \/>\n<meta name=\"twitter:card\" content=\"summary_large_image\" \/>\n<meta name=\"twitter:label1\" content=\"Tiempo de lectura\" \/>\n\t<meta name=\"twitter:data1\" content=\"1 minuto\" \/>\n<script type=\"application\/ld+json\" class=\"yoast-schema-graph\">{\"@context\":\"https:\\\/\\\/schema.org\",\"@graph\":[{\"@type\":\"WebPage\",\"@id\":\"http:\\\/\\\/0z6.f92.myftpupload.com\\\/chicago-dental-services\\\/emergency-dental-care-chicago-emergency-dentists\\\/\",\"url\":\"http:\\\/\\\/0z6.f92.myftpupload.com\\\/chicago-dental-services\\\/emergency-dental-care-chicago-emergency-dentists\\\/\",\"name\":\"Emergency Dental Care \u2013 Chicago Emergency Dentists - Advantage Dental Care\",\"isPartOf\":{\"@id\":\"http:\\\/\\\/0z6.f92.myftpupload.com\\\/#website\"},\"datePublished\":\"2020-06-14T12:44:08+00:00\",\"dateModified\":\"2020-06-26T23:37:58+00:00\",\"breadcrumb\":{\"@id\":\"http:\\\/\\\/0z6.f92.myftpupload.com\\\/chicago-dental-services\\\/emergency-dental-care-chicago-emergency-dentists\\\/#breadcrumb\"},\"inLanguage\":\"es\",\"potentialAction\":[{\"@type\":\"ReadAction\",\"target\":[\"http:\\\/\\\/0z6.f92.myftpupload.com\\\/chicago-dental-services\\\/emergency-dental-care-chicago-emergency-dentists\\\/\"]}]},{\"@type\":\"BreadcrumbList\",\"@id\":\"http:\\\/\\\/0z6.f92.myftpupload.com\\\/chicago-dental-services\\\/emergency-dental-care-chicago-emergency-dentists\\\/#breadcrumb\",\"itemListElement\":[{\"@type\":\"ListItem\",\"position\":1,\"name\":\"Home\",\"item\":\"http:\\\/\\\/0z6.f92.myftpupload.com\\\/\"},{\"@type\":\"ListItem\",\"position\":2,\"name\":\"Chicago Dental Services\",\"item\":\"http:\\\/\\\/0z6.f92.myftpupload.com\\\/chicago-dental-services\\\/\"},{\"@type\":\"ListItem\",\"position\":3,\"name\":\"Emergency Dental Care \u2013 Chicago Emergency Dentists\"}]},{\"@type\":\"WebSite\",\"@id\":\"http:\\\/\\\/0z6.f92.myftpupload.com\\\/#website\",\"url\":\"http:\\\/\\\/0z6.f92.myftpupload.com\\\/\",\"name\":\"Advantage Dental Care\",\"description\":\"Advantage Dental Care\",\"publisher\":{\"@id\":\"http:\\\/\\\/0z6.f92.myftpupload.com\\\/#organization\"},\"potentialAction\":[{\"@type\":\"SearchAction\",\"target\":{\"@type\":\"EntryPoint\",\"urlTemplate\":\"http:\\\/\\\/0z6.f92.myftpupload.com\\\/?s={search_term_string}\"},\"query-input\":{\"@type\":\"PropertyValueSpecification\",\"valueRequired\":true,\"valueName\":\"search_term_string\"}}],\"inLanguage\":\"es\"},{\"@type\":\"Organization\",\"@id\":\"http:\\\/\\\/0z6.f92.myftpupload.com\\\/#organization\",\"name\":\"Advantage Dental Care\",\"url\":\"http:\\\/\\\/0z6.f92.myftpupload.com\\\/\",\"logo\":{\"@type\":\"ImageObject\",\"inLanguage\":\"es\",\"@id\":\"http:\\\/\\\/0z6.f92.myftpupload.com\\\/#\\\/schema\\\/logo\\\/image\\\/\",\"url\":\"https:\\\/\\\/advantagedentalchicago.com\\\/wp-content\\\/uploads\\\/2020\\\/06\\\/cropped-ADC-logo-1.png\",\"contentUrl\":\"https:\\\/\\\/advantagedentalchicago.com\\\/wp-content\\\/uploads\\\/2020\\\/06\\\/cropped-ADC-logo-1.png\",\"width\":240,\"height\":60,\"caption\":\"Advantage Dental Care\"},\"image\":{\"@id\":\"http:\\\/\\\/0z6.f92.myftpupload.com\\\/#\\\/schema\\\/logo\\\/image\\\/\"}}]}<\/script>\n<!-- \/ Yoast SEO plugin. -->","yoast_head_json":{"title":"Atenci\u00f3n dental de urgencias - Dentistas de urgencias en Chicago - Advantage Dental Care","robots":{"index":"noindex","follow":"follow","max-snippet":"max-snippet:-1","max-image-preview":"max-image-preview:large","max-video-preview":"max-video-preview:-1"},"og_locale":"es_MX","og_type":"article","og_title":"Emergency Dental Care \u2013 Chicago Emergency Dentists - Advantage Dental Care","og_description":"Emergency Dental Care \u2013 Chicago Emergency DentistsHave you recently experienced a dental emergency? Dental emergencies can happen to anyone, anytime, or anywhere and most likely when you least expect them. These emergency dental care needs require swift action and a trusty emergency dentist with experience.At Advantage Dental Care, our team of expert dentists realize the [&hellip;]","og_url":"http:\/\/0z6.f92.myftpupload.com\/chicago-dental-services\/emergency-dental-care-chicago-emergency-dentists\/","og_site_name":"Advantage Dental Care","article_modified_time":"2020-06-26T23:37:58+00:00","twitter_card":"summary_large_image","twitter_misc":{"Tiempo de lectura":"1 minuto"},"schema":{"@context":"https:\/\/schema.org","@graph":[{"@type":"WebPage","@id":"http:\/\/0z6.f92.myftpupload.com\/chicago-dental-services\/emergency-dental-care-chicago-emergency-dentists\/","url":"http:\/\/0z6.f92.myftpupload.com\/chicago-dental-services\/emergency-dental-care-chicago-emergency-dentists\/","name":"Atenci\u00f3n dental de urgencias - Dentistas de urgencias en Chicago - Advantage Dental Care","isPartOf":{"@id":"http:\/\/0z6.f92.myftpupload.com\/#website"},"datePublished":"2020-06-14T12:44:08+00:00","dateModified":"2020-06-26T23:37:58+00:00","breadcrumb":{"@id":"http:\/\/0z6.f92.myftpupload.com\/chicago-dental-services\/emergency-dental-care-chicago-emergency-dentists\/#breadcrumb"},"inLanguage":"es","potentialAction":[{"@type":"ReadAction","target":["http:\/\/0z6.f92.myftpupload.com\/chicago-dental-services\/emergency-dental-care-chicago-emergency-dentists\/"]}]},{"@type":"BreadcrumbList","@id":"http:\/\/0z6.f92.myftpupload.com\/chicago-dental-services\/emergency-dental-care-chicago-emergency-dentists\/#breadcrumb","itemListElement":[{"@type":"ListItem","position":1,"name":"Home","item":"http:\/\/0z6.f92.myftpupload.com\/"},{"@type":"ListItem","position":2,"name":"Chicago Dental Services","item":"http:\/\/0z6.f92.myftpupload.com\/chicago-dental-services\/"},{"@type":"ListItem","position":3,"name":"Emergency Dental Care \u2013 Chicago Emergency Dentists"}]},{"@type":"WebSite","@id":"http:\/\/0z6.f92.myftpupload.com\/#website","url":"http:\/\/0z6.f92.myftpupload.com\/","name":"Ventaja de cuidado dental","description":"Ventaja de cuidado dental","publisher":{"@id":"http:\/\/0z6.f92.myftpupload.com\/#organization"},"potentialAction":[{"@type":"SearchAction","target":{"@type":"EntryPoint","urlTemplate":"http:\/\/0z6.f92.myftpupload.com\/?s={search_term_string}"},"query-input":{"@type":"PropertyValueSpecification","valueRequired":true,"valueName":"search_term_string"}}],"inLanguage":"es"},{"@type":"Organization","@id":"http:\/\/0z6.f92.myftpupload.com\/#organization","name":"Ventaja de cuidado dental","url":"http:\/\/0z6.f92.myftpupload.com\/","logo":{"@type":"ImageObject","inLanguage":"es","@id":"http:\/\/0z6.f92.myftpupload.com\/#\/schema\/logo\/image\/","url":"https:\/\/advantagedentalchicago.com\/wp-content\/uploads\/2020\/06\/cropped-ADC-logo-1.png","contentUrl":"https:\/\/advantagedentalchicago.com\/wp-content\/uploads\/2020\/06\/cropped-ADC-logo-1.png","width":240,"height":60,"caption":"Advantage Dental Care"},"image":{"@id":"http:\/\/0z6.f92.myftpupload.com\/#\/schema\/logo\/image\/"}}]}},"_links":{"self":[{"href":"https:\/\/advantagedentalchicago.com\/es\/wp-json\/wp\/v2\/pages\/120","targetHints":{"allow":["GET"]}}],"collection":[{"href":"https:\/\/advantagedentalchicago.com\/es\/wp-json\/wp\/v2\/pages"}],"about":[{"href":"https:\/\/advantagedentalchicago.com\/es\/wp-json\/wp\/v2\/types\/page"}],"author":[{"embeddable":true,"href":"https:\/\/advantagedentalchicago.com\/es\/wp-json\/wp\/v2\/users\/1"}],"replies":[{"embeddable":true,"href":"https:\/\/advantagedentalchicago.com\/es\/wp-json\/wp\/v2\/comments?post=120"}],"version-history":[{"count":4,"href":"https:\/\/advantagedentalchicago.com\/es\/wp-json\/wp\/v2\/pages\/120\/revisions"}],"predecessor-version":[{"id":343,"href":"https:\/\/advantagedentalchicago.com\/es\/wp-json\/wp\/v2\/pages\/120\/revisions\/343"}],"up":[{"embeddable":true,"href":"https:\/\/advantagedentalchicago.com\/es\/wp-json\/wp\/v2\/pages\/94"}],"wp:attachment":[{"href":"https:\/\/advantagedentalchicago.com\/es\/wp-json\/wp\/v2\/media?parent=120"}],"curies":[{"name":"gracias","href":"https:\/\/api.w.org\/{rel}","templated":true}]}}