{"id":134,"date":"2020-06-14T13:34:52","date_gmt":"2020-06-14T13:34:52","guid":{"rendered":"https:\/\/advantagedentalchicago.com\/?page_id=134"},"modified":"2020-08-06T01:03:16","modified_gmt":"2020-08-06T01:03:16","slug":"chicago-dental-office-locations","status":"publish","type":"page","link":"https:\/\/advantagedentalchicago.com\/es\/chicago-dental-office-locations\/","title":{"rendered":""},"content":{"rendered":"<div class=\"vce-row-container\"><div class=\"vce-row vce-row--col-gap-30 vce-row-columns--top vce-row-content--top\" id=\"el-3abcbdd1\" data-vce-do-apply=\"all el-3abcbdd1\"><div class=\"vce-content-background-container\"><\/div><div class=\"vce-row-content\" data-vce-element-content=\"true\"><div class=\"vce-col vce-col--md-auto vce-col--xs-1 vce-col--xs-last vce-col--xs-first vce-col--sm-last vce-col--sm-first vce-col--md-last vce-col--lg-last vce-col--xl-last vce-col--md-first vce-col--lg-first vce-col--xl-first\" id=\"el-8c05812a\"><div class=\"vce-col-inner\" data-vce-do-apply=\"border margin background  el-8c05812a\"><div class=\"vce-col-content\" data-vce-element-content=\"true\" data-vce-do-apply=\"padding el-8c05812a\"><div class=\"vce-text-block\"><div class=\"vce-text-block-wrapper vce\" id=\"el-44ace5dc\" data-vce-do-apply=\"all el-44ace5dc\"><h2><span style=\"font-size: 34pt;\"><strong style=\"\/* font-size: 45px;\">Ubicaciones de las oficinas dentales de Chicago<\/strong><\/span><\/h2><p>Advantage Dental Care ofrece una gama de tratamientos de odontolog\u00eda general para la salud y la higiene bucales. Desde la identificaci\u00f3n de caries hasta los tratamientos de conducto y las coronas dentales, nuestro equipo de dentistas expertos en Chicago est\u00e1 all\u00ed para educar a los pacientes sobre su salud dental y la calidad de la prestaci\u00f3n, atenci\u00f3n dental familiar asequible en todo el centro de Chicago y el \u00e1rea metropolitana. Tambi\u00e9n brindamos orientaci\u00f3n en servicios de odontolog\u00eda preventiva para estar a la vanguardia de estas necesidades de odontolog\u00eda general.<\/p><\/div><\/div><div class=\"vce-button--style-basic-container vce-button--style-basic-container--align-left\"><span class=\"vce-button--style-basic-wrapper vce\" id=\"el-237e8283\" data-vce-do-apply=\"margin el-237e8283\"><a class=\"vce-button--style-basic vce-button--style-basic--border-round vce-button--style-basic--size-small vce-button--style-basic--color-b-23-80-147--fff vce-button--style-basic--hover-color-b-12-51-72--fff\" href=\"https:\/\/advantagedentalchicago.com\/es\/schedule-an-appointment\/\" title=\"\" data-vce-do-apply=\"padding border background  el-237e8283\">PROGRAMA UNA CITA HOY<\/a><\/span><\/div><\/div><\/div><\/div><\/div><\/div><\/div><div class=\"vce-row-container\"><div class=\"vce-row vce-row--col-gap-30 vce-row-columns--top vce-row-content--top\" id=\"el-4c5afe60\" data-vce-do-apply=\"all el-4c5afe60\"><div class=\"vce-content-background-container\"><\/div><div class=\"vce-row-content\" data-vce-element-content=\"true\"><div class=\"vce-col vce-col--md-auto vce-col--xs-1 vce-col--xs-last vce-col--xs-first vce-col--sm-last vce-col--sm-first vce-col--md-first vce-col--lg-first vce-col--xl-first\" id=\"el-5f50168c\"><div class=\"vce-col-inner\" data-vce-do-apply=\"border margin background  el-5f50168c\"><div class=\"vce-col-content\" data-vce-element-content=\"true\" data-vce-do-apply=\"padding el-5f50168c\"><div class=\"vce-text-block\"><div class=\"vce-text-block-wrapper vce\" id=\"el-1ade19bb\" data-vce-do-apply=\"all el-1ade19bb\"><h2 class=\"vc_custom_heading chicago-title vc_custom_1519639060777\"><strong>Consultorio dental de Chicago en 7300 N. Western Ave<\/strong><\/h2>\n<div class=\"wpb_gmaps_widget wpb_content_element with-container\">\n<div class=\"wpb_wrapper\">\n<div class=\"wpb_map_wraper\"><iframe loading=\"lazy\" src=\"https:\/\/www.google.com\/maps?f=q&amp;source=s_q&amp;hl=en&amp;geocode=&amp;q=7300+N+Western+Ave,+Chicago,+IL&amp;aq=0&amp;oq=7300+N+Western+Ave&amp;sll=41.833733,-87.731964&amp;sspn=0.620068,1.153564&amp;ie=UTF8&amp;hq=&amp;hnear=7300+N+Western+Ave,+Chicago,+Cook,+Illinois+60645&amp;t=m&amp;ll=42.014101,-87.690811&amp;spn=0.01116,0.025835&amp;z=14&amp;output=embed\" width=\"600\" height=\"300\" frameborder=\"0\" marginwidth=\"0\" marginheight=\"0\" scrolling=\"no\" data-mce-fragment=\"1\"><\/iframe><\/div>\n<\/div>\n<\/div>\n<h5 class=\"vc_custom_heading chicago-title-small vc_custom_1519639032121\"><strong>Contactanos en:<\/strong><\/h5>\n<div class=\"wpb_text_column wpb_content_element\">\n<div class=\"wpb_wrapper\">\n<ul class=\"x-ul-icons\">\n<li class=\"x-li-icon\">Chicago, IL 60645<\/li>\n<li class=\"x-li-icon\">773-338-8433<\/li>\n<li class=\"x-li-icon\">773-338-8434<\/li>\n<li class=\"x-li-icon\">advantagewestern@gmail.com<\/li>\n<\/ul>\n<\/div>\n<\/div>\n<h5 class=\"vc_custom_heading chicago-title-small vc_custom_1519638996978\"><strong>Abierto de lunes a s\u00e1bado<\/strong><\/h5>\n<div class=\"wpb_text_column wpb_content_element\">\n<div class=\"wpb_wrapper\">\n<p>Dr. QuaNeedria Logan, DDS<br>Dra. Katarzyna Zelichowski, DDS<\/p>\n<\/div>\n<\/div><\/div><\/div><\/div><\/div><\/div><div class=\"vce-col vce-col--md-auto vce-col--xs-1 vce-col--xs-last vce-col--xs-first vce-col--sm-last vce-col--sm-first vce-col--md-last vce-col--lg-last vce-col--xl-last\" id=\"el-764497b0\"><div class=\"vce-col-inner\" data-vce-do-apply=\"border margin background  el-764497b0\"><div class=\"vce-col-content\" data-vce-element-content=\"true\" data-vce-do-apply=\"padding el-764497b0\"><div class=\"vce-text-block\"><div class=\"vce-text-block-wrapper vce\" id=\"el-e9f0039a\" data-vce-do-apply=\"all el-e9f0039a\"><h2 class=\"vc_custom_heading chicago-title vc_custom_1519639053626\"><strong>Oficina dental de Chicago en 2020 California Ave<\/strong><\/h2>\n<div class=\"wpb_gmaps_widget wpb_content_element with-container\">\n<div class=\"wpb_wrapper\">\n<div class=\"wpb_map_wraper\"><iframe loading=\"lazy\" src=\"https:\/\/www.google.com\/maps?f=q&amp;source=s_q&amp;hl=en&amp;geocode=&amp;q=2020+n+california+ave&amp;aq=&amp;sll=42.014563,-87.690811&amp;sspn=0.009661,0.018024&amp;ie=UTF8&amp;hq=&amp;hnear=2020+N+California+Ave,+Chicago,+Cook,+Illinois+60647&amp;t=m&amp;ll=41.918693,-87.697849&amp;spn=0.011177,0.025749&amp;z=14&amp;output=embed\" width=\"600\" height=\"300\" frameborder=\"0\" marginwidth=\"0\" marginheight=\"0\" scrolling=\"no\" data-mce-fragment=\"1\"><\/iframe><\/div>\n<\/div>\n<\/div>\n<h5 class=\"vc_custom_heading chicago-title-small vc_custom_1519639015474\"><strong>Contactanos en:<\/strong><\/h5>\n<div class=\"wpb_text_column wpb_content_element\">\n<div class=\"wpb_wrapper\">\n<ul class=\"x-ul-icons\">\n<li class=\"x-li-icon\">Chicago, IL 60647<\/li>\n<li class=\"x-li-icon\">773-772-8001<\/li>\n<li class=\"x-li-icon\">773-772-8033<\/li>\n<li class=\"x-li-icon\">advantagecalifornia@gmail.com<\/li>\n<\/ul>\n<\/div>\n<\/div>\n<h5 class=\"vc_custom_heading chicago-title-small vc_custom_1519639023642\"><strong>Abierto de lunes a s\u00e1bado<\/strong><\/h5>\n<div class=\"wpb_text_column wpb_content_element\">\n<div class=\"wpb_wrapper\">\n<p>Dra. Jenny Jung, DMD<br>Dr. Matthew Phan, DDS<\/p>\n<\/div>\n<\/div><\/div><\/div><\/div><\/div><\/div><\/div><\/div><\/div>","protected":false},"excerpt":{"rendered":"<p>Chicago Dental Office LocationsAdvantage Dental Care offers a range of general dentistry treatments for oral health and hygiene. From identifying tooth decay to root canals to dental crowns, our team of expert dentists in Chicago are there to educate patients on their dental health and delivery quality, affordable family dental care across the Chicago downtown [&hellip;]<\/p>\n","protected":false},"author":1,"featured_media":0,"parent":0,"menu_order":0,"comment_status":"closed","ping_status":"closed","template":"","meta":{"site-sidebar-layout":"default","site-content-layout":"default","ast-site-content-layout":"default","site-content-style":"default","site-sidebar-style":"default","ast-global-header-display":"","ast-banner-title-visibility":"","ast-main-header-display":"","ast-hfb-above-header-display":"","ast-hfb-below-header-display":"","ast-hfb-mobile-header-display":"","site-post-title":"","ast-breadcrumbs-content":"","ast-featured-img":"","footer-sml-layout":"","ast-disable-related-posts":"","theme-transparent-header-meta":"default","adv-header-id-meta":"","stick-header-meta":"","header-above-stick-meta":"","header-main-stick-meta":"","header-below-stick-meta":"","astra-migrate-meta-layouts":"default","ast-page-background-enabled":"default","ast-page-background-meta":{"desktop":{"background-color":"","background-image":"","background-repeat":"repeat","background-position":"center center","background-size":"auto","background-attachment":"scroll","background-type":"","background-media":"","overlay-type":"","overlay-color":"","overlay-opacity":"","overlay-gradient":""},"tablet":{"background-color":"","background-image":"","background-repeat":"repeat","background-position":"center center","background-size":"auto","background-attachment":"scroll","background-type":"","background-media":"","overlay-type":"","overlay-color":"","overlay-opacity":"","overlay-gradient":""},"mobile":{"background-color":"","background-image":"","background-repeat":"repeat","background-position":"center center","background-size":"auto","background-attachment":"scroll","background-type":"","background-media":"","overlay-type":"","overlay-color":"","overlay-opacity":"","overlay-gradient":""}},"ast-content-background-meta":{"desktop":{"background-color":"var(--ast-global-color-5)","background-image":"","background-repeat":"repeat","background-position":"center center","background-size":"auto","background-attachment":"scroll","background-type":"","background-media":"","overlay-type":"","overlay-color":"","overlay-opacity":"","overlay-gradient":""},"tablet":{"background-color":"var(--ast-global-color-5)","background-image":"","background-repeat":"repeat","background-position":"center center","background-size":"auto","background-attachment":"scroll","background-type":"","background-media":"","overlay-type":"","overlay-color":"","overlay-opacity":"","overlay-gradient":""},"mobile":{"background-color":"var(--ast-global-color-5)","background-image":"","background-repeat":"repeat","background-position":"center center","background-size":"auto","background-attachment":"scroll","background-type":"","background-media":"","overlay-type":"","overlay-color":"","overlay-opacity":"","overlay-gradient":""}},"footnotes":""},"class_list":["post-134","page","type-page","status-publish","hentry"],"yoast_head":"<!-- This site is optimized with the Yoast SEO plugin v27.4 - https:\/\/yoast.com\/product\/yoast-seo-wordpress\/ -->\n<title>Chicago Dental Office Locations - Advantage Dental Care<\/title>\n<meta name=\"robots\" content=\"noindex, follow, max-snippet:-1, max-image-preview:large, max-video-preview:-1\" \/>\n<meta property=\"og:locale\" content=\"es_MX\" \/>\n<meta property=\"og:type\" content=\"article\" \/>\n<meta property=\"og:title\" content=\"Chicago Dental Office Locations - Advantage Dental Care\" \/>\n<meta property=\"og:description\" content=\"Chicago Dental Office LocationsAdvantage Dental Care offers a range of general dentistry treatments for oral health and hygiene. From identifying tooth decay to root canals to dental crowns, our team of expert dentists in Chicago are there to educate patients on their dental health and delivery quality, affordable family dental care across the Chicago downtown [&hellip;]\" \/>\n<meta property=\"og:url\" content=\"http:\/\/0z6.f92.myftpupload.com\/es\/chicago-dental-office-locations\/\" \/>\n<meta property=\"og:site_name\" content=\"Advantage Dental Care\" \/>\n<meta property=\"article:modified_time\" content=\"2020-08-06T01:03:16+00:00\" \/>\n<meta name=\"twitter:card\" content=\"summary_large_image\" \/>\n<meta name=\"twitter:label1\" content=\"Tiempo de lectura\" \/>\n\t<meta name=\"twitter:data1\" content=\"1 minuto\" \/>\n<script type=\"application\/ld+json\" class=\"yoast-schema-graph\">{\"@context\":\"https:\\\/\\\/schema.org\",\"@graph\":[{\"@type\":\"WebPage\",\"@id\":\"http:\\\/\\\/0z6.f92.myftpupload.com\\\/es\\\/chicago-dental-office-locations\\\/\",\"url\":\"http:\\\/\\\/0z6.f92.myftpupload.com\\\/es\\\/chicago-dental-office-locations\\\/\",\"name\":\"Chicago Dental Office Locations - Advantage Dental Care\",\"isPartOf\":{\"@id\":\"http:\\\/\\\/0z6.f92.myftpupload.com\\\/#website\"},\"datePublished\":\"2020-06-14T13:34:52+00:00\",\"dateModified\":\"2020-08-06T01:03:16+00:00\",\"inLanguage\":\"es\",\"potentialAction\":[{\"@type\":\"ReadAction\",\"target\":[\"http:\\\/\\\/0z6.f92.myftpupload.com\\\/es\\\/chicago-dental-office-locations\\\/\"]}]},{\"@type\":\"WebSite\",\"@id\":\"http:\\\/\\\/0z6.f92.myftpupload.com\\\/#website\",\"url\":\"http:\\\/\\\/0z6.f92.myftpupload.com\\\/\",\"name\":\"Advantage Dental Care\",\"description\":\"Advantage Dental Care\",\"publisher\":{\"@id\":\"http:\\\/\\\/0z6.f92.myftpupload.com\\\/#organization\"},\"potentialAction\":[{\"@type\":\"SearchAction\",\"target\":{\"@type\":\"EntryPoint\",\"urlTemplate\":\"http:\\\/\\\/0z6.f92.myftpupload.com\\\/?s={search_term_string}\"},\"query-input\":{\"@type\":\"PropertyValueSpecification\",\"valueRequired\":true,\"valueName\":\"search_term_string\"}}],\"inLanguage\":\"es\"},{\"@type\":\"Organization\",\"@id\":\"http:\\\/\\\/0z6.f92.myftpupload.com\\\/#organization\",\"name\":\"Advantage Dental Care\",\"url\":\"http:\\\/\\\/0z6.f92.myftpupload.com\\\/\",\"logo\":{\"@type\":\"ImageObject\",\"inLanguage\":\"es\",\"@id\":\"http:\\\/\\\/0z6.f92.myftpupload.com\\\/#\\\/schema\\\/logo\\\/image\\\/\",\"url\":\"https:\\\/\\\/advantagedentalchicago.com\\\/wp-content\\\/uploads\\\/2020\\\/06\\\/cropped-ADC-logo-1.png\",\"contentUrl\":\"https:\\\/\\\/advantagedentalchicago.com\\\/wp-content\\\/uploads\\\/2020\\\/06\\\/cropped-ADC-logo-1.png\",\"width\":240,\"height\":60,\"caption\":\"Advantage Dental Care\"},\"image\":{\"@id\":\"http:\\\/\\\/0z6.f92.myftpupload.com\\\/#\\\/schema\\\/logo\\\/image\\\/\"}}]}<\/script>\n<!-- \/ Yoast SEO plugin. -->","yoast_head_json":{"title":"Ubicaciones de consultorios dentales en Chicago - Advantage Dental Care","robots":{"index":"noindex","follow":"follow","max-snippet":"max-snippet:-1","max-image-preview":"max-image-preview:large","max-video-preview":"max-video-preview:-1"},"og_locale":"es_MX","og_type":"article","og_title":"Chicago Dental Office Locations - Advantage Dental Care","og_description":"Chicago Dental Office LocationsAdvantage Dental Care offers a range of general dentistry treatments for oral health and hygiene. From identifying tooth decay to root canals to dental crowns, our team of expert dentists in Chicago are there to educate patients on their dental health and delivery quality, affordable family dental care across the Chicago downtown [&hellip;]","og_url":"http:\/\/0z6.f92.myftpupload.com\/es\/chicago-dental-office-locations\/","og_site_name":"Advantage Dental Care","article_modified_time":"2020-08-06T01:03:16+00:00","twitter_card":"summary_large_image","twitter_misc":{"Tiempo de lectura":"1 minuto"},"schema":{"@context":"https:\/\/schema.org","@graph":[{"@type":"WebPage","@id":"http:\/\/0z6.f92.myftpupload.com\/es\/chicago-dental-office-locations\/","url":"http:\/\/0z6.f92.myftpupload.com\/es\/chicago-dental-office-locations\/","name":"Ubicaciones de consultorios dentales en Chicago - Advantage Dental Care","isPartOf":{"@id":"http:\/\/0z6.f92.myftpupload.com\/#website"},"datePublished":"2020-06-14T13:34:52+00:00","dateModified":"2020-08-06T01:03:16+00:00","inLanguage":"es","potentialAction":[{"@type":"ReadAction","target":["http:\/\/0z6.f92.myftpupload.com\/es\/chicago-dental-office-locations\/"]}]},{"@type":"WebSite","@id":"http:\/\/0z6.f92.myftpupload.com\/#website","url":"http:\/\/0z6.f92.myftpupload.com\/","name":"Ventaja de cuidado dental","description":"Ventaja de cuidado dental","publisher":{"@id":"http:\/\/0z6.f92.myftpupload.com\/#organization"},"potentialAction":[{"@type":"SearchAction","target":{"@type":"EntryPoint","urlTemplate":"http:\/\/0z6.f92.myftpupload.com\/?s={search_term_string}"},"query-input":{"@type":"PropertyValueSpecification","valueRequired":true,"valueName":"search_term_string"}}],"inLanguage":"es"},{"@type":"Organization","@id":"http:\/\/0z6.f92.myftpupload.com\/#organization","name":"Ventaja de cuidado dental","url":"http:\/\/0z6.f92.myftpupload.com\/","logo":{"@type":"ImageObject","inLanguage":"es","@id":"http:\/\/0z6.f92.myftpupload.com\/#\/schema\/logo\/image\/","url":"https:\/\/advantagedentalchicago.com\/wp-content\/uploads\/2020\/06\/cropped-ADC-logo-1.png","contentUrl":"https:\/\/advantagedentalchicago.com\/wp-content\/uploads\/2020\/06\/cropped-ADC-logo-1.png","width":240,"height":60,"caption":"Advantage Dental Care"},"image":{"@id":"http:\/\/0z6.f92.myftpupload.com\/#\/schema\/logo\/image\/"}}]}},"_links":{"self":[{"href":"https:\/\/advantagedentalchicago.com\/es\/wp-json\/wp\/v2\/pages\/134","targetHints":{"allow":["GET"]}}],"collection":[{"href":"https:\/\/advantagedentalchicago.com\/es\/wp-json\/wp\/v2\/pages"}],"about":[{"href":"https:\/\/advantagedentalchicago.com\/es\/wp-json\/wp\/v2\/types\/page"}],"author":[{"embeddable":true,"href":"https:\/\/advantagedentalchicago.com\/es\/wp-json\/wp\/v2\/users\/1"}],"replies":[{"embeddable":true,"href":"https:\/\/advantagedentalchicago.com\/es\/wp-json\/wp\/v2\/comments?post=134"}],"version-history":[{"count":7,"href":"https:\/\/advantagedentalchicago.com\/es\/wp-json\/wp\/v2\/pages\/134\/revisions"}],"predecessor-version":[{"id":360,"href":"https:\/\/advantagedentalchicago.com\/es\/wp-json\/wp\/v2\/pages\/134\/revisions\/360"}],"wp:attachment":[{"href":"https:\/\/advantagedentalchicago.com\/es\/wp-json\/wp\/v2\/media?parent=134"}],"curies":[{"name":"gracias","href":"https:\/\/api.w.org\/{rel}","templated":true}]}}