{"id":172,"date":"2020-06-16T14:52:50","date_gmt":"2020-06-16T14:52:50","guid":{"rendered":"https:\/\/advantagedentalchicago.com\/?page_id=172"},"modified":"2025-02-23T15:12:15","modified_gmt":"2025-02-23T15:12:15","slug":"dr-randy-chang-dds","status":"publish","type":"page","link":"https:\/\/advantagedentalchicago.com\/es\/meet-the-dentists\/dr-randy-chang-dds\/","title":{"rendered":"Dr. Randy Chang, DDS"},"content":{"rendered":"<div class=\"vce-row-container\" data-vce-boxed-width=\"true\"><div class=\"vce-row vce-row--col-gap-30 vce-row-content--top\" id=\"el-ba30ed9e\" data-vce-do-apply=\"all el-ba30ed9e\"><div class=\"vce-content-background-container\"><\/div><div class=\"vce-row-content\" data-vce-element-content=\"true\"><div class=\"vce-col vce-col--md-25p vce-col--xs-1 vce-col--xs-last vce-col--xs-first vce-col--sm-last vce-col--sm-first vce-col--md-first vce-col--lg-first vce-col--xl-first\" id=\"el-c35f8425\"><div class=\"vce-col-inner\" data-vce-do-apply=\"border margin background  el-c35f8425\"><div class=\"vce-col-content\" data-vce-element-content=\"true\" data-vce-do-apply=\"padding el-c35f8425\"><div class=\"vce-single-image-container vce-single-image--align-center\"><div class=\"vce vce-single-image-wrapper\" id=\"el-e3fd9290\" data-vce-do-apply=\"all el-e3fd9290\"><figure><div class=\"vce-single-image-figure-inner\" style=\"width: 1707px;\"><div class=\"vce-single-image-inner vce-single-image--absolute\" style=\"width: 100%; padding-bottom: 149.971%;\"><img decoding=\"async\" class=\"vce-single-image\" src=\"https:\/\/advantagedentalchicago.com\/wp-content\/uploads\/2025\/02\/Dr-Randy-Chang-DDS-scaled.jpeg\" data-img-src=\"https:\/\/advantagedentalchicago.com\/wp-content\/uploads\/2025\/02\/Dr-Randy-Chang-DDS-scaled.jpeg\" data-attachment-id=\"683\" alt=\"Dr. Randy Chang, DDS\" title=\"Dr. Randy Chang DDS\"><\/div><\/div><figcaption hidden=\"\"><\/figcaption><\/figure><\/div><\/div><\/div><\/div><\/div><div class=\"vce-col vce-col--md-75p vce-col--xs-1 vce-col--xs-last vce-col--xs-first vce-col--sm-last vce-col--sm-first vce-col--md-last vce-col--lg-last vce-col--xl-last\" id=\"el-af9441e7\"><div class=\"vce-col-inner\" data-vce-do-apply=\"border margin background  el-af9441e7\"><div class=\"vce-col-content\" data-vce-element-content=\"true\" data-vce-do-apply=\"padding el-af9441e7\"><div class=\"vce-text-block\"><div class=\"vce-text-block-wrapper vce\" id=\"el-524b087b\" data-vce-do-apply=\"all el-524b087b\"><h2><span style=\"font-size: 18pt;\"><strong>Dr. Randy Chang, DDS<\/strong><\/span><\/h2><p>El Dr. Randy Chang, DDS obtuvo su Licenciatura en Ciencias (Biolog\u00eda) de la Universidad de Illinois en Urbana-Champaign. En 2001, obtuvo su t\u00edtulo de Doctor en Cirug\u00eda Dental del Centro de Ciencias de la Salud de la Universidad de Tennessee. Despu\u00e9s de graduarse de la Escuela de Odontolog\u00eda, fue una transici\u00f3n natural para el Dr. Chang regresar a casa para comenzar su carrera en el \u00e1rea de Chicago. Trabaj\u00f3 para dos consultorios dentales grupales adquiriendo una valiosa experiencia antes de abrir su primera cl\u00ednica en 2004. El Dr. Chang ahora es due\u00f1o y opera ocho cl\u00ednicas dentales en el \u00e1rea de Chicago. Asiste constantemente a numerosos cursos de educaci\u00f3n continua que le permiten mantenerse al d\u00eda con todos los avances en Odontolog\u00eda. M\u00e1s importante a\u00fan, el Dr. Chang siempre intenta empatizar con sus pacientes y disfruta el hecho de que la odontolog\u00eda le brinda la oportunidad de ayudar a las personas. Est\u00e1 certificado por la junta y tiene licencia para practicar odontolog\u00eda en Illinois, California y Tennessee. El Dr. Chang es miembro de la Sociedad Dental de Chicago, la Sociedad Dental del Estado de Illinois y la Asociaci\u00f3n Dental Americana.<\/p><\/div><\/div><div class=\"vce-button--style-basic-container vce-button--style-basic-container--align-left\"><span class=\"vce-button--style-basic-wrapper vce\" id=\"el-838d327a\" data-vce-do-apply=\"margin el-838d327a\"><a class=\"vce-button vce-button--style-basic vce-button--style-basic--border-round vce-button--style-basic--size-medium vce-button--style-basic--color-b-23-80-147--fff vce-button--style-basic--hover-color-b-12-51-72--fff\" href=\"http:\/\/0z6.f92.myftpupload.com\/schedule-an-appointment\/\" title=\"\" data-vce-do-apply=\"padding border background  el-838d327a\">PROGRAMAR UNA CONSULTA HOY<\/a><\/span><\/div><\/div><\/div><\/div><\/div><\/div><\/div>","protected":false},"excerpt":{"rendered":"<p>Dr. Randy Chang, DDSDr. Randy Chang, DDS earned his Bachelor of Science (Biology) Degree from the University of Illinois at Urbana-Champaign. In 2001, he earned his Doctor of Dental Surgery Degree from The University of Tennessee Health Science Center. Upon graduation from Dental School, it was a natural transition for Dr. Chang to return home [&hellip;]<\/p>\n","protected":false},"author":1,"featured_media":0,"parent":123,"menu_order":0,"comment_status":"closed","ping_status":"closed","template":"","meta":{"site-sidebar-layout":"default","site-content-layout":"default","ast-site-content-layout":"default","site-content-style":"default","site-sidebar-style":"default","ast-global-header-display":"","ast-banner-title-visibility":"","ast-main-header-display":"","ast-hfb-above-header-display":"","ast-hfb-below-header-display":"","ast-hfb-mobile-header-display":"","site-post-title":"disabled","ast-breadcrumbs-content":"","ast-featured-img":"","footer-sml-layout":"","ast-disable-related-posts":"","theme-transparent-header-meta":"default","adv-header-id-meta":"","stick-header-meta":"","header-above-stick-meta":"","header-main-stick-meta":"","header-below-stick-meta":"","astra-migrate-meta-layouts":"default","ast-page-background-enabled":"default","ast-page-background-meta":{"desktop":{"background-color":"","background-image":"","background-repeat":"repeat","background-position":"center center","background-size":"auto","background-attachment":"scroll","background-type":"","background-media":"","overlay-type":"","overlay-color":"","overlay-opacity":"","overlay-gradient":""},"tablet":{"background-color":"","background-image":"","background-repeat":"repeat","background-position":"center center","background-size":"auto","background-attachment":"scroll","background-type":"","background-media":"","overlay-type":"","overlay-color":"","overlay-opacity":"","overlay-gradient":""},"mobile":{"background-color":"","background-image":"","background-repeat":"repeat","background-position":"center center","background-size":"auto","background-attachment":"scroll","background-type":"","background-media":"","overlay-type":"","overlay-color":"","overlay-opacity":"","overlay-gradient":""}},"ast-content-background-meta":{"desktop":{"background-color":"var(--ast-global-color-5)","background-image":"","background-repeat":"repeat","background-position":"center center","background-size":"auto","background-attachment":"scroll","background-type":"","background-media":"","overlay-type":"","overlay-color":"","overlay-opacity":"","overlay-gradient":""},"tablet":{"background-color":"var(--ast-global-color-5)","background-image":"","background-repeat":"repeat","background-position":"center center","background-size":"auto","background-attachment":"scroll","background-type":"","background-media":"","overlay-type":"","overlay-color":"","overlay-opacity":"","overlay-gradient":""},"mobile":{"background-color":"var(--ast-global-color-5)","background-image":"","background-repeat":"repeat","background-position":"center center","background-size":"auto","background-attachment":"scroll","background-type":"","background-media":"","overlay-type":"","overlay-color":"","overlay-opacity":"","overlay-gradient":""}},"footnotes":""},"class_list":["post-172","page","type-page","status-publish","hentry"],"yoast_head":"<!-- This site is optimized with the Yoast SEO plugin v27.4 - https:\/\/yoast.com\/product\/yoast-seo-wordpress\/ -->\n<title>Dr Randy Chang, DDS - Advantage Dental Care<\/title>\n<meta name=\"robots\" content=\"noindex, follow, max-snippet:-1, max-image-preview:large, max-video-preview:-1\" \/>\n<meta property=\"og:locale\" content=\"es_MX\" \/>\n<meta property=\"og:type\" content=\"article\" \/>\n<meta property=\"og:title\" content=\"Dr Randy Chang, DDS - Advantage Dental Care\" \/>\n<meta property=\"og:description\" content=\"Dr. Randy Chang, DDSDr. Randy Chang, DDS earned his Bachelor of Science (Biology) Degree from the University of Illinois at Urbana-Champaign. In 2001, he earned his Doctor of Dental Surgery Degree from The University of Tennessee Health Science Center. Upon graduation from Dental School, it was a natural transition for Dr. Chang to return home [&hellip;]\" \/>\n<meta property=\"og:url\" content=\"https:\/\/advantagedentalchicago.com\/es\/meet-the-dentists\/dr-randy-chang-dds\/\" \/>\n<meta property=\"og:site_name\" content=\"Advantage Dental Care\" \/>\n<meta property=\"article:modified_time\" content=\"2025-02-23T15:12:15+00:00\" \/>\n<meta name=\"twitter:card\" content=\"summary_large_image\" \/>\n<meta name=\"twitter:label1\" content=\"Tiempo de lectura\" \/>\n\t<meta name=\"twitter:data1\" content=\"1 minuto\" \/>\n<script type=\"application\/ld+json\" class=\"yoast-schema-graph\">{\"@context\":\"https:\\\/\\\/schema.org\",\"@graph\":[{\"@type\":\"WebPage\",\"@id\":\"https:\\\/\\\/advantagedentalchicago.com\\\/meet-the-dentists\\\/dr-randy-chang-dds\\\/\",\"url\":\"https:\\\/\\\/advantagedentalchicago.com\\\/meet-the-dentists\\\/dr-randy-chang-dds\\\/\",\"name\":\"Dr Randy Chang, DDS - Advantage Dental Care\",\"isPartOf\":{\"@id\":\"http:\\\/\\\/0z6.f92.myftpupload.com\\\/#website\"},\"datePublished\":\"2020-06-16T14:52:50+00:00\",\"dateModified\":\"2025-02-23T15:12:15+00:00\",\"breadcrumb\":{\"@id\":\"https:\\\/\\\/advantagedentalchicago.com\\\/meet-the-dentists\\\/dr-randy-chang-dds\\\/#breadcrumb\"},\"inLanguage\":\"es\",\"potentialAction\":[{\"@type\":\"ReadAction\",\"target\":[\"https:\\\/\\\/advantagedentalchicago.com\\\/meet-the-dentists\\\/dr-randy-chang-dds\\\/\"]}]},{\"@type\":\"BreadcrumbList\",\"@id\":\"https:\\\/\\\/advantagedentalchicago.com\\\/meet-the-dentists\\\/dr-randy-chang-dds\\\/#breadcrumb\",\"itemListElement\":[{\"@type\":\"ListItem\",\"position\":1,\"name\":\"Home\",\"item\":\"http:\\\/\\\/0z6.f92.myftpupload.com\\\/\"},{\"@type\":\"ListItem\",\"position\":2,\"name\":\"Meet Our Chicago Dentists\",\"item\":\"https:\\\/\\\/advantagedentalchicago.com\\\/meet-the-dentists\\\/\"},{\"@type\":\"ListItem\",\"position\":3,\"name\":\"Dr Randy Chang, DDS\"}]},{\"@type\":\"WebSite\",\"@id\":\"http:\\\/\\\/0z6.f92.myftpupload.com\\\/#website\",\"url\":\"http:\\\/\\\/0z6.f92.myftpupload.com\\\/\",\"name\":\"Advantage Dental Care\",\"description\":\"Advantage Dental Care\",\"publisher\":{\"@id\":\"http:\\\/\\\/0z6.f92.myftpupload.com\\\/#organization\"},\"potentialAction\":[{\"@type\":\"SearchAction\",\"target\":{\"@type\":\"EntryPoint\",\"urlTemplate\":\"http:\\\/\\\/0z6.f92.myftpupload.com\\\/?s={search_term_string}\"},\"query-input\":{\"@type\":\"PropertyValueSpecification\",\"valueRequired\":true,\"valueName\":\"search_term_string\"}}],\"inLanguage\":\"es\"},{\"@type\":\"Organization\",\"@id\":\"http:\\\/\\\/0z6.f92.myftpupload.com\\\/#organization\",\"name\":\"Advantage Dental Care\",\"url\":\"http:\\\/\\\/0z6.f92.myftpupload.com\\\/\",\"logo\":{\"@type\":\"ImageObject\",\"inLanguage\":\"es\",\"@id\":\"http:\\\/\\\/0z6.f92.myftpupload.com\\\/#\\\/schema\\\/logo\\\/image\\\/\",\"url\":\"https:\\\/\\\/advantagedentalchicago.com\\\/wp-content\\\/uploads\\\/2020\\\/06\\\/cropped-ADC-logo-1.png\",\"contentUrl\":\"https:\\\/\\\/advantagedentalchicago.com\\\/wp-content\\\/uploads\\\/2020\\\/06\\\/cropped-ADC-logo-1.png\",\"width\":240,\"height\":60,\"caption\":\"Advantage Dental Care\"},\"image\":{\"@id\":\"http:\\\/\\\/0z6.f92.myftpupload.com\\\/#\\\/schema\\\/logo\\\/image\\\/\"}}]}<\/script>\n<!-- \/ Yoast SEO plugin. -->","yoast_head_json":{"title":"Dr. Randy Chang, DDS - Advantage Dental Care","robots":{"index":"noindex","follow":"follow","max-snippet":"max-snippet:-1","max-image-preview":"max-image-preview:large","max-video-preview":"max-video-preview:-1"},"og_locale":"es_MX","og_type":"article","og_title":"Dr Randy Chang, DDS - Advantage Dental Care","og_description":"Dr. Randy Chang, DDSDr. Randy Chang, DDS earned his Bachelor of Science (Biology) Degree from the University of Illinois at Urbana-Champaign. In 2001, he earned his Doctor of Dental Surgery Degree from The University of Tennessee Health Science Center. Upon graduation from Dental School, it was a natural transition for Dr. Chang to return home [&hellip;]","og_url":"https:\/\/advantagedentalchicago.com\/es\/meet-the-dentists\/dr-randy-chang-dds\/","og_site_name":"Advantage Dental Care","article_modified_time":"2025-02-23T15:12:15+00:00","twitter_card":"summary_large_image","twitter_misc":{"Tiempo de lectura":"1 minuto"},"schema":{"@context":"https:\/\/schema.org","@graph":[{"@type":"WebPage","@id":"https:\/\/advantagedentalchicago.com\/meet-the-dentists\/dr-randy-chang-dds\/","url":"https:\/\/advantagedentalchicago.com\/meet-the-dentists\/dr-randy-chang-dds\/","name":"Dr. Randy Chang, DDS - Advantage Dental Care","isPartOf":{"@id":"http:\/\/0z6.f92.myftpupload.com\/#website"},"datePublished":"2020-06-16T14:52:50+00:00","dateModified":"2025-02-23T15:12:15+00:00","breadcrumb":{"@id":"https:\/\/advantagedentalchicago.com\/meet-the-dentists\/dr-randy-chang-dds\/#breadcrumb"},"inLanguage":"es","potentialAction":[{"@type":"ReadAction","target":["https:\/\/advantagedentalchicago.com\/meet-the-dentists\/dr-randy-chang-dds\/"]}]},{"@type":"BreadcrumbList","@id":"https:\/\/advantagedentalchicago.com\/meet-the-dentists\/dr-randy-chang-dds\/#breadcrumb","itemListElement":[{"@type":"ListItem","position":1,"name":"Home","item":"http:\/\/0z6.f92.myftpupload.com\/"},{"@type":"ListItem","position":2,"name":"Meet Our Chicago Dentists","item":"https:\/\/advantagedentalchicago.com\/meet-the-dentists\/"},{"@type":"ListItem","position":3,"name":"Dr Randy Chang, DDS"}]},{"@type":"WebSite","@id":"http:\/\/0z6.f92.myftpupload.com\/#website","url":"http:\/\/0z6.f92.myftpupload.com\/","name":"Ventaja de cuidado dental","description":"Ventaja de cuidado dental","publisher":{"@id":"http:\/\/0z6.f92.myftpupload.com\/#organization"},"potentialAction":[{"@type":"SearchAction","target":{"@type":"EntryPoint","urlTemplate":"http:\/\/0z6.f92.myftpupload.com\/?s={search_term_string}"},"query-input":{"@type":"PropertyValueSpecification","valueRequired":true,"valueName":"search_term_string"}}],"inLanguage":"es"},{"@type":"Organization","@id":"http:\/\/0z6.f92.myftpupload.com\/#organization","name":"Ventaja de cuidado dental","url":"http:\/\/0z6.f92.myftpupload.com\/","logo":{"@type":"ImageObject","inLanguage":"es","@id":"http:\/\/0z6.f92.myftpupload.com\/#\/schema\/logo\/image\/","url":"https:\/\/advantagedentalchicago.com\/wp-content\/uploads\/2020\/06\/cropped-ADC-logo-1.png","contentUrl":"https:\/\/advantagedentalchicago.com\/wp-content\/uploads\/2020\/06\/cropped-ADC-logo-1.png","width":240,"height":60,"caption":"Advantage Dental Care"},"image":{"@id":"http:\/\/0z6.f92.myftpupload.com\/#\/schema\/logo\/image\/"}}]}},"_links":{"self":[{"href":"https:\/\/advantagedentalchicago.com\/es\/wp-json\/wp\/v2\/pages\/172","targetHints":{"allow":["GET"]}}],"collection":[{"href":"https:\/\/advantagedentalchicago.com\/es\/wp-json\/wp\/v2\/pages"}],"about":[{"href":"https:\/\/advantagedentalchicago.com\/es\/wp-json\/wp\/v2\/types\/page"}],"author":[{"embeddable":true,"href":"https:\/\/advantagedentalchicago.com\/es\/wp-json\/wp\/v2\/users\/1"}],"replies":[{"embeddable":true,"href":"https:\/\/advantagedentalchicago.com\/es\/wp-json\/wp\/v2\/comments?post=172"}],"version-history":[{"count":5,"href":"https:\/\/advantagedentalchicago.com\/es\/wp-json\/wp\/v2\/pages\/172\/revisions"}],"predecessor-version":[{"id":684,"href":"https:\/\/advantagedentalchicago.com\/es\/wp-json\/wp\/v2\/pages\/172\/revisions\/684"}],"up":[{"embeddable":true,"href":"https:\/\/advantagedentalchicago.com\/es\/wp-json\/wp\/v2\/pages\/123"}],"wp:attachment":[{"href":"https:\/\/advantagedentalchicago.com\/es\/wp-json\/wp\/v2\/media?parent=172"}],"curies":[{"name":"gracias","href":"https:\/\/api.w.org\/{rel}","templated":true}]}}