{"id":208,"date":"2020-06-18T08:37:10","date_gmt":"2020-06-18T08:37:10","guid":{"rendered":"https:\/\/advantagedentalchicago.com\/?page_id=208"},"modified":"2020-08-04T02:08:08","modified_gmt":"2020-08-04T02:08:08","slug":"dental-crowns-in-chicago-il","status":"publish","type":"page","link":"https:\/\/advantagedentalchicago.com\/es\/chicago-dental-services\/general-dentistry-in-chicago\/dental-crowns-in-chicago-il\/","title":{"rendered":""},"content":{"rendered":"<div class=\"vce-row-container\"><div class=\"vce-row vce-row--col-gap-30 vce-row-columns--top vce-row-content--top\" id=\"el-fe1a6af6\" data-vce-do-apply=\"all el-fe1a6af6\"><div class=\"vce-content-background-container\"><\/div><div class=\"vce-row-content\" data-vce-element-content=\"true\"><div class=\"vce-col vce-col--md-auto vce-col--xs-1 vce-col--xs-last vce-col--xs-first vce-col--sm-last vce-col--sm-first vce-col--md-last vce-col--lg-last vce-col--xl-last vce-col--md-first vce-col--lg-first vce-col--xl-first\" id=\"el-96dc41f2\"><div class=\"vce-col-inner\" data-vce-do-apply=\"border margin background  el-96dc41f2\"><div class=\"vce-col-content\" data-vce-element-content=\"true\" data-vce-do-apply=\"padding el-96dc41f2\"><div class=\"vce-text-block\"><div class=\"vce-text-block-wrapper vce\" id=\"el-dd00dac7\" data-vce-do-apply=\"all el-dd00dac7\"><h2><span style=\"font-size: 32pt;\"><strong>Coronas dentales<\/strong><\/span><\/h2><p>Se recomienda un procedimiento de corona dental si un diente se ha agrietado o le falta una porci\u00f3n grande, por lo que se requiere un implante dental. Debido a la complejidad, una corona dental puede requerir m\u00faltiples citas para garantizar que la corona de un diente est\u00e9 correctamente colocada. En la 1\u00aa cita, se prepara el implante dental y se toma un molde del diente. El molde o &#039;impresi\u00f3n&#039; se env\u00eda a un laboratorio donde se har\u00e1 una corona para el diente. En Midwest Family Dental ofrecemos algunos de los mejores cuidados de implantes dentales en el \u00e1rea de Chicago. Para asegurar su comodidad despu\u00e9s de la primera cita, saldr\u00e1 con una corona temporal y regresar\u00e1 2-3 semanas despu\u00e9s para cementar la corona dental definitiva \/ permanente.<\/p><\/div><\/div><div class=\"vce-button--style-basic-container vce-button--style-basic-container--align-left\"><span class=\"vce-button--style-basic-wrapper vce\" id=\"el-fc0e569e\" data-vce-do-apply=\"margin el-fc0e569e\"><a class=\"vce-button--style-basic vce-button--style-basic--border-round vce-button--style-basic--size-medium vce-button--style-basic--color-b-23-80-147--fff vce-button--style-basic--hover-color-b-12-51-72--fff\" href=\"https:\/\/advantagedentalchicago.com\/es\/schedule-an-appointment\/\" title=\"\" data-vce-do-apply=\"padding border background  el-fc0e569e\">PROGRAMAR UNA CONSULTA HOY<\/a><\/span><\/div><div class=\"vce-single-image-container vce-single-image--align-center\"><div class=\"vce vce-single-image-wrapper\" id=\"el-d9fbb9e0\" data-vce-do-apply=\"all el-d9fbb9e0\"><figure><div class=\"vce-single-image-inner vce-single-image--absolute\" style=\"padding-bottom: 81.6883%; width: 770px;\"><img decoding=\"async\" class=\"vce-single-image\" src=\"https:\/\/advantagedentalchicago.com\/wp-content\/uploads\/2020\/06\/crowns.jpg\" data-img-src=\"https:\/\/advantagedentalchicago.com\/wp-content\/uploads\/2020\/06\/crowns.jpg\" alt=\"\" title=\"coronas\"><\/div><figcaption hidden=\"\"><\/figcaption><\/figure><\/div><\/div><\/div><\/div><\/div><\/div><\/div><\/div><div class=\"vce-row-container\"><div class=\"vce-row vce-row--col-gap-30 vce-row-columns--top vce-row-content--top\" id=\"el-499458b2\" data-vce-do-apply=\"all el-499458b2\"><div class=\"vce-content-background-container\"><\/div><div class=\"vce-row-content\" data-vce-element-content=\"true\"><div class=\"vce-col vce-col--md-auto vce-col--xs-1 vce-col--xs-last vce-col--xs-first vce-col--sm-last vce-col--sm-first vce-col--md-last vce-col--lg-last vce-col--xl-last vce-col--md-first vce-col--lg-first vce-col--xl-first\" id=\"el-0ebf5912\"><div class=\"vce-col-inner\" data-vce-do-apply=\"border margin background  el-0ebf5912\"><div class=\"vce-col-content\" data-vce-element-content=\"true\" data-vce-do-apply=\"padding el-0ebf5912\"><div class=\"vce-text-block\"><div class=\"vce-text-block-wrapper vce\" id=\"el-ece368f7\" data-vce-do-apply=\"all el-ece368f7\"><h2 style=\"text-align: left;\"><span style=\"font-size: 24pt;\"><strong>Diente agrietado<\/strong><\/span><\/h2><\/div><\/div><div class=\"vce-yt-video-player vce-yt-video-player--align-left vce-yt-video-player--size-853x480\"><div class=\"vce vce-yt-video-player-wrapper\" id=\"el-bf82a33b\" data-vce-do-apply=\"all el-bf82a33b\" style=\"width: 853px;\"><div class=\"vce-yt-video-player-inner\"><iframe loading=\"lazy\" class=\"vce-yt-video-player-iframe\" src=\"https:\/\/www.youtube.com\/embed\/NpCvbeU142c?autoplay=0&amp;mute=0&amp;color=red&amp;controls=1&amp;loop=0&amp;rel=0&amp;start=0&amp;cc_load_policy=0&amp;iv_load_policy=3\" width=\"640\" height=\"390\" frameborder=\"0\" allowfullscreen=\"true\"><\/iframe><\/div><\/div><\/div><\/div><\/div><\/div><\/div><\/div><\/div><div class=\"vce-row-container\"><div class=\"vce-row vce-row--col-gap-30 vce-row-columns--top vce-row-content--top\" id=\"el-bcdb2c99\" data-vce-do-apply=\"all el-bcdb2c99\"><div class=\"vce-content-background-container\"><\/div><div class=\"vce-row-content\" data-vce-element-content=\"true\"><div class=\"vce-col vce-col--md-auto vce-col--xs-1 vce-col--xs-last vce-col--xs-first vce-col--sm-last vce-col--sm-first vce-col--md-last vce-col--lg-last vce-col--xl-last vce-col--md-first vce-col--lg-first vce-col--xl-first\" id=\"el-cb1e9407\"><div class=\"vce-col-inner\" data-vce-do-apply=\"border margin background  el-cb1e9407\"><div class=\"vce-col-content\" data-vce-element-content=\"true\" data-vce-do-apply=\"padding el-cb1e9407\"><div class=\"vce-text-block\"><div class=\"vce-text-block-wrapper vce\" id=\"el-6cb2f052\" data-vce-do-apply=\"all el-6cb2f052\"><p><span style=\"font-size: 32px;\"><strong>Coronas dentales de cer\u00e1mica y metal frente a todas las coronas dentales de cer\u00e1mica<\/strong><\/span><\/p><\/div><\/div><div class=\"vce-yt-video-player vce-yt-video-player--align-left vce-yt-video-player--size-853x480\"><div class=\"vce vce-yt-video-player-wrapper\" id=\"el-5c4188ac\" data-vce-do-apply=\"all el-5c4188ac\" style=\"width: 853px;\"><div class=\"vce-yt-video-player-inner\"><iframe loading=\"lazy\" class=\"vce-yt-video-player-iframe\" src=\"https:\/\/www.youtube.com\/embed\/SBUmUhgjG1g?autoplay=0&amp;mute=0&amp;color=red&amp;controls=1&amp;loop=0&amp;rel=0&amp;start=0&amp;cc_load_policy=0&amp;iv_load_policy=3\" width=\"640\" height=\"390\" frameborder=\"0\" allowfullscreen=\"true\"><\/iframe><\/div><\/div><\/div><\/div><\/div><\/div><\/div><\/div><\/div><div class=\"vce-row-container\"><div class=\"vce-row vce-row--col-gap-30 vce-row-columns--top vce-row-content--top\" id=\"el-2075b265\" data-vce-do-apply=\"all el-2075b265\"><div class=\"vce-content-background-container\"><\/div><div class=\"vce-row-content\" data-vce-element-content=\"true\"><div class=\"vce-col vce-col--md-auto vce-col--xs-1 vce-col--xs-last vce-col--xs-first vce-col--sm-last vce-col--sm-first vce-col--md-last vce-col--lg-last vce-col--xl-last vce-col--md-first vce-col--lg-first vce-col--xl-first\" id=\"el-9a2f2654\"><div class=\"vce-col-inner\" data-vce-do-apply=\"border margin background  el-9a2f2654\"><div class=\"vce-col-content\" data-vce-element-content=\"true\" data-vce-do-apply=\"padding el-9a2f2654\"><div class=\"vce-text-block\"><div class=\"vce-text-block-wrapper vce\" id=\"el-03cb2889\" data-vce-do-apply=\"all el-03cb2889\"><p><span style=\"font-size: 32px;\"><strong>Poste y n\u00facleo prefabricados<\/strong><\/span><\/p><\/div><\/div><div class=\"vce-yt-video-player vce-yt-video-player--align-left vce-yt-video-player--size-853x480\"><div class=\"vce vce-yt-video-player-wrapper\" id=\"el-785d57d8\" data-vce-do-apply=\"all el-785d57d8\" style=\"width: 853px;\"><div class=\"vce-yt-video-player-inner\"><iframe loading=\"lazy\" class=\"vce-yt-video-player-iframe\" src=\"https:\/\/www.youtube.com\/embed\/puZSbSCcifo?autoplay=0&amp;mute=0&amp;color=red&amp;controls=1&amp;loop=0&amp;rel=0&amp;start=0&amp;cc_load_policy=0&amp;iv_load_policy=3\" width=\"640\" height=\"390\" frameborder=\"0\" allowfullscreen=\"true\"><\/iframe><\/div><\/div><\/div><\/div><\/div><\/div><\/div><\/div><\/div>","protected":false},"excerpt":{"rendered":"<p>Dental CrownsA dental crown procedure is recommended if a tooth has cracked or is missing a large portion thus requiring a tooth implant. Due to complexity a dental crown can take multiple appointments to ensure a crown for a tooth is properly set. At the 1st appointment, the tooth implant is prepared and a mold [&hellip;]<\/p>\n","protected":false},"author":1,"featured_media":0,"parent":100,"menu_order":0,"comment_status":"closed","ping_status":"closed","template":"","meta":{"site-sidebar-layout":"default","site-content-layout":"default","ast-site-content-layout":"default","site-content-style":"default","site-sidebar-style":"default","ast-global-header-display":"","ast-banner-title-visibility":"","ast-main-header-display":"","ast-hfb-above-header-display":"","ast-hfb-below-header-display":"","ast-hfb-mobile-header-display":"","site-post-title":"","ast-breadcrumbs-content":"","ast-featured-img":"","footer-sml-layout":"","ast-disable-related-posts":"","theme-transparent-header-meta":"default","adv-header-id-meta":"","stick-header-meta":"","header-above-stick-meta":"","header-main-stick-meta":"","header-below-stick-meta":"","astra-migrate-meta-layouts":"default","ast-page-background-enabled":"default","ast-page-background-meta":{"desktop":{"background-color":"","background-image":"","background-repeat":"repeat","background-position":"center center","background-size":"auto","background-attachment":"scroll","background-type":"","background-media":"","overlay-type":"","overlay-color":"","overlay-opacity":"","overlay-gradient":""},"tablet":{"background-color":"","background-image":"","background-repeat":"repeat","background-position":"center center","background-size":"auto","background-attachment":"scroll","background-type":"","background-media":"","overlay-type":"","overlay-color":"","overlay-opacity":"","overlay-gradient":""},"mobile":{"background-color":"","background-image":"","background-repeat":"repeat","background-position":"center center","background-size":"auto","background-attachment":"scroll","background-type":"","background-media":"","overlay-type":"","overlay-color":"","overlay-opacity":"","overlay-gradient":""}},"ast-content-background-meta":{"desktop":{"background-color":"var(--ast-global-color-5)","background-image":"","background-repeat":"repeat","background-position":"center center","background-size":"auto","background-attachment":"scroll","background-type":"","background-media":"","overlay-type":"","overlay-color":"","overlay-opacity":"","overlay-gradient":""},"tablet":{"background-color":"var(--ast-global-color-5)","background-image":"","background-repeat":"repeat","background-position":"center center","background-size":"auto","background-attachment":"scroll","background-type":"","background-media":"","overlay-type":"","overlay-color":"","overlay-opacity":"","overlay-gradient":""},"mobile":{"background-color":"var(--ast-global-color-5)","background-image":"","background-repeat":"repeat","background-position":"center center","background-size":"auto","background-attachment":"scroll","background-type":"","background-media":"","overlay-type":"","overlay-color":"","overlay-opacity":"","overlay-gradient":""}},"footnotes":""},"class_list":["post-208","page","type-page","status-publish","hentry"],"yoast_head":"<!-- This site is optimized with the Yoast SEO plugin v27.4 - https:\/\/yoast.com\/product\/yoast-seo-wordpress\/ -->\n<title>Dental Crowns in Chicago, IL - Advantage Dental Care<\/title>\n<meta name=\"robots\" content=\"noindex, follow, max-snippet:-1, max-image-preview:large, max-video-preview:-1\" \/>\n<meta property=\"og:locale\" content=\"es_MX\" \/>\n<meta property=\"og:type\" content=\"article\" \/>\n<meta property=\"og:title\" content=\"Dental Crowns in Chicago, IL - Advantage Dental Care\" \/>\n<meta property=\"og:description\" content=\"Dental CrownsA dental crown procedure is recommended if a tooth has cracked or is missing a large portion thus requiring a tooth implant. Due to complexity a dental crown can take multiple appointments to ensure a crown for a tooth is properly set. At the 1st appointment, the tooth implant is prepared and a mold [&hellip;]\" \/>\n<meta property=\"og:url\" content=\"http:\/\/0z6.f92.myftpupload.com\/chicago-dental-services\/general-dentistry-in-chicago\/dental-crowns-in-chicago-il\/\" \/>\n<meta property=\"og:site_name\" content=\"Advantage Dental Care\" \/>\n<meta property=\"article:modified_time\" content=\"2020-08-04T02:08:08+00:00\" \/>\n<meta property=\"og:image\" content=\"http:\/\/|!|vcvUploadUrl|!|\/2020\/06\/crowns.jpg\" \/>\n<meta name=\"twitter:card\" content=\"summary_large_image\" \/>\n<meta name=\"twitter:label1\" content=\"Tiempo de lectura\" \/>\n\t<meta name=\"twitter:data1\" content=\"1 minuto\" \/>\n<script type=\"application\/ld+json\" class=\"yoast-schema-graph\">{\"@context\":\"https:\\\/\\\/schema.org\",\"@graph\":[{\"@type\":\"WebPage\",\"@id\":\"http:\\\/\\\/0z6.f92.myftpupload.com\\\/chicago-dental-services\\\/general-dentistry-in-chicago\\\/dental-crowns-in-chicago-il\\\/\",\"url\":\"http:\\\/\\\/0z6.f92.myftpupload.com\\\/chicago-dental-services\\\/general-dentistry-in-chicago\\\/dental-crowns-in-chicago-il\\\/\",\"name\":\"Dental Crowns in Chicago, IL - Advantage Dental Care\",\"isPartOf\":{\"@id\":\"http:\\\/\\\/0z6.f92.myftpupload.com\\\/#website\"},\"datePublished\":\"2020-06-18T08:37:10+00:00\",\"dateModified\":\"2020-08-04T02:08:08+00:00\",\"breadcrumb\":{\"@id\":\"http:\\\/\\\/0z6.f92.myftpupload.com\\\/chicago-dental-services\\\/general-dentistry-in-chicago\\\/dental-crowns-in-chicago-il\\\/#breadcrumb\"},\"inLanguage\":\"es\",\"potentialAction\":[{\"@type\":\"ReadAction\",\"target\":[\"http:\\\/\\\/0z6.f92.myftpupload.com\\\/chicago-dental-services\\\/general-dentistry-in-chicago\\\/dental-crowns-in-chicago-il\\\/\"]}]},{\"@type\":\"BreadcrumbList\",\"@id\":\"http:\\\/\\\/0z6.f92.myftpupload.com\\\/chicago-dental-services\\\/general-dentistry-in-chicago\\\/dental-crowns-in-chicago-il\\\/#breadcrumb\",\"itemListElement\":[{\"@type\":\"ListItem\",\"position\":1,\"name\":\"Home\",\"item\":\"http:\\\/\\\/0z6.f92.myftpupload.com\\\/\"},{\"@type\":\"ListItem\",\"position\":2,\"name\":\"Chicago Dental Services\",\"item\":\"http:\\\/\\\/0z6.f92.myftpupload.com\\\/chicago-dental-services\\\/\"},{\"@type\":\"ListItem\",\"position\":3,\"name\":\"General Dentistry in Chicago\",\"item\":\"http:\\\/\\\/0z6.f92.myftpupload.com\\\/chicago-dental-services\\\/general-dentistry-in-chicago\\\/\"}]},{\"@type\":\"WebSite\",\"@id\":\"http:\\\/\\\/0z6.f92.myftpupload.com\\\/#website\",\"url\":\"http:\\\/\\\/0z6.f92.myftpupload.com\\\/\",\"name\":\"Advantage Dental Care\",\"description\":\"Advantage Dental Care\",\"publisher\":{\"@id\":\"http:\\\/\\\/0z6.f92.myftpupload.com\\\/#organization\"},\"potentialAction\":[{\"@type\":\"SearchAction\",\"target\":{\"@type\":\"EntryPoint\",\"urlTemplate\":\"http:\\\/\\\/0z6.f92.myftpupload.com\\\/?s={search_term_string}\"},\"query-input\":{\"@type\":\"PropertyValueSpecification\",\"valueRequired\":true,\"valueName\":\"search_term_string\"}}],\"inLanguage\":\"es\"},{\"@type\":\"Organization\",\"@id\":\"http:\\\/\\\/0z6.f92.myftpupload.com\\\/#organization\",\"name\":\"Advantage Dental Care\",\"url\":\"http:\\\/\\\/0z6.f92.myftpupload.com\\\/\",\"logo\":{\"@type\":\"ImageObject\",\"inLanguage\":\"es\",\"@id\":\"http:\\\/\\\/0z6.f92.myftpupload.com\\\/#\\\/schema\\\/logo\\\/image\\\/\",\"url\":\"https:\\\/\\\/advantagedentalchicago.com\\\/wp-content\\\/uploads\\\/2020\\\/06\\\/cropped-ADC-logo-1.png\",\"contentUrl\":\"https:\\\/\\\/advantagedentalchicago.com\\\/wp-content\\\/uploads\\\/2020\\\/06\\\/cropped-ADC-logo-1.png\",\"width\":240,\"height\":60,\"caption\":\"Advantage Dental Care\"},\"image\":{\"@id\":\"http:\\\/\\\/0z6.f92.myftpupload.com\\\/#\\\/schema\\\/logo\\\/image\\\/\"}}]}<\/script>\n<!-- \/ Yoast SEO plugin. -->","yoast_head_json":{"title":"Coronas dentales en Chicago, IL - Advantage Dental Care","robots":{"index":"noindex","follow":"follow","max-snippet":"max-snippet:-1","max-image-preview":"max-image-preview:large","max-video-preview":"max-video-preview:-1"},"og_locale":"es_MX","og_type":"article","og_title":"Dental Crowns in Chicago, IL - Advantage Dental Care","og_description":"Dental CrownsA dental crown procedure is recommended if a tooth has cracked or is missing a large portion thus requiring a tooth implant. Due to complexity a dental crown can take multiple appointments to ensure a crown for a tooth is properly set. At the 1st appointment, the tooth implant is prepared and a mold [&hellip;]","og_url":"http:\/\/0z6.f92.myftpupload.com\/chicago-dental-services\/general-dentistry-in-chicago\/dental-crowns-in-chicago-il\/","og_site_name":"Advantage Dental Care","article_modified_time":"2020-08-04T02:08:08+00:00","og_image":[{"url":"|!|vcvUploadUrl|!|\/2020\/06\/crowns.jpg","type":"","width":"","height":""}],"twitter_card":"summary_large_image","twitter_misc":{"Tiempo de lectura":"1 minuto"},"schema":{"@context":"https:\/\/schema.org","@graph":[{"@type":"WebPage","@id":"http:\/\/0z6.f92.myftpupload.com\/chicago-dental-services\/general-dentistry-in-chicago\/dental-crowns-in-chicago-il\/","url":"http:\/\/0z6.f92.myftpupload.com\/chicago-dental-services\/general-dentistry-in-chicago\/dental-crowns-in-chicago-il\/","name":"Coronas dentales en Chicago, IL - Advantage Dental Care","isPartOf":{"@id":"http:\/\/0z6.f92.myftpupload.com\/#website"},"datePublished":"2020-06-18T08:37:10+00:00","dateModified":"2020-08-04T02:08:08+00:00","breadcrumb":{"@id":"http:\/\/0z6.f92.myftpupload.com\/chicago-dental-services\/general-dentistry-in-chicago\/dental-crowns-in-chicago-il\/#breadcrumb"},"inLanguage":"es","potentialAction":[{"@type":"ReadAction","target":["http:\/\/0z6.f92.myftpupload.com\/chicago-dental-services\/general-dentistry-in-chicago\/dental-crowns-in-chicago-il\/"]}]},{"@type":"BreadcrumbList","@id":"http:\/\/0z6.f92.myftpupload.com\/chicago-dental-services\/general-dentistry-in-chicago\/dental-crowns-in-chicago-il\/#breadcrumb","itemListElement":[{"@type":"ListItem","position":1,"name":"Home","item":"http:\/\/0z6.f92.myftpupload.com\/"},{"@type":"ListItem","position":2,"name":"Chicago Dental Services","item":"http:\/\/0z6.f92.myftpupload.com\/chicago-dental-services\/"},{"@type":"ListItem","position":3,"name":"General Dentistry in Chicago","item":"http:\/\/0z6.f92.myftpupload.com\/chicago-dental-services\/general-dentistry-in-chicago\/"}]},{"@type":"WebSite","@id":"http:\/\/0z6.f92.myftpupload.com\/#website","url":"http:\/\/0z6.f92.myftpupload.com\/","name":"Ventaja de cuidado dental","description":"Ventaja de cuidado dental","publisher":{"@id":"http:\/\/0z6.f92.myftpupload.com\/#organization"},"potentialAction":[{"@type":"SearchAction","target":{"@type":"EntryPoint","urlTemplate":"http:\/\/0z6.f92.myftpupload.com\/?s={search_term_string}"},"query-input":{"@type":"PropertyValueSpecification","valueRequired":true,"valueName":"search_term_string"}}],"inLanguage":"es"},{"@type":"Organization","@id":"http:\/\/0z6.f92.myftpupload.com\/#organization","name":"Ventaja de cuidado dental","url":"http:\/\/0z6.f92.myftpupload.com\/","logo":{"@type":"ImageObject","inLanguage":"es","@id":"http:\/\/0z6.f92.myftpupload.com\/#\/schema\/logo\/image\/","url":"https:\/\/advantagedentalchicago.com\/wp-content\/uploads\/2020\/06\/cropped-ADC-logo-1.png","contentUrl":"https:\/\/advantagedentalchicago.com\/wp-content\/uploads\/2020\/06\/cropped-ADC-logo-1.png","width":240,"height":60,"caption":"Advantage Dental Care"},"image":{"@id":"http:\/\/0z6.f92.myftpupload.com\/#\/schema\/logo\/image\/"}}]}},"_links":{"self":[{"href":"https:\/\/advantagedentalchicago.com\/es\/wp-json\/wp\/v2\/pages\/208","targetHints":{"allow":["GET"]}}],"collection":[{"href":"https:\/\/advantagedentalchicago.com\/es\/wp-json\/wp\/v2\/pages"}],"about":[{"href":"https:\/\/advantagedentalchicago.com\/es\/wp-json\/wp\/v2\/types\/page"}],"author":[{"embeddable":true,"href":"https:\/\/advantagedentalchicago.com\/es\/wp-json\/wp\/v2\/users\/1"}],"replies":[{"embeddable":true,"href":"https:\/\/advantagedentalchicago.com\/es\/wp-json\/wp\/v2\/comments?post=208"}],"version-history":[{"count":7,"href":"https:\/\/advantagedentalchicago.com\/es\/wp-json\/wp\/v2\/pages\/208\/revisions"}],"predecessor-version":[{"id":359,"href":"https:\/\/advantagedentalchicago.com\/es\/wp-json\/wp\/v2\/pages\/208\/revisions\/359"}],"up":[{"embeddable":true,"href":"https:\/\/advantagedentalchicago.com\/es\/wp-json\/wp\/v2\/pages\/100"}],"wp:attachment":[{"href":"https:\/\/advantagedentalchicago.com\/es\/wp-json\/wp\/v2\/media?parent=208"}],"curies":[{"name":"gracias","href":"https:\/\/api.w.org\/{rel}","templated":true}]}}