{"id":211,"date":"2020-06-18T08:40:10","date_gmt":"2020-06-18T08:40:10","guid":{"rendered":"https:\/\/advantagedentalchicago.com\/?page_id=211"},"modified":"2020-06-26T23:34:11","modified_gmt":"2020-06-26T23:34:11","slug":"dental-bridge","status":"publish","type":"page","link":"https:\/\/advantagedentalchicago.com\/es\/chicago-dental-services\/general-dentistry-in-chicago\/dental-bridge\/","title":{"rendered":"Puentes dentales en Chicago, IL"},"content":{"rendered":"<div class=\"vce-row-container\"><div class=\"vce-row vce-row--col-gap-30 vce-row-columns--top vce-row-content--top\" id=\"el-4fc2b1b9\" data-vce-do-apply=\"all el-4fc2b1b9\"><div class=\"vce-content-background-container\"><\/div><div class=\"vce-row-content\" data-vce-element-content=\"true\"><div class=\"vce-col vce-col--md-auto vce-col--xs-1 vce-col--xs-last vce-col--xs-first vce-col--sm-last vce-col--sm-first vce-col--md-last vce-col--lg-last vce-col--xl-last vce-col--md-first vce-col--lg-first vce-col--xl-first\" id=\"el-74aeaf3c\"><div class=\"vce-col-inner\" data-vce-do-apply=\"border margin background  el-74aeaf3c\"><div class=\"vce-col-content\" data-vce-element-content=\"true\" data-vce-do-apply=\"padding el-74aeaf3c\"><div class=\"vce-text-block\"><div class=\"vce-text-block-wrapper vce\" id=\"el-93535528\" data-vce-do-apply=\"all el-93535528\"><h2><a href=\"\/es\/root-canal\/\"><span style=\"font-size: 32pt;\"><strong>Puentes dentales (tambi\u00e9n conocidos como puentes fijos)<\/strong><\/span><\/a><\/h2><p>Un m\u00e9todo para reemplazar permanentemente los dientes perdidos es con la pr\u00e1ctica de odontolog\u00eda general conocida como puente fijo. Este procedimiento dental general es similar a una corona en el sentido de que se necesitan 2 citas, ya que los dientes deben prepararse o afeitarse durante la primera cita. Un puente hace exactamente lo que su nombre significa: \u201cune\u201d el espacio dejado por un diente o dientes faltantes.<\/p><\/div><\/div><div class=\"vce-text-block\"><div class=\"vce-text-block-wrapper vce\" id=\"el-e2f92918\" data-vce-do-apply=\"all el-e2f92918\"><p style=\"text-align: center; margin-top: 40px;\"><a style=\"text-align: center;\" href=\"http:\/\/localhost\/dental\/wp-content\/\/wp-content\/uploads\/2018\/02\/CROWNS-BRIDGES-Bridge-235x300.jpg\"><img loading=\"lazy\" decoding=\"async\" class=\"size-medium wp-image-150 aligncenter\" src=\"http:\/\/localhost\/dental\/wp-content\/\/wp-content\/uploads\/2018\/02\/CROWNS-BRIDGES-Bridge-235x300.jpg\" alt=\"\" width=\"300\" height=\"298\"><\/a><\/p><div class=\"x-text\"><h4 style=\"text-align: left;\"><span style=\"font-size: 18pt;\"><strong>Puente de 3 unidades<\/strong><\/span><\/h4><p><iframe loading=\"lazy\" src=\"https:\/\/www.youtube.com\/embed\/eNOvBOpi7S0?rel=0\" width=\"100%\" height=\"600\" frameborder=\"0\" allowfullscreen=\"allowfullscreen\"><\/iframe><\/p><\/div><\/div><\/div><\/div><\/div><\/div><\/div><\/div><\/div>","protected":false},"excerpt":{"rendered":"<p>Dental Bridges (aka fixed bridges)One method of permanently replacing missing teeth is with the general dentistry practice known as a fixed bridge. This general dental procedure is similar to a crown in that it takes 2 appointments as the teeth need to be prepared or shaved during the 1st appointment. A bridge does exactly what [&hellip;]<\/p>\n","protected":false},"author":1,"featured_media":0,"parent":100,"menu_order":0,"comment_status":"closed","ping_status":"closed","template":"","meta":{"site-sidebar-layout":"default","site-content-layout":"default","ast-site-content-layout":"default","site-content-style":"default","site-sidebar-style":"default","ast-global-header-display":"","ast-banner-title-visibility":"","ast-main-header-display":"","ast-hfb-above-header-display":"","ast-hfb-below-header-display":"","ast-hfb-mobile-header-display":"","site-post-title":"disabled","ast-breadcrumbs-content":"","ast-featured-img":"","footer-sml-layout":"","ast-disable-related-posts":"","theme-transparent-header-meta":"default","adv-header-id-meta":"","stick-header-meta":"","header-above-stick-meta":"","header-main-stick-meta":"","header-below-stick-meta":"","astra-migrate-meta-layouts":"default","ast-page-background-enabled":"default","ast-page-background-meta":{"desktop":{"background-color":"","background-image":"","background-repeat":"repeat","background-position":"center center","background-size":"auto","background-attachment":"scroll","background-type":"","background-media":"","overlay-type":"","overlay-color":"","overlay-opacity":"","overlay-gradient":""},"tablet":{"background-color":"","background-image":"","background-repeat":"repeat","background-position":"center center","background-size":"auto","background-attachment":"scroll","background-type":"","background-media":"","overlay-type":"","overlay-color":"","overlay-opacity":"","overlay-gradient":""},"mobile":{"background-color":"","background-image":"","background-repeat":"repeat","background-position":"center center","background-size":"auto","background-attachment":"scroll","background-type":"","background-media":"","overlay-type":"","overlay-color":"","overlay-opacity":"","overlay-gradient":""}},"ast-content-background-meta":{"desktop":{"background-color":"var(--ast-global-color-5)","background-image":"","background-repeat":"repeat","background-position":"center center","background-size":"auto","background-attachment":"scroll","background-type":"","background-media":"","overlay-type":"","overlay-color":"","overlay-opacity":"","overlay-gradient":""},"tablet":{"background-color":"var(--ast-global-color-5)","background-image":"","background-repeat":"repeat","background-position":"center center","background-size":"auto","background-attachment":"scroll","background-type":"","background-media":"","overlay-type":"","overlay-color":"","overlay-opacity":"","overlay-gradient":""},"mobile":{"background-color":"var(--ast-global-color-5)","background-image":"","background-repeat":"repeat","background-position":"center center","background-size":"auto","background-attachment":"scroll","background-type":"","background-media":"","overlay-type":"","overlay-color":"","overlay-opacity":"","overlay-gradient":""}},"footnotes":""},"class_list":["post-211","page","type-page","status-publish","hentry"],"yoast_head":"<!-- This site is optimized with the Yoast SEO plugin v27.4 - https:\/\/yoast.com\/product\/yoast-seo-wordpress\/ -->\n<title>Dental Bridges in Chicago, IL - Advantage Dental Care<\/title>\n<meta name=\"robots\" content=\"noindex, follow, max-snippet:-1, max-image-preview:large, max-video-preview:-1\" \/>\n<meta property=\"og:locale\" content=\"es_MX\" \/>\n<meta property=\"og:type\" content=\"article\" \/>\n<meta property=\"og:title\" content=\"Dental Bridges in Chicago, IL - Advantage Dental Care\" \/>\n<meta property=\"og:description\" content=\"Dental Bridges (aka fixed bridges)One method of permanently replacing missing teeth is with the general dentistry practice known as a fixed bridge. This general dental procedure is similar to a crown in that it takes 2 appointments as the teeth need to be prepared or shaved during the 1st appointment. A bridge does exactly what [&hellip;]\" \/>\n<meta property=\"og:url\" content=\"http:\/\/0z6.f92.myftpupload.com\/chicago-dental-services\/general-dentistry-in-chicago\/dental-bridge\/\" \/>\n<meta property=\"og:site_name\" content=\"Advantage Dental Care\" \/>\n<meta property=\"article:modified_time\" content=\"2020-06-26T23:34:11+00:00\" \/>\n<meta property=\"og:image\" content=\"http:\/\/localhost\/dental\/wp-content\/\/wp-content\/uploads\/2018\/02\/CROWNS-BRIDGES-Bridge-235x300.jpg\" \/>\n<meta name=\"twitter:card\" content=\"summary_large_image\" \/>\n<script type=\"application\/ld+json\" class=\"yoast-schema-graph\">{\"@context\":\"https:\\\/\\\/schema.org\",\"@graph\":[{\"@type\":\"WebPage\",\"@id\":\"http:\\\/\\\/0z6.f92.myftpupload.com\\\/chicago-dental-services\\\/general-dentistry-in-chicago\\\/dental-bridge\\\/\",\"url\":\"http:\\\/\\\/0z6.f92.myftpupload.com\\\/chicago-dental-services\\\/general-dentistry-in-chicago\\\/dental-bridge\\\/\",\"name\":\"Dental Bridges in Chicago, IL - Advantage Dental Care\",\"isPartOf\":{\"@id\":\"http:\\\/\\\/0z6.f92.myftpupload.com\\\/#website\"},\"primaryImageOfPage\":{\"@id\":\"http:\\\/\\\/0z6.f92.myftpupload.com\\\/chicago-dental-services\\\/general-dentistry-in-chicago\\\/dental-bridge\\\/#primaryimage\"},\"image\":{\"@id\":\"http:\\\/\\\/0z6.f92.myftpupload.com\\\/chicago-dental-services\\\/general-dentistry-in-chicago\\\/dental-bridge\\\/#primaryimage\"},\"thumbnailUrl\":\"http:\\\/\\\/localhost\\\/dental\\\/wp-content\\\/\\\/wp-content\\\/uploads\\\/2018\\\/02\\\/CROWNS-BRIDGES-Bridge-235x300.jpg\",\"datePublished\":\"2020-06-18T08:40:10+00:00\",\"dateModified\":\"2020-06-26T23:34:11+00:00\",\"breadcrumb\":{\"@id\":\"http:\\\/\\\/0z6.f92.myftpupload.com\\\/chicago-dental-services\\\/general-dentistry-in-chicago\\\/dental-bridge\\\/#breadcrumb\"},\"inLanguage\":\"es\",\"potentialAction\":[{\"@type\":\"ReadAction\",\"target\":[\"http:\\\/\\\/0z6.f92.myftpupload.com\\\/chicago-dental-services\\\/general-dentistry-in-chicago\\\/dental-bridge\\\/\"]}]},{\"@type\":\"ImageObject\",\"inLanguage\":\"es\",\"@id\":\"http:\\\/\\\/0z6.f92.myftpupload.com\\\/chicago-dental-services\\\/general-dentistry-in-chicago\\\/dental-bridge\\\/#primaryimage\",\"url\":\"http:\\\/\\\/localhost\\\/dental\\\/wp-content\\\/\\\/wp-content\\\/uploads\\\/2018\\\/02\\\/CROWNS-BRIDGES-Bridge-235x300.jpg\",\"contentUrl\":\"http:\\\/\\\/localhost\\\/dental\\\/wp-content\\\/\\\/wp-content\\\/uploads\\\/2018\\\/02\\\/CROWNS-BRIDGES-Bridge-235x300.jpg\"},{\"@type\":\"BreadcrumbList\",\"@id\":\"http:\\\/\\\/0z6.f92.myftpupload.com\\\/chicago-dental-services\\\/general-dentistry-in-chicago\\\/dental-bridge\\\/#breadcrumb\",\"itemListElement\":[{\"@type\":\"ListItem\",\"position\":1,\"name\":\"Home\",\"item\":\"http:\\\/\\\/0z6.f92.myftpupload.com\\\/\"},{\"@type\":\"ListItem\",\"position\":2,\"name\":\"Chicago Dental Services\",\"item\":\"http:\\\/\\\/0z6.f92.myftpupload.com\\\/chicago-dental-services\\\/\"},{\"@type\":\"ListItem\",\"position\":3,\"name\":\"General Dentistry in Chicago\",\"item\":\"http:\\\/\\\/0z6.f92.myftpupload.com\\\/chicago-dental-services\\\/general-dentistry-in-chicago\\\/\"},{\"@type\":\"ListItem\",\"position\":4,\"name\":\"Dental Bridges in Chicago, IL\"}]},{\"@type\":\"WebSite\",\"@id\":\"http:\\\/\\\/0z6.f92.myftpupload.com\\\/#website\",\"url\":\"http:\\\/\\\/0z6.f92.myftpupload.com\\\/\",\"name\":\"Advantage Dental Care\",\"description\":\"Advantage Dental Care\",\"publisher\":{\"@id\":\"http:\\\/\\\/0z6.f92.myftpupload.com\\\/#organization\"},\"potentialAction\":[{\"@type\":\"SearchAction\",\"target\":{\"@type\":\"EntryPoint\",\"urlTemplate\":\"http:\\\/\\\/0z6.f92.myftpupload.com\\\/?s={search_term_string}\"},\"query-input\":{\"@type\":\"PropertyValueSpecification\",\"valueRequired\":true,\"valueName\":\"search_term_string\"}}],\"inLanguage\":\"es\"},{\"@type\":\"Organization\",\"@id\":\"http:\\\/\\\/0z6.f92.myftpupload.com\\\/#organization\",\"name\":\"Advantage Dental Care\",\"url\":\"http:\\\/\\\/0z6.f92.myftpupload.com\\\/\",\"logo\":{\"@type\":\"ImageObject\",\"inLanguage\":\"es\",\"@id\":\"http:\\\/\\\/0z6.f92.myftpupload.com\\\/#\\\/schema\\\/logo\\\/image\\\/\",\"url\":\"https:\\\/\\\/advantagedentalchicago.com\\\/wp-content\\\/uploads\\\/2020\\\/06\\\/cropped-ADC-logo-1.png\",\"contentUrl\":\"https:\\\/\\\/advantagedentalchicago.com\\\/wp-content\\\/uploads\\\/2020\\\/06\\\/cropped-ADC-logo-1.png\",\"width\":240,\"height\":60,\"caption\":\"Advantage Dental Care\"},\"image\":{\"@id\":\"http:\\\/\\\/0z6.f92.myftpupload.com\\\/#\\\/schema\\\/logo\\\/image\\\/\"}}]}<\/script>\n<!-- \/ Yoast SEO plugin. -->","yoast_head_json":{"title":"Puentes dentales en Chicago, IL - Advantage Dental Care","robots":{"index":"noindex","follow":"follow","max-snippet":"max-snippet:-1","max-image-preview":"max-image-preview:large","max-video-preview":"max-video-preview:-1"},"og_locale":"es_MX","og_type":"article","og_title":"Dental Bridges in Chicago, IL - Advantage Dental Care","og_description":"Dental Bridges (aka fixed bridges)One method of permanently replacing missing teeth is with the general dentistry practice known as a fixed bridge. This general dental procedure is similar to a crown in that it takes 2 appointments as the teeth need to be prepared or shaved during the 1st appointment. A bridge does exactly what [&hellip;]","og_url":"http:\/\/0z6.f92.myftpupload.com\/chicago-dental-services\/general-dentistry-in-chicago\/dental-bridge\/","og_site_name":"Advantage Dental Care","article_modified_time":"2020-06-26T23:34:11+00:00","og_image":[{"url":"http:\/\/localhost\/dental\/wp-content\/\/wp-content\/uploads\/2018\/02\/CROWNS-BRIDGES-Bridge-235x300.jpg","type":"","width":"","height":""}],"twitter_card":"summary_large_image","schema":{"@context":"https:\/\/schema.org","@graph":[{"@type":"WebPage","@id":"http:\/\/0z6.f92.myftpupload.com\/chicago-dental-services\/general-dentistry-in-chicago\/dental-bridge\/","url":"http:\/\/0z6.f92.myftpupload.com\/chicago-dental-services\/general-dentistry-in-chicago\/dental-bridge\/","name":"Puentes dentales en Chicago, IL - Advantage Dental Care","isPartOf":{"@id":"http:\/\/0z6.f92.myftpupload.com\/#website"},"primaryImageOfPage":{"@id":"http:\/\/0z6.f92.myftpupload.com\/chicago-dental-services\/general-dentistry-in-chicago\/dental-bridge\/#primaryimage"},"image":{"@id":"http:\/\/0z6.f92.myftpupload.com\/chicago-dental-services\/general-dentistry-in-chicago\/dental-bridge\/#primaryimage"},"thumbnailUrl":"http:\/\/localhost\/dental\/wp-content\/\/wp-content\/uploads\/2018\/02\/CROWNS-BRIDGES-Bridge-235x300.jpg","datePublished":"2020-06-18T08:40:10+00:00","dateModified":"2020-06-26T23:34:11+00:00","breadcrumb":{"@id":"http:\/\/0z6.f92.myftpupload.com\/chicago-dental-services\/general-dentistry-in-chicago\/dental-bridge\/#breadcrumb"},"inLanguage":"es","potentialAction":[{"@type":"ReadAction","target":["http:\/\/0z6.f92.myftpupload.com\/chicago-dental-services\/general-dentistry-in-chicago\/dental-bridge\/"]}]},{"@type":"ImageObject","inLanguage":"es","@id":"http:\/\/0z6.f92.myftpupload.com\/chicago-dental-services\/general-dentistry-in-chicago\/dental-bridge\/#primaryimage","url":"http:\/\/localhost\/dental\/wp-content\/\/wp-content\/uploads\/2018\/02\/CROWNS-BRIDGES-Bridge-235x300.jpg","contentUrl":"http:\/\/localhost\/dental\/wp-content\/\/wp-content\/uploads\/2018\/02\/CROWNS-BRIDGES-Bridge-235x300.jpg"},{"@type":"BreadcrumbList","@id":"http:\/\/0z6.f92.myftpupload.com\/chicago-dental-services\/general-dentistry-in-chicago\/dental-bridge\/#breadcrumb","itemListElement":[{"@type":"ListItem","position":1,"name":"Home","item":"http:\/\/0z6.f92.myftpupload.com\/"},{"@type":"ListItem","position":2,"name":"Chicago Dental Services","item":"http:\/\/0z6.f92.myftpupload.com\/chicago-dental-services\/"},{"@type":"ListItem","position":3,"name":"General Dentistry in Chicago","item":"http:\/\/0z6.f92.myftpupload.com\/chicago-dental-services\/general-dentistry-in-chicago\/"},{"@type":"ListItem","position":4,"name":"Dental Bridges in Chicago, IL"}]},{"@type":"WebSite","@id":"http:\/\/0z6.f92.myftpupload.com\/#website","url":"http:\/\/0z6.f92.myftpupload.com\/","name":"Ventaja de cuidado dental","description":"Ventaja de cuidado dental","publisher":{"@id":"http:\/\/0z6.f92.myftpupload.com\/#organization"},"potentialAction":[{"@type":"SearchAction","target":{"@type":"EntryPoint","urlTemplate":"http:\/\/0z6.f92.myftpupload.com\/?s={search_term_string}"},"query-input":{"@type":"PropertyValueSpecification","valueRequired":true,"valueName":"search_term_string"}}],"inLanguage":"es"},{"@type":"Organization","@id":"http:\/\/0z6.f92.myftpupload.com\/#organization","name":"Ventaja de cuidado dental","url":"http:\/\/0z6.f92.myftpupload.com\/","logo":{"@type":"ImageObject","inLanguage":"es","@id":"http:\/\/0z6.f92.myftpupload.com\/#\/schema\/logo\/image\/","url":"https:\/\/advantagedentalchicago.com\/wp-content\/uploads\/2020\/06\/cropped-ADC-logo-1.png","contentUrl":"https:\/\/advantagedentalchicago.com\/wp-content\/uploads\/2020\/06\/cropped-ADC-logo-1.png","width":240,"height":60,"caption":"Advantage Dental Care"},"image":{"@id":"http:\/\/0z6.f92.myftpupload.com\/#\/schema\/logo\/image\/"}}]}},"_links":{"self":[{"href":"https:\/\/advantagedentalchicago.com\/es\/wp-json\/wp\/v2\/pages\/211","targetHints":{"allow":["GET"]}}],"collection":[{"href":"https:\/\/advantagedentalchicago.com\/es\/wp-json\/wp\/v2\/pages"}],"about":[{"href":"https:\/\/advantagedentalchicago.com\/es\/wp-json\/wp\/v2\/types\/page"}],"author":[{"embeddable":true,"href":"https:\/\/advantagedentalchicago.com\/es\/wp-json\/wp\/v2\/users\/1"}],"replies":[{"embeddable":true,"href":"https:\/\/advantagedentalchicago.com\/es\/wp-json\/wp\/v2\/comments?post=211"}],"version-history":[{"count":4,"href":"https:\/\/advantagedentalchicago.com\/es\/wp-json\/wp\/v2\/pages\/211\/revisions"}],"predecessor-version":[{"id":341,"href":"https:\/\/advantagedentalchicago.com\/es\/wp-json\/wp\/v2\/pages\/211\/revisions\/341"}],"up":[{"embeddable":true,"href":"https:\/\/advantagedentalchicago.com\/es\/wp-json\/wp\/v2\/pages\/100"}],"wp:attachment":[{"href":"https:\/\/advantagedentalchicago.com\/es\/wp-json\/wp\/v2\/media?parent=211"}],"curies":[{"name":"gracias","href":"https:\/\/api.w.org\/{rel}","templated":true}]}}