{"id":215,"date":"2020-06-18T08:43:55","date_gmt":"2020-06-18T08:43:55","guid":{"rendered":"https:\/\/advantagedentalchicago.com\/?page_id=215"},"modified":"2020-06-18T08:48:48","modified_gmt":"2020-06-18T08:48:48","slug":"dentures","status":"publish","type":"page","link":"https:\/\/advantagedentalchicago.com\/es\/chicago-dental-services\/general-dentistry-in-chicago\/dentures\/","title":{"rendered":"Dentadura postiza"},"content":{"rendered":"<div class=\"vce-row-container\"><div class=\"vce-row vce-row--col-gap-30 vce-row-columns--top vce-row-content--top\" id=\"el-fdec1e98\" data-vce-do-apply=\"all el-fdec1e98\"><div class=\"vce-content-background-container\"><\/div><div class=\"vce-row-content\" data-vce-element-content=\"true\"><div class=\"vce-col vce-col--md-auto vce-col--xs-1 vce-col--xs-last vce-col--xs-first vce-col--sm-last vce-col--sm-first vce-col--md-last vce-col--lg-last vce-col--xl-last vce-col--md-first vce-col--lg-first vce-col--xl-first\" id=\"el-5d1264b0\"><div class=\"vce-col-inner\" data-vce-do-apply=\"border margin background  el-5d1264b0\"><div class=\"vce-col-content\" data-vce-element-content=\"true\" data-vce-do-apply=\"padding el-5d1264b0\"><div class=\"vce-text-block\"><div class=\"vce-text-block-wrapper vce\" id=\"el-501f54e3\" data-vce-do-apply=\"all el-501f54e3\"><h2><span style=\"font-size: 32pt;\"><strong>Dentadura postiza<\/strong><\/span><\/h2><p>Para aquellos pacientes que necesitan un reemplazo completo de sus dientes, ofrecemos dentaduras postizas. Una dentadura postiza tardar\u00e1 aproximadamente 5 citas en completarse. Tambi\u00e9n ofrecemos dentaduras postizas parciales para pacientes que buscan una soluci\u00f3n m\u00e1s econ\u00f3mica en lugar de un puente o implante.<\/p><\/div><\/div><div class=\"vce-single-image-container vce-single-image--align-center\"><div class=\"vce vce-single-image-wrapper\" id=\"el-4eac9de1\" data-vce-do-apply=\"all el-4eac9de1\"><figure><div class=\"vce-single-image-inner vce-single-image--absolute\" style=\"padding-bottom: 49.0342%; width: 673px;\"><img decoding=\"async\" class=\"vce-single-image\" src=\"https:\/\/advantagedentalchicago.com\/wp-content\/uploads\/2020\/06\/chicago-dentures.png\" data-img-src=\"https:\/\/advantagedentalchicago.com\/wp-content\/uploads\/2020\/06\/chicago-dentures.png\" alt=\"\" title=\"chicago-dentaduras\"><\/div><figcaption hidden=\"\"><\/figcaption><\/figure><\/div><\/div><div class=\"vce-text-block\"><div class=\"vce-text-block-wrapper vce\" id=\"el-c049599c\" data-vce-do-apply=\"all el-c049599c\"><p style=\"text-align: center; margin-top: 40px;\"><a style=\"text-align: center;\" href=\"http:\/\/localhost\/dental\/wp-content\/\/wp-content\/uploads\/2018\/02\/supported-dentures1-300x300.jpg\"><img decoding=\"async\" class=\"size-medium wp-image-150 alignleft\" src=\"http:\/\/localhost\/dental\/wp-content\/\/wp-content\/uploads\/2018\/02\/supported-dentures1-300x300.jpg\" alt=\"\"><\/a><a href=\"http:\/\/localhost\/dental\/wp-content\/\/wp-content\/uploads\/2018\/02\/dentures.jpg\"><img decoding=\"async\" class=\"size-full wp-image-194 alignleft\" src=\"http:\/\/localhost\/dental\/wp-content\/\/wp-content\/uploads\/2018\/02\/dentures.jpg\" alt=\"\"><\/a><\/p>\n<div class=\"x-text\">\n<h4 style=\"text-align: left;\"><strong>Dentaduras dolorosas<\/strong><\/h4>\n<p><iframe loading=\"lazy\" src=\"https:\/\/www.youtube.com\/embed\/DkF4yMlOQW4?rel=0\" width=\"100%\" height=\"600\" frameborder=\"0\" allowfullscreen=\"allowfullscreen\"><\/iframe><\/p>\n<\/div>\n<div class=\"x-text\">\n<h4 style=\"text-align: left;\"><strong>Estabilizaci\u00f3n de la dentadura<\/strong><\/h4>\n<p><iframe loading=\"lazy\" src=\"https:\/\/www.youtube.com\/embed\/-voqaJ3DyZs?rel=0\" width=\"100%\" height=\"600\" frameborder=\"0\" allowfullscreen=\"allowfullscreen\"><\/iframe><\/p>\n<\/div><\/div><\/div><\/div><\/div><\/div><\/div><\/div><\/div>","protected":false},"excerpt":{"rendered":"<p>Dentaduras Para aquellos pacientes que necesitan un reemplazo completo de sus dientes, ofrecemos dentaduras postizas. Se necesitar\u00e1n aproximadamente 5 citas para completar una dentadura postiza. Tambi\u00e9n ofrecemos pr\u00f3tesis parciales para pacientes que buscan una soluci\u00f3n m\u00e1s econ\u00f3mica en lugar de un puente o implante. Estabilizaci\u00f3n de dentaduras postizas dolorosas<\/p>","protected":false},"author":1,"featured_media":0,"parent":100,"menu_order":0,"comment_status":"closed","ping_status":"closed","template":"","meta":{"site-sidebar-layout":"default","site-content-layout":"default","ast-site-content-layout":"default","site-content-style":"default","site-sidebar-style":"default","ast-global-header-display":"","ast-banner-title-visibility":"","ast-main-header-display":"","ast-hfb-above-header-display":"","ast-hfb-below-header-display":"","ast-hfb-mobile-header-display":"","site-post-title":"disabled","ast-breadcrumbs-content":"","ast-featured-img":"","footer-sml-layout":"","ast-disable-related-posts":"","theme-transparent-header-meta":"default","adv-header-id-meta":"","stick-header-meta":"","header-above-stick-meta":"","header-main-stick-meta":"","header-below-stick-meta":"","astra-migrate-meta-layouts":"default","ast-page-background-enabled":"default","ast-page-background-meta":{"desktop":{"background-color":"","background-image":"","background-repeat":"repeat","background-position":"center center","background-size":"auto","background-attachment":"scroll","background-type":"","background-media":"","overlay-type":"","overlay-color":"","overlay-opacity":"","overlay-gradient":""},"tablet":{"background-color":"","background-image":"","background-repeat":"repeat","background-position":"center center","background-size":"auto","background-attachment":"scroll","background-type":"","background-media":"","overlay-type":"","overlay-color":"","overlay-opacity":"","overlay-gradient":""},"mobile":{"background-color":"","background-image":"","background-repeat":"repeat","background-position":"center center","background-size":"auto","background-attachment":"scroll","background-type":"","background-media":"","overlay-type":"","overlay-color":"","overlay-opacity":"","overlay-gradient":""}},"ast-content-background-meta":{"desktop":{"background-color":"var(--ast-global-color-5)","background-image":"","background-repeat":"repeat","background-position":"center center","background-size":"auto","background-attachment":"scroll","background-type":"","background-media":"","overlay-type":"","overlay-color":"","overlay-opacity":"","overlay-gradient":""},"tablet":{"background-color":"var(--ast-global-color-5)","background-image":"","background-repeat":"repeat","background-position":"center center","background-size":"auto","background-attachment":"scroll","background-type":"","background-media":"","overlay-type":"","overlay-color":"","overlay-opacity":"","overlay-gradient":""},"mobile":{"background-color":"var(--ast-global-color-5)","background-image":"","background-repeat":"repeat","background-position":"center center","background-size":"auto","background-attachment":"scroll","background-type":"","background-media":"","overlay-type":"","overlay-color":"","overlay-opacity":"","overlay-gradient":""}},"footnotes":""},"class_list":["post-215","page","type-page","status-publish","hentry"],"yoast_head":"<!-- This site is optimized with the Yoast SEO plugin v27.4 - https:\/\/yoast.com\/product\/yoast-seo-wordpress\/ -->\n<title>Dentures - Advantage Dental Care<\/title>\n<meta name=\"robots\" content=\"noindex, follow, max-snippet:-1, max-image-preview:large, max-video-preview:-1\" \/>\n<meta property=\"og:locale\" content=\"es_MX\" \/>\n<meta property=\"og:type\" content=\"article\" \/>\n<meta property=\"og:title\" content=\"Dentures - Advantage Dental Care\" \/>\n<meta property=\"og:description\" content=\"DenturesFor those patients needing complete replacement of their teeth, we offer dentures. A denture will take approximately 5 appointments to complete. We also offer partial dentures for patients looking for a more economical solution instead of a bridge or implant. Painful Dentures Denture Stabilization\" \/>\n<meta property=\"og:url\" content=\"http:\/\/0z6.f92.myftpupload.com\/chicago-dental-services\/general-dentistry-in-chicago\/dentures\/\" \/>\n<meta property=\"og:site_name\" content=\"Advantage Dental Care\" \/>\n<meta property=\"article:modified_time\" content=\"2020-06-18T08:48:48+00:00\" \/>\n<meta property=\"og:image\" content=\"http:\/\/|!|vcvUploadUrl|!|\/2020\/06\/chicago-dentures.png\" \/>\n<meta name=\"twitter:card\" content=\"summary_large_image\" \/>\n<script type=\"application\/ld+json\" class=\"yoast-schema-graph\">{\"@context\":\"https:\\\/\\\/schema.org\",\"@graph\":[{\"@type\":\"WebPage\",\"@id\":\"http:\\\/\\\/0z6.f92.myftpupload.com\\\/chicago-dental-services\\\/general-dentistry-in-chicago\\\/dentures\\\/\",\"url\":\"http:\\\/\\\/0z6.f92.myftpupload.com\\\/chicago-dental-services\\\/general-dentistry-in-chicago\\\/dentures\\\/\",\"name\":\"Dentures - Advantage Dental Care\",\"isPartOf\":{\"@id\":\"http:\\\/\\\/0z6.f92.myftpupload.com\\\/#website\"},\"primaryImageOfPage\":{\"@id\":\"http:\\\/\\\/0z6.f92.myftpupload.com\\\/chicago-dental-services\\\/general-dentistry-in-chicago\\\/dentures\\\/#primaryimage\"},\"image\":{\"@id\":\"http:\\\/\\\/0z6.f92.myftpupload.com\\\/chicago-dental-services\\\/general-dentistry-in-chicago\\\/dentures\\\/#primaryimage\"},\"thumbnailUrl\":\"http:\\\/\\\/localhost\\\/dental\\\/wp-content\\\/\\\/wp-content\\\/uploads\\\/2018\\\/02\\\/supported-dentures1-300x300.jpg\",\"datePublished\":\"2020-06-18T08:43:55+00:00\",\"dateModified\":\"2020-06-18T08:48:48+00:00\",\"breadcrumb\":{\"@id\":\"http:\\\/\\\/0z6.f92.myftpupload.com\\\/chicago-dental-services\\\/general-dentistry-in-chicago\\\/dentures\\\/#breadcrumb\"},\"inLanguage\":\"es\",\"potentialAction\":[{\"@type\":\"ReadAction\",\"target\":[\"http:\\\/\\\/0z6.f92.myftpupload.com\\\/chicago-dental-services\\\/general-dentistry-in-chicago\\\/dentures\\\/\"]}]},{\"@type\":\"ImageObject\",\"inLanguage\":\"es\",\"@id\":\"http:\\\/\\\/0z6.f92.myftpupload.com\\\/chicago-dental-services\\\/general-dentistry-in-chicago\\\/dentures\\\/#primaryimage\",\"url\":\"http:\\\/\\\/localhost\\\/dental\\\/wp-content\\\/\\\/wp-content\\\/uploads\\\/2018\\\/02\\\/supported-dentures1-300x300.jpg\",\"contentUrl\":\"http:\\\/\\\/localhost\\\/dental\\\/wp-content\\\/\\\/wp-content\\\/uploads\\\/2018\\\/02\\\/supported-dentures1-300x300.jpg\"},{\"@type\":\"BreadcrumbList\",\"@id\":\"http:\\\/\\\/0z6.f92.myftpupload.com\\\/chicago-dental-services\\\/general-dentistry-in-chicago\\\/dentures\\\/#breadcrumb\",\"itemListElement\":[{\"@type\":\"ListItem\",\"position\":1,\"name\":\"Home\",\"item\":\"http:\\\/\\\/0z6.f92.myftpupload.com\\\/\"},{\"@type\":\"ListItem\",\"position\":2,\"name\":\"Chicago Dental Services\",\"item\":\"http:\\\/\\\/0z6.f92.myftpupload.com\\\/chicago-dental-services\\\/\"},{\"@type\":\"ListItem\",\"position\":3,\"name\":\"General Dentistry in Chicago\",\"item\":\"http:\\\/\\\/0z6.f92.myftpupload.com\\\/chicago-dental-services\\\/general-dentistry-in-chicago\\\/\"},{\"@type\":\"ListItem\",\"position\":4,\"name\":\"Dentures\"}]},{\"@type\":\"WebSite\",\"@id\":\"http:\\\/\\\/0z6.f92.myftpupload.com\\\/#website\",\"url\":\"http:\\\/\\\/0z6.f92.myftpupload.com\\\/\",\"name\":\"Advantage Dental Care\",\"description\":\"Advantage Dental Care\",\"publisher\":{\"@id\":\"http:\\\/\\\/0z6.f92.myftpupload.com\\\/#organization\"},\"potentialAction\":[{\"@type\":\"SearchAction\",\"target\":{\"@type\":\"EntryPoint\",\"urlTemplate\":\"http:\\\/\\\/0z6.f92.myftpupload.com\\\/?s={search_term_string}\"},\"query-input\":{\"@type\":\"PropertyValueSpecification\",\"valueRequired\":true,\"valueName\":\"search_term_string\"}}],\"inLanguage\":\"es\"},{\"@type\":\"Organization\",\"@id\":\"http:\\\/\\\/0z6.f92.myftpupload.com\\\/#organization\",\"name\":\"Advantage Dental Care\",\"url\":\"http:\\\/\\\/0z6.f92.myftpupload.com\\\/\",\"logo\":{\"@type\":\"ImageObject\",\"inLanguage\":\"es\",\"@id\":\"http:\\\/\\\/0z6.f92.myftpupload.com\\\/#\\\/schema\\\/logo\\\/image\\\/\",\"url\":\"https:\\\/\\\/advantagedentalchicago.com\\\/wp-content\\\/uploads\\\/2020\\\/06\\\/cropped-ADC-logo-1.png\",\"contentUrl\":\"https:\\\/\\\/advantagedentalchicago.com\\\/wp-content\\\/uploads\\\/2020\\\/06\\\/cropped-ADC-logo-1.png\",\"width\":240,\"height\":60,\"caption\":\"Advantage Dental Care\"},\"image\":{\"@id\":\"http:\\\/\\\/0z6.f92.myftpupload.com\\\/#\\\/schema\\\/logo\\\/image\\\/\"}}]}<\/script>\n<!-- \/ Yoast SEO plugin. -->","yoast_head_json":{"title":"Dentaduras postizas - Advantage Dental Care","robots":{"index":"noindex","follow":"follow","max-snippet":"max-snippet:-1","max-image-preview":"max-image-preview:large","max-video-preview":"max-video-preview:-1"},"og_locale":"es_MX","og_type":"article","og_title":"Dentures - Advantage Dental Care","og_description":"DenturesFor those patients needing complete replacement of their teeth, we offer dentures. A denture will take approximately 5 appointments to complete. We also offer partial dentures for patients looking for a more economical solution instead of a bridge or implant. Painful Dentures Denture Stabilization","og_url":"http:\/\/0z6.f92.myftpupload.com\/chicago-dental-services\/general-dentistry-in-chicago\/dentures\/","og_site_name":"Advantage Dental Care","article_modified_time":"2020-06-18T08:48:48+00:00","og_image":[{"url":"|!|vcvUploadUrl|!|\/2020\/06\/chicago-dentures.png","type":"","width":"","height":""}],"twitter_card":"summary_large_image","schema":{"@context":"https:\/\/schema.org","@graph":[{"@type":"WebPage","@id":"http:\/\/0z6.f92.myftpupload.com\/chicago-dental-services\/general-dentistry-in-chicago\/dentures\/","url":"http:\/\/0z6.f92.myftpupload.com\/chicago-dental-services\/general-dentistry-in-chicago\/dentures\/","name":"Dentaduras postizas - Advantage Dental Care","isPartOf":{"@id":"http:\/\/0z6.f92.myftpupload.com\/#website"},"primaryImageOfPage":{"@id":"http:\/\/0z6.f92.myftpupload.com\/chicago-dental-services\/general-dentistry-in-chicago\/dentures\/#primaryimage"},"image":{"@id":"http:\/\/0z6.f92.myftpupload.com\/chicago-dental-services\/general-dentistry-in-chicago\/dentures\/#primaryimage"},"thumbnailUrl":"http:\/\/localhost\/dental\/wp-content\/\/wp-content\/uploads\/2018\/02\/supported-dentures1-300x300.jpg","datePublished":"2020-06-18T08:43:55+00:00","dateModified":"2020-06-18T08:48:48+00:00","breadcrumb":{"@id":"http:\/\/0z6.f92.myftpupload.com\/chicago-dental-services\/general-dentistry-in-chicago\/dentures\/#breadcrumb"},"inLanguage":"es","potentialAction":[{"@type":"ReadAction","target":["http:\/\/0z6.f92.myftpupload.com\/chicago-dental-services\/general-dentistry-in-chicago\/dentures\/"]}]},{"@type":"ImageObject","inLanguage":"es","@id":"http:\/\/0z6.f92.myftpupload.com\/chicago-dental-services\/general-dentistry-in-chicago\/dentures\/#primaryimage","url":"http:\/\/localhost\/dental\/wp-content\/\/wp-content\/uploads\/2018\/02\/supported-dentures1-300x300.jpg","contentUrl":"http:\/\/localhost\/dental\/wp-content\/\/wp-content\/uploads\/2018\/02\/supported-dentures1-300x300.jpg"},{"@type":"BreadcrumbList","@id":"http:\/\/0z6.f92.myftpupload.com\/chicago-dental-services\/general-dentistry-in-chicago\/dentures\/#breadcrumb","itemListElement":[{"@type":"ListItem","position":1,"name":"Home","item":"http:\/\/0z6.f92.myftpupload.com\/"},{"@type":"ListItem","position":2,"name":"Chicago Dental Services","item":"http:\/\/0z6.f92.myftpupload.com\/chicago-dental-services\/"},{"@type":"ListItem","position":3,"name":"General Dentistry in Chicago","item":"http:\/\/0z6.f92.myftpupload.com\/chicago-dental-services\/general-dentistry-in-chicago\/"},{"@type":"ListItem","position":4,"name":"Dentures"}]},{"@type":"WebSite","@id":"http:\/\/0z6.f92.myftpupload.com\/#website","url":"http:\/\/0z6.f92.myftpupload.com\/","name":"Ventaja de cuidado dental","description":"Ventaja de cuidado dental","publisher":{"@id":"http:\/\/0z6.f92.myftpupload.com\/#organization"},"potentialAction":[{"@type":"SearchAction","target":{"@type":"EntryPoint","urlTemplate":"http:\/\/0z6.f92.myftpupload.com\/?s={search_term_string}"},"query-input":{"@type":"PropertyValueSpecification","valueRequired":true,"valueName":"search_term_string"}}],"inLanguage":"es"},{"@type":"Organization","@id":"http:\/\/0z6.f92.myftpupload.com\/#organization","name":"Ventaja de cuidado dental","url":"http:\/\/0z6.f92.myftpupload.com\/","logo":{"@type":"ImageObject","inLanguage":"es","@id":"http:\/\/0z6.f92.myftpupload.com\/#\/schema\/logo\/image\/","url":"https:\/\/advantagedentalchicago.com\/wp-content\/uploads\/2020\/06\/cropped-ADC-logo-1.png","contentUrl":"https:\/\/advantagedentalchicago.com\/wp-content\/uploads\/2020\/06\/cropped-ADC-logo-1.png","width":240,"height":60,"caption":"Advantage Dental Care"},"image":{"@id":"http:\/\/0z6.f92.myftpupload.com\/#\/schema\/logo\/image\/"}}]}},"_links":{"self":[{"href":"https:\/\/advantagedentalchicago.com\/es\/wp-json\/wp\/v2\/pages\/215","targetHints":{"allow":["GET"]}}],"collection":[{"href":"https:\/\/advantagedentalchicago.com\/es\/wp-json\/wp\/v2\/pages"}],"about":[{"href":"https:\/\/advantagedentalchicago.com\/es\/wp-json\/wp\/v2\/types\/page"}],"author":[{"embeddable":true,"href":"https:\/\/advantagedentalchicago.com\/es\/wp-json\/wp\/v2\/users\/1"}],"replies":[{"embeddable":true,"href":"https:\/\/advantagedentalchicago.com\/es\/wp-json\/wp\/v2\/comments?post=215"}],"version-history":[{"count":2,"href":"https:\/\/advantagedentalchicago.com\/es\/wp-json\/wp\/v2\/pages\/215\/revisions"}],"predecessor-version":[{"id":217,"href":"https:\/\/advantagedentalchicago.com\/es\/wp-json\/wp\/v2\/pages\/215\/revisions\/217"}],"up":[{"embeddable":true,"href":"https:\/\/advantagedentalchicago.com\/es\/wp-json\/wp\/v2\/pages\/100"}],"wp:attachment":[{"href":"https:\/\/advantagedentalchicago.com\/es\/wp-json\/wp\/v2\/media?parent=215"}],"curies":[{"name":"gracias","href":"https:\/\/api.w.org\/{rel}","templated":true}]}}