{"id":231,"date":"2020-06-18T09:02:04","date_gmt":"2020-06-18T09:02:04","guid":{"rendered":"https:\/\/advantagedentalchicago.com\/?page_id=231"},"modified":"2020-06-18T12:01:04","modified_gmt":"2020-06-18T12:01:04","slug":"dental-implants","status":"publish","type":"page","link":"https:\/\/advantagedentalchicago.com\/es\/chicago-dental-services\/cosmetic-dentistry\/dental-implants\/","title":{"rendered":"Implantes dentales"},"content":{"rendered":"<div class=\"vce-row-container\"><div class=\"vce-row vce-row--col-gap-30 vce-row-columns--top vce-row-content--top\" id=\"el-2bf6b490\" data-vce-do-apply=\"all el-2bf6b490\"><div class=\"vce-content-background-container\"><\/div><div class=\"vce-row-content\" data-vce-element-content=\"true\"><div class=\"vce-col vce-col--md-auto vce-col--xs-1 vce-col--xs-last vce-col--xs-first vce-col--sm-last vce-col--sm-first vce-col--md-last vce-col--lg-last vce-col--xl-last vce-col--md-first vce-col--lg-first vce-col--xl-first\" id=\"el-87b2d20a\"><div class=\"vce-col-inner\" data-vce-do-apply=\"border margin background  el-87b2d20a\"><div class=\"vce-col-content\" data-vce-element-content=\"true\" data-vce-do-apply=\"padding el-87b2d20a\"><div class=\"vce-text-block\"><div class=\"vce-text-block-wrapper vce\" id=\"el-db621483\" data-vce-do-apply=\"all el-db621483\"><h2><span style=\"font-size: 34pt;\"><strong style=\"\/* font-size: 45px;\">Implantes dentales en Chicago y Waukegan, IL<\/strong><\/span><\/h2>\n<p>Los implantes dentales son la mejor opci\u00f3n para reemplazar los dientes perdidos. Est\u00e1n anclados en tu boca y son permanentes. A diferencia de los puentes, no es necesario preparar ni afeitar los dientes. Un implante consta de 3 partes. Primero, el implante se coloca quir\u00fargicamente en la mand\u00edbula. 3-4 meses despu\u00e9s, se coloca un pilar encima del implante y finalmente se cementa una corona encima. Los implantes son una excelente opci\u00f3n para uno o varios dientes faltantes para garantizar que su sonrisa sea la mejor.<\/p>\n<p style=\"text-align: left; margin-top: 40px;\">\u00bfQuerer aprender m\u00e1s? Reservar <a href=\"..\/..\/..\/schedule-an-appointment\/\">consulta dental<\/a> hoy.<\/p>\n<div class=\"x-text\">\n<h4 style=\"text-align: left;\"><strong>Colocaci\u00f3n de un solo implante: incisivo lateral<\/strong><\/h4>\n<iframe loading=\"lazy\" src=\"https:\/\/www.youtube.com\/embed\/phyo8zKBSPk?rel=0\" width=\"100%\" height=\"600\" frameborder=\"0\" allowfullscreen=\"allowfullscreen\"><\/iframe><\/div>\n<div class=\"x-text\">\n<h4 style=\"text-align: left;\"><strong>Colocaci\u00f3n de un \u00fanico implante: 1.er bic\u00faspide<\/strong><\/h4>\n<iframe loading=\"lazy\" src=\"https:\/\/www.youtube.com\/embed\/Ol35sJOwNJg?rel=0\" width=\"100%\" height=\"600\" frameborder=\"0\" allowfullscreen=\"allowfullscreen\"><\/iframe><\/div>\n<div class=\"x-text\">\n<h4 style=\"text-align: left;\"><strong>Efectos de la p\u00e9rdida de un solo diente<\/strong><\/h4>\n<iframe loading=\"lazy\" src=\"https:\/\/www.youtube.com\/embed\/Sj_MF9CT1o4?rel=0\" width=\"100%\" height=\"600\" frameborder=\"0\" allowfullscreen=\"allowfullscreen\"><\/iframe><\/div><\/div><\/div><\/div><\/div><\/div><\/div><\/div><\/div>","protected":false},"excerpt":{"rendered":"<p>Dental Implants in Chicago &amp; Waukegan, IL Dental implants are the best option to replace missing teeth. They are anchored into your mouth and are permanent. Unlike bridges, no teeth need to be prepared or shaved down. An implant consists of 3 parts. First the implant is surgically placed into the jaw. 3-4 months later, [&hellip;]<\/p>\n","protected":false},"author":1,"featured_media":0,"parent":112,"menu_order":0,"comment_status":"closed","ping_status":"closed","template":"","meta":{"site-sidebar-layout":"default","site-content-layout":"default","ast-site-content-layout":"default","site-content-style":"default","site-sidebar-style":"default","ast-global-header-display":"","ast-banner-title-visibility":"","ast-main-header-display":"","ast-hfb-above-header-display":"","ast-hfb-below-header-display":"","ast-hfb-mobile-header-display":"","site-post-title":"disabled","ast-breadcrumbs-content":"","ast-featured-img":"","footer-sml-layout":"","ast-disable-related-posts":"","theme-transparent-header-meta":"default","adv-header-id-meta":"","stick-header-meta":"","header-above-stick-meta":"","header-main-stick-meta":"","header-below-stick-meta":"","astra-migrate-meta-layouts":"default","ast-page-background-enabled":"default","ast-page-background-meta":{"desktop":{"background-color":"","background-image":"","background-repeat":"repeat","background-position":"center center","background-size":"auto","background-attachment":"scroll","background-type":"","background-media":"","overlay-type":"","overlay-color":"","overlay-opacity":"","overlay-gradient":""},"tablet":{"background-color":"","background-image":"","background-repeat":"repeat","background-position":"center center","background-size":"auto","background-attachment":"scroll","background-type":"","background-media":"","overlay-type":"","overlay-color":"","overlay-opacity":"","overlay-gradient":""},"mobile":{"background-color":"","background-image":"","background-repeat":"repeat","background-position":"center center","background-size":"auto","background-attachment":"scroll","background-type":"","background-media":"","overlay-type":"","overlay-color":"","overlay-opacity":"","overlay-gradient":""}},"ast-content-background-meta":{"desktop":{"background-color":"var(--ast-global-color-5)","background-image":"","background-repeat":"repeat","background-position":"center center","background-size":"auto","background-attachment":"scroll","background-type":"","background-media":"","overlay-type":"","overlay-color":"","overlay-opacity":"","overlay-gradient":""},"tablet":{"background-color":"var(--ast-global-color-5)","background-image":"","background-repeat":"repeat","background-position":"center center","background-size":"auto","background-attachment":"scroll","background-type":"","background-media":"","overlay-type":"","overlay-color":"","overlay-opacity":"","overlay-gradient":""},"mobile":{"background-color":"var(--ast-global-color-5)","background-image":"","background-repeat":"repeat","background-position":"center center","background-size":"auto","background-attachment":"scroll","background-type":"","background-media":"","overlay-type":"","overlay-color":"","overlay-opacity":"","overlay-gradient":""}},"footnotes":""},"class_list":["post-231","page","type-page","status-publish","hentry"],"yoast_head":"<!-- This site is optimized with the Yoast SEO plugin v27.4 - https:\/\/yoast.com\/product\/yoast-seo-wordpress\/ -->\n<title>Dental Implants - Advantage Dental Care<\/title>\n<meta name=\"robots\" content=\"noindex, follow, max-snippet:-1, max-image-preview:large, max-video-preview:-1\" \/>\n<meta property=\"og:locale\" content=\"es_MX\" \/>\n<meta property=\"og:type\" content=\"article\" \/>\n<meta property=\"og:title\" content=\"Dental Implants - Advantage Dental Care\" \/>\n<meta property=\"og:description\" content=\"Dental Implants in Chicago &amp; Waukegan, IL Dental implants are the best option to replace missing teeth. They are anchored into your mouth and are permanent. Unlike bridges, no teeth need to be prepared or shaved down. An implant consists of 3 parts. First the implant is surgically placed into the jaw. 3-4 months later, [&hellip;]\" \/>\n<meta property=\"og:url\" content=\"http:\/\/0z6.f92.myftpupload.com\/chicago-dental-services\/cosmetic-dentistry\/dental-implants\/\" \/>\n<meta property=\"og:site_name\" content=\"Advantage Dental Care\" \/>\n<meta property=\"article:modified_time\" content=\"2020-06-18T12:01:04+00:00\" \/>\n<meta name=\"twitter:card\" content=\"summary_large_image\" \/>\n<meta name=\"twitter:label1\" content=\"Tiempo de lectura\" \/>\n\t<meta name=\"twitter:data1\" content=\"1 minuto\" \/>\n<script type=\"application\/ld+json\" class=\"yoast-schema-graph\">{\"@context\":\"https:\\\/\\\/schema.org\",\"@graph\":[{\"@type\":\"WebPage\",\"@id\":\"http:\\\/\\\/0z6.f92.myftpupload.com\\\/chicago-dental-services\\\/cosmetic-dentistry\\\/dental-implants\\\/\",\"url\":\"http:\\\/\\\/0z6.f92.myftpupload.com\\\/chicago-dental-services\\\/cosmetic-dentistry\\\/dental-implants\\\/\",\"name\":\"Dental Implants - Advantage Dental Care\",\"isPartOf\":{\"@id\":\"http:\\\/\\\/0z6.f92.myftpupload.com\\\/#website\"},\"datePublished\":\"2020-06-18T09:02:04+00:00\",\"dateModified\":\"2020-06-18T12:01:04+00:00\",\"breadcrumb\":{\"@id\":\"http:\\\/\\\/0z6.f92.myftpupload.com\\\/chicago-dental-services\\\/cosmetic-dentistry\\\/dental-implants\\\/#breadcrumb\"},\"inLanguage\":\"es\",\"potentialAction\":[{\"@type\":\"ReadAction\",\"target\":[\"http:\\\/\\\/0z6.f92.myftpupload.com\\\/chicago-dental-services\\\/cosmetic-dentistry\\\/dental-implants\\\/\"]}]},{\"@type\":\"BreadcrumbList\",\"@id\":\"http:\\\/\\\/0z6.f92.myftpupload.com\\\/chicago-dental-services\\\/cosmetic-dentistry\\\/dental-implants\\\/#breadcrumb\",\"itemListElement\":[{\"@type\":\"ListItem\",\"position\":1,\"name\":\"Home\",\"item\":\"http:\\\/\\\/0z6.f92.myftpupload.com\\\/\"},{\"@type\":\"ListItem\",\"position\":2,\"name\":\"Chicago Dental Services\",\"item\":\"http:\\\/\\\/0z6.f92.myftpupload.com\\\/chicago-dental-services\\\/\"},{\"@type\":\"ListItem\",\"position\":3,\"name\":\"Cosmetic Dentistry\",\"item\":\"http:\\\/\\\/0z6.f92.myftpupload.com\\\/chicago-dental-services\\\/cosmetic-dentistry\\\/\"},{\"@type\":\"ListItem\",\"position\":4,\"name\":\"Dental Implants\"}]},{\"@type\":\"WebSite\",\"@id\":\"http:\\\/\\\/0z6.f92.myftpupload.com\\\/#website\",\"url\":\"http:\\\/\\\/0z6.f92.myftpupload.com\\\/\",\"name\":\"Advantage Dental Care\",\"description\":\"Advantage Dental Care\",\"publisher\":{\"@id\":\"http:\\\/\\\/0z6.f92.myftpupload.com\\\/#organization\"},\"potentialAction\":[{\"@type\":\"SearchAction\",\"target\":{\"@type\":\"EntryPoint\",\"urlTemplate\":\"http:\\\/\\\/0z6.f92.myftpupload.com\\\/?s={search_term_string}\"},\"query-input\":{\"@type\":\"PropertyValueSpecification\",\"valueRequired\":true,\"valueName\":\"search_term_string\"}}],\"inLanguage\":\"es\"},{\"@type\":\"Organization\",\"@id\":\"http:\\\/\\\/0z6.f92.myftpupload.com\\\/#organization\",\"name\":\"Advantage Dental Care\",\"url\":\"http:\\\/\\\/0z6.f92.myftpupload.com\\\/\",\"logo\":{\"@type\":\"ImageObject\",\"inLanguage\":\"es\",\"@id\":\"http:\\\/\\\/0z6.f92.myftpupload.com\\\/#\\\/schema\\\/logo\\\/image\\\/\",\"url\":\"https:\\\/\\\/advantagedentalchicago.com\\\/wp-content\\\/uploads\\\/2020\\\/06\\\/cropped-ADC-logo-1.png\",\"contentUrl\":\"https:\\\/\\\/advantagedentalchicago.com\\\/wp-content\\\/uploads\\\/2020\\\/06\\\/cropped-ADC-logo-1.png\",\"width\":240,\"height\":60,\"caption\":\"Advantage Dental Care\"},\"image\":{\"@id\":\"http:\\\/\\\/0z6.f92.myftpupload.com\\\/#\\\/schema\\\/logo\\\/image\\\/\"}}]}<\/script>\n<!-- \/ Yoast SEO plugin. -->","yoast_head_json":{"title":"Implantes dentales - Advantage Dental Care","robots":{"index":"noindex","follow":"follow","max-snippet":"max-snippet:-1","max-image-preview":"max-image-preview:large","max-video-preview":"max-video-preview:-1"},"og_locale":"es_MX","og_type":"article","og_title":"Dental Implants - Advantage Dental Care","og_description":"Dental Implants in Chicago &amp; Waukegan, IL Dental implants are the best option to replace missing teeth. They are anchored into your mouth and are permanent. Unlike bridges, no teeth need to be prepared or shaved down. An implant consists of 3 parts. First the implant is surgically placed into the jaw. 3-4 months later, [&hellip;]","og_url":"http:\/\/0z6.f92.myftpupload.com\/chicago-dental-services\/cosmetic-dentistry\/dental-implants\/","og_site_name":"Advantage Dental Care","article_modified_time":"2020-06-18T12:01:04+00:00","twitter_card":"summary_large_image","twitter_misc":{"Tiempo de lectura":"1 minuto"},"schema":{"@context":"https:\/\/schema.org","@graph":[{"@type":"WebPage","@id":"http:\/\/0z6.f92.myftpupload.com\/chicago-dental-services\/cosmetic-dentistry\/dental-implants\/","url":"http:\/\/0z6.f92.myftpupload.com\/chicago-dental-services\/cosmetic-dentistry\/dental-implants\/","name":"Implantes dentales - Advantage Dental Care","isPartOf":{"@id":"http:\/\/0z6.f92.myftpupload.com\/#website"},"datePublished":"2020-06-18T09:02:04+00:00","dateModified":"2020-06-18T12:01:04+00:00","breadcrumb":{"@id":"http:\/\/0z6.f92.myftpupload.com\/chicago-dental-services\/cosmetic-dentistry\/dental-implants\/#breadcrumb"},"inLanguage":"es","potentialAction":[{"@type":"ReadAction","target":["http:\/\/0z6.f92.myftpupload.com\/chicago-dental-services\/cosmetic-dentistry\/dental-implants\/"]}]},{"@type":"BreadcrumbList","@id":"http:\/\/0z6.f92.myftpupload.com\/chicago-dental-services\/cosmetic-dentistry\/dental-implants\/#breadcrumb","itemListElement":[{"@type":"ListItem","position":1,"name":"Home","item":"http:\/\/0z6.f92.myftpupload.com\/"},{"@type":"ListItem","position":2,"name":"Chicago Dental Services","item":"http:\/\/0z6.f92.myftpupload.com\/chicago-dental-services\/"},{"@type":"ListItem","position":3,"name":"Cosmetic Dentistry","item":"http:\/\/0z6.f92.myftpupload.com\/chicago-dental-services\/cosmetic-dentistry\/"},{"@type":"ListItem","position":4,"name":"Dental Implants"}]},{"@type":"WebSite","@id":"http:\/\/0z6.f92.myftpupload.com\/#website","url":"http:\/\/0z6.f92.myftpupload.com\/","name":"Ventaja de cuidado dental","description":"Ventaja de cuidado dental","publisher":{"@id":"http:\/\/0z6.f92.myftpupload.com\/#organization"},"potentialAction":[{"@type":"SearchAction","target":{"@type":"EntryPoint","urlTemplate":"http:\/\/0z6.f92.myftpupload.com\/?s={search_term_string}"},"query-input":{"@type":"PropertyValueSpecification","valueRequired":true,"valueName":"search_term_string"}}],"inLanguage":"es"},{"@type":"Organization","@id":"http:\/\/0z6.f92.myftpupload.com\/#organization","name":"Ventaja de cuidado dental","url":"http:\/\/0z6.f92.myftpupload.com\/","logo":{"@type":"ImageObject","inLanguage":"es","@id":"http:\/\/0z6.f92.myftpupload.com\/#\/schema\/logo\/image\/","url":"https:\/\/advantagedentalchicago.com\/wp-content\/uploads\/2020\/06\/cropped-ADC-logo-1.png","contentUrl":"https:\/\/advantagedentalchicago.com\/wp-content\/uploads\/2020\/06\/cropped-ADC-logo-1.png","width":240,"height":60,"caption":"Advantage Dental Care"},"image":{"@id":"http:\/\/0z6.f92.myftpupload.com\/#\/schema\/logo\/image\/"}}]}},"_links":{"self":[{"href":"https:\/\/advantagedentalchicago.com\/es\/wp-json\/wp\/v2\/pages\/231","targetHints":{"allow":["GET"]}}],"collection":[{"href":"https:\/\/advantagedentalchicago.com\/es\/wp-json\/wp\/v2\/pages"}],"about":[{"href":"https:\/\/advantagedentalchicago.com\/es\/wp-json\/wp\/v2\/types\/page"}],"author":[{"embeddable":true,"href":"https:\/\/advantagedentalchicago.com\/es\/wp-json\/wp\/v2\/users\/1"}],"replies":[{"embeddable":true,"href":"https:\/\/advantagedentalchicago.com\/es\/wp-json\/wp\/v2\/comments?post=231"}],"version-history":[{"count":3,"href":"https:\/\/advantagedentalchicago.com\/es\/wp-json\/wp\/v2\/pages\/231\/revisions"}],"predecessor-version":[{"id":262,"href":"https:\/\/advantagedentalchicago.com\/es\/wp-json\/wp\/v2\/pages\/231\/revisions\/262"}],"up":[{"embeddable":true,"href":"https:\/\/advantagedentalchicago.com\/es\/wp-json\/wp\/v2\/pages\/112"}],"wp:attachment":[{"href":"https:\/\/advantagedentalchicago.com\/es\/wp-json\/wp\/v2\/media?parent=231"}],"curies":[{"name":"gracias","href":"https:\/\/api.w.org\/{rel}","templated":true}]}}