{"id":263,"date":"2020-06-18T12:02:42","date_gmt":"2020-06-18T12:02:42","guid":{"rendered":"https:\/\/advantagedentalchicago.com\/?page_id=263"},"modified":"2023-10-01T18:55:25","modified_gmt":"2023-10-01T18:55:25","slug":"dentist-in-chicago-new-patient-special-offers","status":"publish","type":"page","link":"https:\/\/advantagedentalchicago.com\/es\/dentist-in-chicago-new-patient-special-offers\/","title":{"rendered":"Dentista en Chicago Ofertas especiales para pacientes nuevos"},"content":{"rendered":"<div class=\"vce-row-container\" data-vce-boxed-width=\"true\"><div class=\"vce-row vce-row--col-gap-30 vce-row-content--top\" id=\"el-1194cdba\" data-vce-do-apply=\"all el-1194cdba\"><div class=\"vce-content-background-container\"><\/div><div class=\"vce-row-content\" data-vce-element-content=\"true\"><div class=\"vce-col vce-col--md-auto vce-col--xs-1 vce-col--xs-last vce-col--xs-first vce-col--sm-last vce-col--sm-first vce-col--md-last vce-col--lg-last vce-col--xl-last vce-col--md-first vce-col--lg-first vce-col--xl-first\" id=\"el-fe5dda09\"><div class=\"vce-col-inner\" data-vce-do-apply=\"border margin background  el-fe5dda09\"><div class=\"vce-col-content\" data-vce-element-content=\"true\" data-vce-do-apply=\"padding el-fe5dda09\"><div class=\"vce-text-block\"><div class=\"vce-text-block-wrapper vce\" id=\"el-d1963bc5\" data-vce-do-apply=\"all el-d1963bc5\"><h2><span style=\"font-size: 34pt;\"><strong style=\"\/* font-size: 45px;\">\u00bfBusca un nuevo dentista en Chicago, IL?<\/strong><\/span><\/h2><p>Advantage Dental Care ofrece una gama de tratamientos de odontolog\u00eda general para la salud bucal, la higiene dental y es un experto en Invisalign.<\/p><p>Desde la identificaci\u00f3n de caries hasta los tratamientos de conducto y las coronas dentales, nuestro equipo de dentistas expertos en Chicago est\u00e1 aqu\u00ed para educar a los pacientes sobre su salud dental y brindar atenci\u00f3n dental familiar asequible y de calidad en todo el centro y el \u00e1rea metropolitana de Chicago.<\/p><p>Brindamos orientaci\u00f3n en odontolog\u00eda preventiva, servicios dentales de emergencia y tratamientos dentales restauradores. Ofrecemos atenci\u00f3n dental altamente personalizada para usted y su familia. Siempre queremos demostrar que somos los mejores dentistas de Chicago.&nbsp;<\/p><p>Para nuevos pacientes, tenemos una oferta especial.&nbsp;<\/p><ul><li>25% OFF en TODOS los procedimientos dentales para pacientes sin seguro<\/li><li>$95 para examen inicial + radiograf\u00edas digitales<\/li><\/ul><p>Simplemente programe una <strong>GRATIS<\/strong> Consulta dental 1 a 1 y traiga un presupuesto detallado para que lo revisemos. Aprenderemos sobre sus necesidades de salud dental para garantizar que su atenci\u00f3n dental se realice al precio m\u00e1s asequible.<\/p><p>Queremos ganarnos su confianza y haremos todo lo posible para igualar a cualquier otro. <strong>Precios del dentista de Chicago con la estimaci\u00f3n proporcionada.<\/strong><\/p><\/div><\/div><div class=\"vce-button--style-basic-container vce-button--style-basic-container--align-left\"><span class=\"vce-button--style-basic-wrapper vce\" id=\"el-c7e69c7c\" data-vce-do-apply=\"margin el-c7e69c7c\"><a class=\"vce-button vce-button--style-basic vce-button--style-basic--border-round vce-button--style-basic--size-medium vce-button--style-basic--color-b-23-80-147--fff vce-button--style-basic--hover-color-b-12-51-72--fff\" href=\"http:\/\/0z6.f92.myftpupload.com\/schedule-an-appointment\/\" title=\"\" data-vce-do-apply=\"padding border background  el-c7e69c7c\">PROGRAMAR UNA CONSULTA HOY<\/a><\/span><\/div><div class=\"vce-text-block\"><div class=\"vce-text-block-wrapper vce\" id=\"el-24ad0927\" data-vce-do-apply=\"all el-24ad0927\"><p><img loading=\"lazy\" decoding=\"async\" class=\"aligncenter wp-image-641 size-large\" src=\"..\/wp-content\/uploads\/2023\/09\/Advantage-Dental-Care-New-Dentist-Offer-Sept2024-1024x668.jpg\" alt=\"Advantage Dental Care Chicago IL New Dentist Offer September 2024\" width=\"1024\" height=\"668\"><\/p><p>&nbsp;<\/p><p>&nbsp;<\/p><\/div><\/div><\/div><\/div><\/div><\/div><\/div><\/div><div class=\"vce-row-container\" data-vce-boxed-width=\"true\"><div class=\"vce-row vce-row--col-gap-30 vce-row-equal-height vce-row-content--top\" id=\"el-5002a746\" data-vce-do-apply=\"all el-5002a746\"><div class=\"vce-row-content\" data-vce-element-content=\"true\"><div class=\"vce-col vce-col--md-auto vce-col--xs-1 vce-col--xs-last vce-col--xs-first vce-col--sm-last vce-col--sm-first vce-col--md-last vce-col--lg-last vce-col--xl-last vce-col--md-first vce-col--lg-first vce-col--xl-first\" id=\"el-729e7f33\"><div class=\"vce-col-inner\" data-vce-do-apply=\"border margin background  el-729e7f33\"><div class=\"vce-col-content\" data-vce-element-content=\"true\" data-vce-do-apply=\"padding el-729e7f33\"><div><\/div><\/div><\/div><\/div><\/div><\/div><\/div>","protected":false},"excerpt":{"rendered":"<p>Looking for a New Dentist in Chicago, IL?Advantage Dental Care offers a range of general dentistry treatments for oral health, dental hygiene, and is an Invisalign expert.From identifying tooth decay to root canals to dental crowns, our team of expert dentists in Chicago are here to educate patients on their dental health and deliver quality, [&hellip;]<\/p>\n","protected":false},"author":1,"featured_media":0,"parent":0,"menu_order":0,"comment_status":"closed","ping_status":"closed","template":"","meta":{"site-sidebar-layout":"default","site-content-layout":"default","ast-site-content-layout":"default","site-content-style":"default","site-sidebar-style":"default","ast-global-header-display":"","ast-banner-title-visibility":"","ast-main-header-display":"","ast-hfb-above-header-display":"","ast-hfb-below-header-display":"","ast-hfb-mobile-header-display":"","site-post-title":"disabled","ast-breadcrumbs-content":"","ast-featured-img":"","footer-sml-layout":"","ast-disable-related-posts":"","theme-transparent-header-meta":"default","adv-header-id-meta":"","stick-header-meta":"","header-above-stick-meta":"","header-main-stick-meta":"","header-below-stick-meta":"","astra-migrate-meta-layouts":"default","ast-page-background-enabled":"default","ast-page-background-meta":{"desktop":{"background-color":"","background-image":"","background-repeat":"repeat","background-position":"center center","background-size":"auto","background-attachment":"scroll","background-type":"","background-media":"","overlay-type":"","overlay-color":"","overlay-opacity":"","overlay-gradient":""},"tablet":{"background-color":"","background-image":"","background-repeat":"repeat","background-position":"center center","background-size":"auto","background-attachment":"scroll","background-type":"","background-media":"","overlay-type":"","overlay-color":"","overlay-opacity":"","overlay-gradient":""},"mobile":{"background-color":"","background-image":"","background-repeat":"repeat","background-position":"center center","background-size":"auto","background-attachment":"scroll","background-type":"","background-media":"","overlay-type":"","overlay-color":"","overlay-opacity":"","overlay-gradient":""}},"ast-content-background-meta":{"desktop":{"background-color":"var(--ast-global-color-5)","background-image":"","background-repeat":"repeat","background-position":"center center","background-size":"auto","background-attachment":"scroll","background-type":"","background-media":"","overlay-type":"","overlay-color":"","overlay-opacity":"","overlay-gradient":""},"tablet":{"background-color":"var(--ast-global-color-5)","background-image":"","background-repeat":"repeat","background-position":"center center","background-size":"auto","background-attachment":"scroll","background-type":"","background-media":"","overlay-type":"","overlay-color":"","overlay-opacity":"","overlay-gradient":""},"mobile":{"background-color":"var(--ast-global-color-5)","background-image":"","background-repeat":"repeat","background-position":"center center","background-size":"auto","background-attachment":"scroll","background-type":"","background-media":"","overlay-type":"","overlay-color":"","overlay-opacity":"","overlay-gradient":""}},"footnotes":""},"class_list":["post-263","page","type-page","status-publish","hentry"],"yoast_head":"<!-- This site is optimized with the Yoast SEO plugin v27.4 - https:\/\/yoast.com\/product\/yoast-seo-wordpress\/ -->\n<title>Dentist in Chicago New Patient Special Offers - Advantage Dental Care<\/title>\n<meta name=\"robots\" content=\"noindex, follow, max-snippet:-1, max-image-preview:large, max-video-preview:-1\" \/>\n<meta property=\"og:locale\" content=\"es_MX\" \/>\n<meta property=\"og:type\" content=\"article\" \/>\n<meta property=\"og:title\" content=\"Dentist in Chicago New Patient Special Offers - Advantage Dental Care\" \/>\n<meta property=\"og:description\" content=\"Looking for a New Dentist in Chicago, IL?Advantage Dental Care offers a range of general dentistry treatments for oral health, dental hygiene, and is an Invisalign expert.From identifying tooth decay to root canals to dental crowns, our team of expert dentists in Chicago are here to educate patients on their dental health and deliver quality, [&hellip;]\" \/>\n<meta property=\"og:url\" content=\"https:\/\/advantagedentalchicago.com\/es\/dentist-in-chicago-new-patient-special-offers\/\" \/>\n<meta property=\"og:site_name\" content=\"Advantage Dental Care\" \/>\n<meta property=\"article:modified_time\" content=\"2023-10-01T18:55:25+00:00\" \/>\n<meta name=\"twitter:card\" content=\"summary_large_image\" \/>\n<meta name=\"twitter:label1\" content=\"Tiempo de lectura\" \/>\n\t<meta name=\"twitter:data1\" content=\"1 minuto\" \/>\n<script type=\"application\/ld+json\" class=\"yoast-schema-graph\">{\"@context\":\"https:\\\/\\\/schema.org\",\"@graph\":[{\"@type\":\"WebPage\",\"@id\":\"https:\\\/\\\/advantagedentalchicago.com\\\/dentist-in-chicago-new-patient-special-offers\\\/\",\"url\":\"https:\\\/\\\/advantagedentalchicago.com\\\/dentist-in-chicago-new-patient-special-offers\\\/\",\"name\":\"Dentist in Chicago New Patient Special Offers - Advantage Dental Care\",\"isPartOf\":{\"@id\":\"http:\\\/\\\/0z6.f92.myftpupload.com\\\/#website\"},\"datePublished\":\"2020-06-18T12:02:42+00:00\",\"dateModified\":\"2023-10-01T18:55:25+00:00\",\"breadcrumb\":{\"@id\":\"https:\\\/\\\/advantagedentalchicago.com\\\/dentist-in-chicago-new-patient-special-offers\\\/#breadcrumb\"},\"inLanguage\":\"es\",\"potentialAction\":[{\"@type\":\"ReadAction\",\"target\":[\"https:\\\/\\\/advantagedentalchicago.com\\\/dentist-in-chicago-new-patient-special-offers\\\/\"]}]},{\"@type\":\"BreadcrumbList\",\"@id\":\"https:\\\/\\\/advantagedentalchicago.com\\\/dentist-in-chicago-new-patient-special-offers\\\/#breadcrumb\",\"itemListElement\":[{\"@type\":\"ListItem\",\"position\":1,\"name\":\"Home\",\"item\":\"http:\\\/\\\/0z6.f92.myftpupload.com\\\/\"},{\"@type\":\"ListItem\",\"position\":2,\"name\":\"Dentist in Chicago New Patient Special Offers\"}]},{\"@type\":\"WebSite\",\"@id\":\"http:\\\/\\\/0z6.f92.myftpupload.com\\\/#website\",\"url\":\"http:\\\/\\\/0z6.f92.myftpupload.com\\\/\",\"name\":\"Advantage Dental Care\",\"description\":\"Advantage Dental Care\",\"publisher\":{\"@id\":\"http:\\\/\\\/0z6.f92.myftpupload.com\\\/#organization\"},\"potentialAction\":[{\"@type\":\"SearchAction\",\"target\":{\"@type\":\"EntryPoint\",\"urlTemplate\":\"http:\\\/\\\/0z6.f92.myftpupload.com\\\/?s={search_term_string}\"},\"query-input\":{\"@type\":\"PropertyValueSpecification\",\"valueRequired\":true,\"valueName\":\"search_term_string\"}}],\"inLanguage\":\"es\"},{\"@type\":\"Organization\",\"@id\":\"http:\\\/\\\/0z6.f92.myftpupload.com\\\/#organization\",\"name\":\"Advantage Dental Care\",\"url\":\"http:\\\/\\\/0z6.f92.myftpupload.com\\\/\",\"logo\":{\"@type\":\"ImageObject\",\"inLanguage\":\"es\",\"@id\":\"http:\\\/\\\/0z6.f92.myftpupload.com\\\/#\\\/schema\\\/logo\\\/image\\\/\",\"url\":\"https:\\\/\\\/advantagedentalchicago.com\\\/wp-content\\\/uploads\\\/2020\\\/06\\\/cropped-ADC-logo-1.png\",\"contentUrl\":\"https:\\\/\\\/advantagedentalchicago.com\\\/wp-content\\\/uploads\\\/2020\\\/06\\\/cropped-ADC-logo-1.png\",\"width\":240,\"height\":60,\"caption\":\"Advantage Dental Care\"},\"image\":{\"@id\":\"http:\\\/\\\/0z6.f92.myftpupload.com\\\/#\\\/schema\\\/logo\\\/image\\\/\"}}]}<\/script>\n<!-- \/ Yoast SEO plugin. -->","yoast_head_json":{"title":"Ofertas especiales para nuevos pacientes de dentistas en Chicago - Advantage Dental Care","robots":{"index":"noindex","follow":"follow","max-snippet":"max-snippet:-1","max-image-preview":"max-image-preview:large","max-video-preview":"max-video-preview:-1"},"og_locale":"es_MX","og_type":"article","og_title":"Dentist in Chicago New Patient Special Offers - Advantage Dental Care","og_description":"Looking for a New Dentist in Chicago, IL?Advantage Dental Care offers a range of general dentistry treatments for oral health, dental hygiene, and is an Invisalign expert.From identifying tooth decay to root canals to dental crowns, our team of expert dentists in Chicago are here to educate patients on their dental health and deliver quality, [&hellip;]","og_url":"https:\/\/advantagedentalchicago.com\/es\/dentist-in-chicago-new-patient-special-offers\/","og_site_name":"Advantage Dental Care","article_modified_time":"2023-10-01T18:55:25+00:00","twitter_card":"summary_large_image","twitter_misc":{"Tiempo de lectura":"1 minuto"},"schema":{"@context":"https:\/\/schema.org","@graph":[{"@type":"WebPage","@id":"https:\/\/advantagedentalchicago.com\/dentist-in-chicago-new-patient-special-offers\/","url":"https:\/\/advantagedentalchicago.com\/dentist-in-chicago-new-patient-special-offers\/","name":"Ofertas especiales para nuevos pacientes de dentistas en Chicago - Advantage Dental Care","isPartOf":{"@id":"http:\/\/0z6.f92.myftpupload.com\/#website"},"datePublished":"2020-06-18T12:02:42+00:00","dateModified":"2023-10-01T18:55:25+00:00","breadcrumb":{"@id":"https:\/\/advantagedentalchicago.com\/dentist-in-chicago-new-patient-special-offers\/#breadcrumb"},"inLanguage":"es","potentialAction":[{"@type":"ReadAction","target":["https:\/\/advantagedentalchicago.com\/dentist-in-chicago-new-patient-special-offers\/"]}]},{"@type":"BreadcrumbList","@id":"https:\/\/advantagedentalchicago.com\/dentist-in-chicago-new-patient-special-offers\/#breadcrumb","itemListElement":[{"@type":"ListItem","position":1,"name":"Home","item":"http:\/\/0z6.f92.myftpupload.com\/"},{"@type":"ListItem","position":2,"name":"Dentist in Chicago New Patient Special Offers"}]},{"@type":"WebSite","@id":"http:\/\/0z6.f92.myftpupload.com\/#website","url":"http:\/\/0z6.f92.myftpupload.com\/","name":"Ventaja de cuidado dental","description":"Ventaja de cuidado dental","publisher":{"@id":"http:\/\/0z6.f92.myftpupload.com\/#organization"},"potentialAction":[{"@type":"SearchAction","target":{"@type":"EntryPoint","urlTemplate":"http:\/\/0z6.f92.myftpupload.com\/?s={search_term_string}"},"query-input":{"@type":"PropertyValueSpecification","valueRequired":true,"valueName":"search_term_string"}}],"inLanguage":"es"},{"@type":"Organization","@id":"http:\/\/0z6.f92.myftpupload.com\/#organization","name":"Ventaja de cuidado dental","url":"http:\/\/0z6.f92.myftpupload.com\/","logo":{"@type":"ImageObject","inLanguage":"es","@id":"http:\/\/0z6.f92.myftpupload.com\/#\/schema\/logo\/image\/","url":"https:\/\/advantagedentalchicago.com\/wp-content\/uploads\/2020\/06\/cropped-ADC-logo-1.png","contentUrl":"https:\/\/advantagedentalchicago.com\/wp-content\/uploads\/2020\/06\/cropped-ADC-logo-1.png","width":240,"height":60,"caption":"Advantage Dental Care"},"image":{"@id":"http:\/\/0z6.f92.myftpupload.com\/#\/schema\/logo\/image\/"}}]}},"_links":{"self":[{"href":"https:\/\/advantagedentalchicago.com\/es\/wp-json\/wp\/v2\/pages\/263","targetHints":{"allow":["GET"]}}],"collection":[{"href":"https:\/\/advantagedentalchicago.com\/es\/wp-json\/wp\/v2\/pages"}],"about":[{"href":"https:\/\/advantagedentalchicago.com\/es\/wp-json\/wp\/v2\/types\/page"}],"author":[{"embeddable":true,"href":"https:\/\/advantagedentalchicago.com\/es\/wp-json\/wp\/v2\/users\/1"}],"replies":[{"embeddable":true,"href":"https:\/\/advantagedentalchicago.com\/es\/wp-json\/wp\/v2\/comments?post=263"}],"version-history":[{"count":11,"href":"https:\/\/advantagedentalchicago.com\/es\/wp-json\/wp\/v2\/pages\/263\/revisions"}],"predecessor-version":[{"id":651,"href":"https:\/\/advantagedentalchicago.com\/es\/wp-json\/wp\/v2\/pages\/263\/revisions\/651"}],"wp:attachment":[{"href":"https:\/\/advantagedentalchicago.com\/es\/wp-json\/wp\/v2\/media?parent=263"}],"curies":[{"name":"gracias","href":"https:\/\/api.w.org\/{rel}","templated":true}]}}