{"id":282,"date":"2020-06-18T12:36:54","date_gmt":"2020-06-18T12:36:54","guid":{"rendered":"https:\/\/advantagedentalchicago.com\/?page_id=282"},"modified":"2021-09-22T12:20:31","modified_gmt":"2021-09-22T12:20:31","slug":"about-us","status":"publish","type":"page","link":"https:\/\/advantagedentalchicago.com\/es\/about-us\/","title":{"rendered":"Sobre nosotros"},"content":{"rendered":"<div class=\"vce-row-container\" data-vce-boxed-width=\"true\"><div class=\"vce-row vce-row--col-gap-30 vce-row-content--top\" id=\"el-aa7f2ff6\" data-vce-do-apply=\"all el-aa7f2ff6\"><div class=\"vce-content-background-container\"><\/div><div class=\"vce-row-content\" data-vce-element-content=\"true\"><div class=\"vce-col vce-col--md-auto vce-col--xs-1 vce-col--xs-last vce-col--xs-first vce-col--sm-last vce-col--sm-first vce-col--md-last vce-col--lg-last vce-col--xl-last vce-col--md-first vce-col--lg-first vce-col--xl-first\" id=\"el-e0c96a25\"><div class=\"vce-col-inner\" data-vce-do-apply=\"border margin background  el-e0c96a25\"><div class=\"vce-col-content\" data-vce-element-content=\"true\" data-vce-do-apply=\"padding el-e0c96a25\"><div class=\"vce-text-block\"><div class=\"vce-text-block-wrapper vce\" id=\"el-9832011f\" data-vce-do-apply=\"all el-9832011f\"><h2 style=\"text-align: center;\"><span style=\"font-weight: bold; font-style: normal; font-size: 48pt;\">Sobre nosotros<\/span><\/h2><\/div><\/div><div class=\"vce-text-block\"><div class=\"vce-text-block-wrapper vce\" id=\"el-8b2f4e31\" data-vce-do-apply=\"all el-8b2f4e31\"><h2><span style=\"font-size: 14pt; color: #7a7a7a;\"><strong>Advantage Dental Care se esfuerza por brindar un tratamiento dental de la m\u00e1s alta calidad a tarifas razonables.<\/strong><\/span><\/h2><\/div><\/div><\/div><\/div><\/div><\/div><\/div><\/div><div class=\"vce-row-container\" data-vce-boxed-width=\"true\"><div class=\"vce-row vce-row--col-gap-30 vce-row-content--top\" id=\"el-553fd0dd\" data-vce-do-apply=\"all el-553fd0dd\"><div class=\"vce-content-background-container\"><\/div><div class=\"vce-row-content\" data-vce-element-content=\"true\"><div class=\"vce-col vce-col--md-auto vce-col--xs-1 vce-col--xs-last vce-col--xs-first vce-col--sm-last vce-col--sm-first vce-col--md-first vce-col--lg-first vce-col--xl-first\" id=\"el-430ed70f\"><div class=\"vce-col-inner\" data-vce-do-apply=\"border margin background  el-430ed70f\"><div class=\"vce-col-content\" data-vce-element-content=\"true\" data-vce-do-apply=\"padding el-430ed70f\"><div class=\"vce-single-image-container vce-single-image--align-left\"><div class=\"vce vce-single-image-wrapper\" id=\"el-501d9187\" data-vce-do-apply=\"all el-501d9187\"><figure><div class=\"vce-single-image-inner vce-single-image--absolute\" style=\"padding-bottom: 65.6947%; width: 583px;\"><img loading=\"lazy\" decoding=\"async\" class=\"vce-single-image vcv-lozad\" data-src=\"https:\/\/advantagedentalchicago.com\/wp-content\/uploads\/2020\/06\/info-block-2.png\" width=\"583\" height=\"383\" src=\"\" data-img-src=\"https:\/\/advantagedentalchicago.com\/wp-content\/uploads\/2020\/06\/info-block-2.png\" alt=\"\" title=\"info-bloque-2\" \/><noscript>\n        <img loading=\"lazy\" decoding=\"async\" class=\"vce-single-image\" src=\"https:\/\/advantagedentalchicago.com\/wp-content\/uploads\/2020\/06\/info-block-2.png\" width=\"583\" height=\"383\" alt=\"\" title=\"info-bloque-2\" \/>\n      <\/noscript><\/div><figcaption hidden=\"\"><\/figcaption><\/figure><\/div><\/div><\/div><\/div><\/div><div class=\"vce-col vce-col--md-auto vce-col--xs-1 vce-col--xs-last vce-col--xs-first vce-col--sm-last vce-col--sm-first vce-col--md-last vce-col--lg-last vce-col--xl-last\" id=\"el-f7ed4db8\"><div class=\"vce-col-inner\" data-vce-do-apply=\"border margin background  el-f7ed4db8\"><div class=\"vce-col-content\" data-vce-element-content=\"true\" data-vce-do-apply=\"padding el-f7ed4db8\"><div class=\"vce-text-block\"><div class=\"vce-text-block-wrapper vce\" id=\"el-a9566d81\" data-vce-do-apply=\"all el-a9566d81\"><p>Nuestro equipo de dentistas l\u00edderes en Chicago se tomar\u00e1 el tiempo para explicar sus necesidades y responder cualquier pregunta para que pueda tomar una decisi\u00f3n informada sobre lo que es mejor para usted.<\/p><p>Aceptamos todos los seguros PPO, todos los Kids Medicaid y ofrecemos <a href=\"https:\/\/advantagedentalchicago.com\/es\/dentist-in-chicago-new-patient-special-offers\/\">descuentos<\/a> para aquellos sin cobertura<\/p><p>Nuestras oficinas est\u00e1n abiertas 6 d\u00edas a la semana. Llamada, correo electr\u00f3nico o <a href=\"https:\/\/advantagedentalchicago.com\/es\/schedule-an-appointment\/\">solicite una cita en l\u00ednea<\/a>.<\/p><\/div><\/div><\/div><\/div><\/div><\/div><\/div><\/div><div class=\"vce-row-container\"><div class=\"vce-row vce-element--has-background vce-row--col-gap-30 vce-row-no-paddings vce-row-content--top\" data-vce-full-width=\"true\" data-vce-stretch-content=\"true\" id=\"el-6c0237f8\" data-vce-do-apply=\"all el-6c0237f8\"><div class=\"vce-content-background-container\"><\/div><div class=\"vce-row-content\" data-vce-element-content=\"true\"><div class=\"vce-col vce-col--md-auto vce-col--xs-1 vce-col--xs-last vce-col--xs-first vce-col--sm-last vce-col--sm-first vce-col--md-last vce-col--lg-last vce-col--xl-last vce-col--md-first vce-col--lg-first vce-col--xl-first\" id=\"el-f061948b\"><div class=\"vce-col-inner\" data-vce-do-apply=\"border margin background  el-f061948b\"><div class=\"vce-col-content\" data-vce-element-content=\"true\" data-vce-do-apply=\"padding el-f061948b\"><div class=\"vce-text-block\"><div class=\"vce-text-block-wrapper vce\" id=\"el-9d7fce86\" data-vce-do-apply=\"all el-9d7fce86\"><p style=\"text-align: center; margin-bottom: 0px;\"><span style=\"color: #7a7a7a;\">En Advantage Dental Care ...<\/span><\/p>\n<h5 style=\"text-align: center;\">Nos esforzamos por brindar un tratamiento dental de la m\u00e1s alta calidad en Chicago, IL a tarifas razonables.<\/h5><\/div><\/div><div class=\"vce-button--style-basic-container vce-button--style-basic-container--align-center\"><span class=\"vce-button--style-basic-wrapper vce\" id=\"el-d0bd343a\" data-vce-do-apply=\"margin el-d0bd343a\"><a class=\"vce-button--style-basic vce-button--style-basic--border-round vce-button--style-basic--size-medium vce-button--style-basic--color-b-23-80-147--fff vce-button--style-basic--hover-color-b-12-51-72--fff\" href=\"https:\/\/advantagedentalchicago.com\/es\/schedule-an-appointment\/\" title=\"\" data-vce-do-apply=\"padding border background  el-d0bd343a\">AGENDAR UNA CITA DE TRABAJO<\/a><\/span><\/div><\/div><\/div><\/div><\/div><\/div><\/div>","protected":false},"excerpt":{"rendered":"<p>About UsAdvantage Dental Care strives to provide the highest quality dental treatment at reasonable fees. Our team of lead dentists in Chicago will take the the time to explain your needs and answer any questions so that you can make an informed decision about what\u2019s best for you.We accept all PPO insurances, all Kids Medicaid, [&hellip;]<\/p>\n","protected":false},"author":1,"featured_media":0,"parent":0,"menu_order":0,"comment_status":"closed","ping_status":"closed","template":"","meta":{"site-sidebar-layout":"default","site-content-layout":"default","ast-site-content-layout":"default","site-content-style":"default","site-sidebar-style":"default","ast-global-header-display":"","ast-banner-title-visibility":"","ast-main-header-display":"","ast-hfb-above-header-display":"","ast-hfb-below-header-display":"","ast-hfb-mobile-header-display":"","site-post-title":"disabled","ast-breadcrumbs-content":"","ast-featured-img":"","footer-sml-layout":"","ast-disable-related-posts":"","theme-transparent-header-meta":"default","adv-header-id-meta":"","stick-header-meta":"","header-above-stick-meta":"","header-main-stick-meta":"","header-below-stick-meta":"","astra-migrate-meta-layouts":"default","ast-page-background-enabled":"default","ast-page-background-meta":{"desktop":{"background-color":"","background-image":"","background-repeat":"repeat","background-position":"center center","background-size":"auto","background-attachment":"scroll","background-type":"","background-media":"","overlay-type":"","overlay-color":"","overlay-opacity":"","overlay-gradient":""},"tablet":{"background-color":"","background-image":"","background-repeat":"repeat","background-position":"center center","background-size":"auto","background-attachment":"scroll","background-type":"","background-media":"","overlay-type":"","overlay-color":"","overlay-opacity":"","overlay-gradient":""},"mobile":{"background-color":"","background-image":"","background-repeat":"repeat","background-position":"center center","background-size":"auto","background-attachment":"scroll","background-type":"","background-media":"","overlay-type":"","overlay-color":"","overlay-opacity":"","overlay-gradient":""}},"ast-content-background-meta":{"desktop":{"background-color":"var(--ast-global-color-5)","background-image":"","background-repeat":"repeat","background-position":"center center","background-size":"auto","background-attachment":"scroll","background-type":"","background-media":"","overlay-type":"","overlay-color":"","overlay-opacity":"","overlay-gradient":""},"tablet":{"background-color":"var(--ast-global-color-5)","background-image":"","background-repeat":"repeat","background-position":"center center","background-size":"auto","background-attachment":"scroll","background-type":"","background-media":"","overlay-type":"","overlay-color":"","overlay-opacity":"","overlay-gradient":""},"mobile":{"background-color":"var(--ast-global-color-5)","background-image":"","background-repeat":"repeat","background-position":"center center","background-size":"auto","background-attachment":"scroll","background-type":"","background-media":"","overlay-type":"","overlay-color":"","overlay-opacity":"","overlay-gradient":""}},"footnotes":""},"class_list":["post-282","page","type-page","status-publish","hentry"],"yoast_head":"<!-- This site is optimized with the Yoast SEO plugin v27.4 - https:\/\/yoast.com\/product\/yoast-seo-wordpress\/ -->\n<title>About Us - Advantage Dental Care<\/title>\n<meta name=\"robots\" content=\"noindex, follow, max-snippet:-1, max-image-preview:large, max-video-preview:-1\" \/>\n<meta property=\"og:locale\" content=\"es_MX\" \/>\n<meta property=\"og:type\" content=\"article\" \/>\n<meta property=\"og:title\" content=\"About Us - Advantage Dental Care\" \/>\n<meta property=\"og:description\" content=\"About UsAdvantage Dental Care strives to provide the highest quality dental treatment at reasonable fees. Our team of lead dentists in Chicago will take the the time to explain your needs and answer any questions so that you can make an informed decision about what\u2019s best for you.We accept all PPO insurances, all Kids Medicaid, [&hellip;]\" \/>\n<meta property=\"og:url\" content=\"http:\/\/0z6.f92.myftpupload.com\/about-us\/\" \/>\n<meta property=\"og:site_name\" content=\"Advantage Dental Care\" \/>\n<meta property=\"article:modified_time\" content=\"2021-09-22T12:20:31+00:00\" \/>\n<meta property=\"og:image\" content=\"http:\/\/0z6.f92.myftpupload.com\/wp-content\/uploads\/2020\/06\/info-block-2.png\" \/>\n<meta name=\"twitter:card\" content=\"summary_large_image\" \/>\n<meta name=\"twitter:label1\" content=\"Tiempo de lectura\" \/>\n\t<meta name=\"twitter:data1\" content=\"1 minuto\" \/>\n<script type=\"application\/ld+json\" class=\"yoast-schema-graph\">{\"@context\":\"https:\\\/\\\/schema.org\",\"@graph\":[{\"@type\":\"WebPage\",\"@id\":\"http:\\\/\\\/0z6.f92.myftpupload.com\\\/about-us\\\/\",\"url\":\"http:\\\/\\\/0z6.f92.myftpupload.com\\\/about-us\\\/\",\"name\":\"About Us - Advantage Dental Care\",\"isPartOf\":{\"@id\":\"http:\\\/\\\/0z6.f92.myftpupload.com\\\/#website\"},\"primaryImageOfPage\":{\"@id\":\"http:\\\/\\\/0z6.f92.myftpupload.com\\\/about-us\\\/#primaryimage\"},\"image\":{\"@id\":\"http:\\\/\\\/0z6.f92.myftpupload.com\\\/about-us\\\/#primaryimage\"},\"thumbnailUrl\":\"https:\\\/\\\/advantagedentalchicago.com\\\/wp-content\\\/uploads\\\/2020\\\/06\\\/info-block-2.png\",\"datePublished\":\"2020-06-18T12:36:54+00:00\",\"dateModified\":\"2021-09-22T12:20:31+00:00\",\"breadcrumb\":{\"@id\":\"http:\\\/\\\/0z6.f92.myftpupload.com\\\/about-us\\\/#breadcrumb\"},\"inLanguage\":\"es\",\"potentialAction\":[{\"@type\":\"ReadAction\",\"target\":[\"http:\\\/\\\/0z6.f92.myftpupload.com\\\/about-us\\\/\"]}]},{\"@type\":\"ImageObject\",\"inLanguage\":\"es\",\"@id\":\"http:\\\/\\\/0z6.f92.myftpupload.com\\\/about-us\\\/#primaryimage\",\"url\":\"https:\\\/\\\/advantagedentalchicago.com\\\/wp-content\\\/uploads\\\/2020\\\/06\\\/info-block-2.png\",\"contentUrl\":\"https:\\\/\\\/advantagedentalchicago.com\\\/wp-content\\\/uploads\\\/2020\\\/06\\\/info-block-2.png\"},{\"@type\":\"BreadcrumbList\",\"@id\":\"http:\\\/\\\/0z6.f92.myftpupload.com\\\/about-us\\\/#breadcrumb\",\"itemListElement\":[{\"@type\":\"ListItem\",\"position\":1,\"name\":\"Home\",\"item\":\"http:\\\/\\\/0z6.f92.myftpupload.com\\\/\"},{\"@type\":\"ListItem\",\"position\":2,\"name\":\"About Us\"}]},{\"@type\":\"WebSite\",\"@id\":\"http:\\\/\\\/0z6.f92.myftpupload.com\\\/#website\",\"url\":\"http:\\\/\\\/0z6.f92.myftpupload.com\\\/\",\"name\":\"Advantage Dental Care\",\"description\":\"Advantage Dental Care\",\"publisher\":{\"@id\":\"http:\\\/\\\/0z6.f92.myftpupload.com\\\/#organization\"},\"potentialAction\":[{\"@type\":\"SearchAction\",\"target\":{\"@type\":\"EntryPoint\",\"urlTemplate\":\"http:\\\/\\\/0z6.f92.myftpupload.com\\\/?s={search_term_string}\"},\"query-input\":{\"@type\":\"PropertyValueSpecification\",\"valueRequired\":true,\"valueName\":\"search_term_string\"}}],\"inLanguage\":\"es\"},{\"@type\":\"Organization\",\"@id\":\"http:\\\/\\\/0z6.f92.myftpupload.com\\\/#organization\",\"name\":\"Advantage Dental Care\",\"url\":\"http:\\\/\\\/0z6.f92.myftpupload.com\\\/\",\"logo\":{\"@type\":\"ImageObject\",\"inLanguage\":\"es\",\"@id\":\"http:\\\/\\\/0z6.f92.myftpupload.com\\\/#\\\/schema\\\/logo\\\/image\\\/\",\"url\":\"https:\\\/\\\/advantagedentalchicago.com\\\/wp-content\\\/uploads\\\/2020\\\/06\\\/cropped-ADC-logo-1.png\",\"contentUrl\":\"https:\\\/\\\/advantagedentalchicago.com\\\/wp-content\\\/uploads\\\/2020\\\/06\\\/cropped-ADC-logo-1.png\",\"width\":240,\"height\":60,\"caption\":\"Advantage Dental Care\"},\"image\":{\"@id\":\"http:\\\/\\\/0z6.f92.myftpupload.com\\\/#\\\/schema\\\/logo\\\/image\\\/\"}}]}<\/script>\n<!-- \/ Yoast SEO plugin. -->","yoast_head_json":{"title":"Acerca de nosotros - Advantage Dental Care","robots":{"index":"noindex","follow":"follow","max-snippet":"max-snippet:-1","max-image-preview":"max-image-preview:large","max-video-preview":"max-video-preview:-1"},"og_locale":"es_MX","og_type":"article","og_title":"About Us - Advantage Dental Care","og_description":"About UsAdvantage Dental Care strives to provide the highest quality dental treatment at reasonable fees. Our team of lead dentists in Chicago will take the the time to explain your needs and answer any questions so that you can make an informed decision about what\u2019s best for you.We accept all PPO insurances, all Kids Medicaid, [&hellip;]","og_url":"http:\/\/0z6.f92.myftpupload.com\/about-us\/","og_site_name":"Advantage Dental Care","article_modified_time":"2021-09-22T12:20:31+00:00","og_image":[{"url":"http:\/\/0z6.f92.myftpupload.com\/wp-content\/uploads\/2020\/06\/info-block-2.png","type":"","width":"","height":""}],"twitter_card":"summary_large_image","twitter_misc":{"Tiempo de lectura":"1 minuto"},"schema":{"@context":"https:\/\/schema.org","@graph":[{"@type":"WebPage","@id":"http:\/\/0z6.f92.myftpupload.com\/about-us\/","url":"http:\/\/0z6.f92.myftpupload.com\/about-us\/","name":"Acerca de nosotros - Advantage Dental Care","isPartOf":{"@id":"http:\/\/0z6.f92.myftpupload.com\/#website"},"primaryImageOfPage":{"@id":"http:\/\/0z6.f92.myftpupload.com\/about-us\/#primaryimage"},"image":{"@id":"http:\/\/0z6.f92.myftpupload.com\/about-us\/#primaryimage"},"thumbnailUrl":"https:\/\/advantagedentalchicago.com\/wp-content\/uploads\/2020\/06\/info-block-2.png","datePublished":"2020-06-18T12:36:54+00:00","dateModified":"2021-09-22T12:20:31+00:00","breadcrumb":{"@id":"http:\/\/0z6.f92.myftpupload.com\/about-us\/#breadcrumb"},"inLanguage":"es","potentialAction":[{"@type":"ReadAction","target":["http:\/\/0z6.f92.myftpupload.com\/about-us\/"]}]},{"@type":"ImageObject","inLanguage":"es","@id":"http:\/\/0z6.f92.myftpupload.com\/about-us\/#primaryimage","url":"https:\/\/advantagedentalchicago.com\/wp-content\/uploads\/2020\/06\/info-block-2.png","contentUrl":"https:\/\/advantagedentalchicago.com\/wp-content\/uploads\/2020\/06\/info-block-2.png"},{"@type":"BreadcrumbList","@id":"http:\/\/0z6.f92.myftpupload.com\/about-us\/#breadcrumb","itemListElement":[{"@type":"ListItem","position":1,"name":"Home","item":"http:\/\/0z6.f92.myftpupload.com\/"},{"@type":"ListItem","position":2,"name":"About Us"}]},{"@type":"WebSite","@id":"http:\/\/0z6.f92.myftpupload.com\/#website","url":"http:\/\/0z6.f92.myftpupload.com\/","name":"Ventaja de cuidado dental","description":"Ventaja de cuidado dental","publisher":{"@id":"http:\/\/0z6.f92.myftpupload.com\/#organization"},"potentialAction":[{"@type":"SearchAction","target":{"@type":"EntryPoint","urlTemplate":"http:\/\/0z6.f92.myftpupload.com\/?s={search_term_string}"},"query-input":{"@type":"PropertyValueSpecification","valueRequired":true,"valueName":"search_term_string"}}],"inLanguage":"es"},{"@type":"Organization","@id":"http:\/\/0z6.f92.myftpupload.com\/#organization","name":"Ventaja de cuidado dental","url":"http:\/\/0z6.f92.myftpupload.com\/","logo":{"@type":"ImageObject","inLanguage":"es","@id":"http:\/\/0z6.f92.myftpupload.com\/#\/schema\/logo\/image\/","url":"https:\/\/advantagedentalchicago.com\/wp-content\/uploads\/2020\/06\/cropped-ADC-logo-1.png","contentUrl":"https:\/\/advantagedentalchicago.com\/wp-content\/uploads\/2020\/06\/cropped-ADC-logo-1.png","width":240,"height":60,"caption":"Advantage Dental Care"},"image":{"@id":"http:\/\/0z6.f92.myftpupload.com\/#\/schema\/logo\/image\/"}}]}},"_links":{"self":[{"href":"https:\/\/advantagedentalchicago.com\/es\/wp-json\/wp\/v2\/pages\/282","targetHints":{"allow":["GET"]}}],"collection":[{"href":"https:\/\/advantagedentalchicago.com\/es\/wp-json\/wp\/v2\/pages"}],"about":[{"href":"https:\/\/advantagedentalchicago.com\/es\/wp-json\/wp\/v2\/types\/page"}],"author":[{"embeddable":true,"href":"https:\/\/advantagedentalchicago.com\/es\/wp-json\/wp\/v2\/users\/1"}],"replies":[{"embeddable":true,"href":"https:\/\/advantagedentalchicago.com\/es\/wp-json\/wp\/v2\/comments?post=282"}],"version-history":[{"count":8,"href":"https:\/\/advantagedentalchicago.com\/es\/wp-json\/wp\/v2\/pages\/282\/revisions"}],"predecessor-version":[{"id":598,"href":"https:\/\/advantagedentalchicago.com\/es\/wp-json\/wp\/v2\/pages\/282\/revisions\/598"}],"wp:attachment":[{"href":"https:\/\/advantagedentalchicago.com\/es\/wp-json\/wp\/v2\/media?parent=282"}],"curies":[{"name":"gracias","href":"https:\/\/api.w.org\/{rel}","templated":true}]}}